{"id":774252,"date":"2025-08-28T16:45:29","date_gmt":"2025-08-28T13:45:29","guid":{"rendered":"https:\/\/roveyayinevi.com.tr\/index.php\/urun\/kemalizmi-anladik-mi\/"},"modified":"2026-04-15T03:41:40","modified_gmt":"2026-04-15T00:41:40","slug":"kemalizmi-anladik-mi","status":"publish","type":"product","link":"https:\/\/roveyayinevi.com.tr\/index.php\/urun\/kemalizmi-anladik-mi\/","title":{"rendered":"Kemalizmi Anlad\u0131k m\u0131?"},"content":{"rendered":"<p>Bu kitap belli bir y\u00f6ntemi izleyerek haz\u0131rlanm\u0131\u015ft\u0131r. Kemalizm\u2019in k\u00f6kensel ve evrensel bir ideoloji oldu\u011funu ortaya  koymaktad\u0131r. D\u00fcnya devrimlerinin asla ortalamas\u0131 veya \u00f6zeti olmad\u0131\u011f\u0131n\u0131 tarihsel olarak sunmakta ve sizleri bu ak\u0131\u015f\u0131n yolculu\u011funa davet etmektedir. Vermi\u015f oldu\u011fu bilgiler ile Atat\u00fcrk\u00e7\u00fcl\u00fck maskesi takanlar\u0131, Atat\u00fcrk\u00e7\u00fcl\u00fc\u011f\u00fc bat\u0131c\u0131 g\u00f6steren ak\u0131mlar\u0131 a\u011f\u0131r bir dille  ele\u015ftirmektedir. G\u00fcn\u00fcm\u00fcz siyasi olaylar\u0131na da odaklanarak, yak\u0131n d\u00f6nem tart\u0131\u015fmalar\u0131 ve olaylar\u0131n\u0131 de\u011ferlendirmektedir. Ulusalc\u0131 &#8211; Devrimci kayna\u015fmas\u0131n\u0131 g\u00f6zlemlemekte ve \u00e7\u00f6z\u00fcm \u00f6nerileri getirmektedir. Sonu\u00e7 olarak T\u00fcrk siyasetinin Kemalizm\u2019i, bir ideoloji olarak de\u011ferlendirerek \u0130ktidar \u0130deolojisi haline getirmesi y\u00f6n\u00fcnde talepkar davran\u0131rken, ge\u00e7mi\u015fte ve \u015fimdi bu ideolojiyi benimsedi\u011fini iddia eden ki\u015fi ve kurumlar\u0131n yapt\u0131\u011f\u0131  hatalar\u0131 da b\u00fct\u00fcn a\u00e7\u0131kl\u0131\u011f\u0131 ile g\u00f6zler \u00f6n\u00fcne sermektedir. <\/p>\n","protected":false},"excerpt":{"rendered":"<p>Bu kitap belli bir y\u00f6ntemi izleyerek haz\u0131rlanm\u0131\u015ft\u0131r. Kemalizm\u2019in k\u00f6kensel ve evrensel bir ideoloji oldu\u011funu ortaya koymaktad\u0131r. D\u00fcnya devrimlerinin asla ortalamas\u0131 veya \u00f6zeti olmad\u0131\u011f\u0131n\u0131 tarihsel olarak sunmakta<span class=\"excerpt-hellip\"> [\u2026]<\/span><\/p>\n","protected":false},"featured_media":0,"template":"","meta":{"_monsterinsights_skip_tracking":false,"_monsterinsights_sitenote_active":false,"_monsterinsights_sitenote_note":"","_monsterinsights_sitenote_category":0},"product_brand":[],"product_cat":[12304],"product_tag":[],"class_list":{"0":"post-774252","1":"product","2":"type-product","3":"status-publish","5":"product_cat-tarih","6":"pa_cilt-ciltsiz","7":"pa_tur-kitap","8":"pa_yayinevi-kalyora-yayincilik","9":"pa_yazar-cagin-kuru","11":"first","12":"instock","13":"sale","14":"shipping-taxable","15":"purchasable","16":"product-type-simple"},"_links":{"self":[{"href":"https:\/\/roveyayinevi.com.tr\/index.php\/wp-json\/wp\/v2\/product\/774252","targetHints":{"allow":["GET"]}}],"collection":[{"href":"https:\/\/roveyayinevi.com.tr\/index.php\/wp-json\/wp\/v2\/product"}],"about":[{"href":"https:\/\/roveyayinevi.com.tr\/index.php\/wp-json\/wp\/v2\/types\/product"}],"wp:attachment":[{"href":"https:\/\/roveyayinevi.com.tr\/index.php\/wp-json\/wp\/v2\/media?parent=774252"}],"wp:term":[{"taxonomy":"product_brand","embeddable":true,"href":"https:\/\/roveyayinevi.com.tr\/index.php\/wp-json\/wp\/v2\/product_brand?post=774252"},{"taxonomy":"product_cat","embeddable":true,"href":"https:\/\/roveyayinevi.com.tr\/index.php\/wp-json\/wp\/v2\/product_cat?post=774252"},{"taxonomy":"product_tag","embeddable":true,"href":"https:\/\/roveyayinevi.com.tr\/index.php\/wp-json\/wp\/v2\/product_tag?post=774252"}],"curies":[{"name":"wp","href":"https:\/\/api.w.org\/{rel}","templated":true}]}}