{"id":774251,"date":"2025-08-28T16:45:27","date_gmt":"2025-08-28T13:45:27","guid":{"rendered":"https:\/\/roveyayinevi.com.tr\/index.php\/urun\/kalpten-kozmosa-torus-nefesi\/"},"modified":"2026-04-11T14:44:33","modified_gmt":"2026-04-11T11:44:33","slug":"kalpten-kozmosa-torus-nefesi","status":"publish","type":"product","link":"https:\/\/roveyayinevi.com.tr\/index.php\/urun\/kalpten-kozmosa-torus-nefesi\/","title":{"rendered":"Kalpten Kozmosa: Torus Nefesi"},"content":{"rendered":"<p>Her nefes, evrenle kurdu\u011fumuz en kadim ba\u011f\u0131 temsil eder. Peki ya bu nefes, ayn\u0131 zamanda sizi kendi i\u00e7sel evreninizin merkezine g\u00f6t\u00fcrebilecek bir ge\u00e7itse? Nesrin Daba\u011flar, Torus Nefesi kitab\u0131nda; insan bedeninde kalpten yay\u0131lan toroidal enerji alan\u0131n\u0131 harekete ge\u00e7irebilecek \u00f6zel bir nefesi bize sunuyor. Bu nefes, yaln\u0131zca bedensel bir ritim de\u011fil; ayn\u0131 zamanda ruhun evrensel titre\u015fimiyle uyumlanma prati\u011fidir. Her varl\u0131k, merkezinden evrene do\u011fru geni\u015fleyen bir spiral ta\u015f\u0131r i\u00e7inde. Ve her spiral, kayna\u011fa d\u00f6nmenin gizli \u00e7a\u011fr\u0131s\u0131n\u0131 f\u0131s\u0131ldar. Bu kitap: okuyucusunu kalpten yay\u0131lan spiral bir d\u00f6n\u00fc\u015f\u00fcm yolculu\u011funa davet ediyor. Kadim bilgelik ile modern fark\u0131ndal\u0131k aras\u0131nda bir k\u00f6pr\u00fc olan bu nefes \u00e7al\u0131\u015fmas\u0131, varl\u0131\u011f\u0131n\u0131z\u0131 bir enstr\u00fcman haline getiriyor. Hem teknik hem de sezgisel yan\u0131yla benli\u011fin ve bilincin i\u00e7sel titre\u015fimini y\u00fckseltmesine destek oluyor. Torus nefesi; yaln\u0131zca bir ya\u015fam fonksiyonu de\u011fil, kalbin kozmik kap\u0131s\u0131n\u0131 a\u00e7an bir anahtard\u0131r. Torus Nefesinin gizemli geometrisiyle, insan\u0131n i\u00e7 \u00e2lemi ile evrensel bilin\u00e7 aras\u0131ndaki t\u00fcnel g\u00f6r\u00fcn\u00fcr hale geliyor.          Torus yaln\u0131zca bir \u015fekil de\u011fil, yarat\u0131m\u0131n da formudur. Onun ritmi hem atomda hem galakside atar. Bu kitaptaki Torus nefesi bilgisi, sizi o ritme yakla\u015ft\u0131r\u0131r; sizi kendi merkezinizde bulu\u015fturur. E\u011fer ya\u015fam\u0131n \u00f6tesinde bir ak\u0131\u015f\u0131, zaman\u0131n \u00f6tesinde bir bilgeli\u011fi ar\u0131yorsan\u0131z bu kitap sizi kendi torus \u0131\u015f\u0131k alan\u0131n\u0131z\u0131n merkezine \u00e7a\u011f\u0131r\u0131yor. <\/p>\n","protected":false},"excerpt":{"rendered":"<p>Her nefes, evrenle kurdu\u011fumuz en kadim ba\u011f\u0131 temsil eder. Peki ya bu nefes, ayn\u0131 zamanda sizi kendi i\u00e7sel evreninizin merkezine g\u00f6t\u00fcrebilecek bir ge\u00e7itse? Nesrin Daba\u011flar, Torus<span class=\"excerpt-hellip\"> [\u2026]<\/span><\/p>\n","protected":false},"featured_media":0,"template":"","meta":{"_monsterinsights_skip_tracking":false,"_monsterinsights_sitenote_active":false,"_monsterinsights_sitenote_note":"","_monsterinsights_sitenote_category":0},"product_brand":[],"product_cat":[12364,12376],"product_tag":[],"class_list":{"0":"post-774251","1":"product","2":"type-product","3":"status-publish","5":"product_cat-genel-konular","6":"product_cat-kisisel-gelisim","7":"pa_cilt-ciltsiz","8":"pa_tur-kitap","9":"pa_yayinevi-kalyora-yayincilik","10":"pa_yazar-fusun-nesrin-dabaglar","12":"first","13":"instock","14":"sale","15":"shipping-taxable","16":"purchasable","17":"product-type-simple"},"_links":{"self":[{"href":"https:\/\/roveyayinevi.com.tr\/index.php\/wp-json\/wp\/v2\/product\/774251","targetHints":{"allow":["GET"]}}],"collection":[{"href":"https:\/\/roveyayinevi.com.tr\/index.php\/wp-json\/wp\/v2\/product"}],"about":[{"href":"https:\/\/roveyayinevi.com.tr\/index.php\/wp-json\/wp\/v2\/types\/product"}],"wp:attachment":[{"href":"https:\/\/roveyayinevi.com.tr\/index.php\/wp-json\/wp\/v2\/media?parent=774251"}],"wp:term":[{"taxonomy":"product_brand","embeddable":true,"href":"https:\/\/roveyayinevi.com.tr\/index.php\/wp-json\/wp\/v2\/product_brand?post=774251"},{"taxonomy":"product_cat","embeddable":true,"href":"https:\/\/roveyayinevi.com.tr\/index.php\/wp-json\/wp\/v2\/product_cat?post=774251"},{"taxonomy":"product_tag","embeddable":true,"href":"https:\/\/roveyayinevi.com.tr\/index.php\/wp-json\/wp\/v2\/product_tag?post=774251"}],"curies":[{"name":"wp","href":"https:\/\/api.w.org\/{rel}","templated":true}]}}