{"id":774246,"date":"2025-08-28T16:45:20","date_gmt":"2025-08-28T13:45:20","guid":{"rendered":"https:\/\/roveyayinevi.com.tr\/index.php\/urun\/ugultulu-hayallerin-pesinde-ki-cocuk-imkansiz-ask\/"},"modified":"2026-04-15T03:41:40","modified_gmt":"2026-04-15T00:41:40","slug":"ugultulu-hayallerin-pesinde-ki-cocuk-imkansiz-ask","status":"publish","type":"product","link":"https:\/\/roveyayinevi.com.tr\/index.php\/urun\/ugultulu-hayallerin-pesinde-ki-cocuk-imkansiz-ask\/","title":{"rendered":"U\u011fultulu Hayallerin Pe\u015finde ki \u00c7ocuk &#8221;\u0130mkans\u0131z A\u015fk&#8221;"},"content":{"rendered":"<p>U\u011fultulu hayallerin pe\u015finde b\u00fcy\u00fcyen bir \u00e7ocuk&#8230; Ve her dizede biraz daha eksilen bir a\u015fk\u0131n yank\u0131s\u0131&#8230; Bu kitap, \u00e7ocuklu\u011fun tenhalar\u0131ndan imk\u00e2ns\u0131z a\u015fk\u0131n k\u00f6r \u00e7\u0131kmazlar\u0131na uzanan \u015fiirsel bir yolculuk. Zaman zaman bir yaln\u0131zl\u0131k f\u0131s\u0131lt\u0131s\u0131, bazen bir g\u00fcl\u00fc\u015f\u00fcn g\u00f6lgesi&#8230; Her \u015fiir, i\u00e7imizde bir yerleri kanatan ama bir o kadar da umutla sar\u0131p sarmalayan o k\u0131r\u0131lgan hayalin izini s\u00fcr\u00fcyor. Arzu Candan S\u00fcrmen\u2019in kaleminden s\u00fcz\u00fclen bu dizeler, sadece bir a\u015fk\u0131 de\u011fil; unutulmu\u015f oyunlar\u0131, suskun kalm\u0131\u015f a\u015fklar\u0131, eksik kalan c\u00fcmleleri de anlat\u0131yor. Belki de en \u00e7ok, hi\u00e7 ger\u00e7ekle\u015fmeyecek bir bulu\u015fman\u0131n hasretini\u2026 Bu kitap, u\u011fultulu bir kalbin en derin yerinde saklad\u0131\u011f\u0131 o \u00e7ocu\u011fa sesleniyor. Ve onunla birlikte hepimize\u2026 <\/p>\n","protected":false},"excerpt":{"rendered":"<p>U\u011fultulu hayallerin pe\u015finde b\u00fcy\u00fcyen bir \u00e7ocuk&#8230; Ve her dizede biraz daha eksilen bir a\u015fk\u0131n yank\u0131s\u0131&#8230; Bu kitap, \u00e7ocuklu\u011fun tenhalar\u0131ndan imk\u00e2ns\u0131z a\u015fk\u0131n k\u00f6r \u00e7\u0131kmazlar\u0131na uzanan \u015fiirsel bir<span class=\"excerpt-hellip\"> [\u2026]<\/span><\/p>\n","protected":false},"featured_media":0,"template":"","meta":{"_monsterinsights_skip_tracking":false,"_monsterinsights_sitenote_active":false,"_monsterinsights_sitenote_note":"","_monsterinsights_sitenote_category":0},"product_brand":[],"product_cat":[12291,12509],"product_tag":[],"class_list":{"0":"post-774246","1":"product","2":"type-product","3":"status-publish","5":"product_cat-edebiyat","6":"product_cat-siir","7":"pa_cilt-ciltsiz","8":"pa_tur-kitap","9":"pa_yayinevi-kalyora-yayincilik","10":"pa_yazar-arzu-candan-surmen","12":"first","13":"instock","14":"sale","15":"shipping-taxable","16":"purchasable","17":"product-type-simple"},"_links":{"self":[{"href":"https:\/\/roveyayinevi.com.tr\/index.php\/wp-json\/wp\/v2\/product\/774246","targetHints":{"allow":["GET"]}}],"collection":[{"href":"https:\/\/roveyayinevi.com.tr\/index.php\/wp-json\/wp\/v2\/product"}],"about":[{"href":"https:\/\/roveyayinevi.com.tr\/index.php\/wp-json\/wp\/v2\/types\/product"}],"wp:attachment":[{"href":"https:\/\/roveyayinevi.com.tr\/index.php\/wp-json\/wp\/v2\/media?parent=774246"}],"wp:term":[{"taxonomy":"product_brand","embeddable":true,"href":"https:\/\/roveyayinevi.com.tr\/index.php\/wp-json\/wp\/v2\/product_brand?post=774246"},{"taxonomy":"product_cat","embeddable":true,"href":"https:\/\/roveyayinevi.com.tr\/index.php\/wp-json\/wp\/v2\/product_cat?post=774246"},{"taxonomy":"product_tag","embeddable":true,"href":"https:\/\/roveyayinevi.com.tr\/index.php\/wp-json\/wp\/v2\/product_tag?post=774246"}],"curies":[{"name":"wp","href":"https:\/\/api.w.org\/{rel}","templated":true}]}}