{"id":774244,"date":"2025-08-28T16:45:17","date_gmt":"2025-08-28T13:45:17","guid":{"rendered":"https:\/\/roveyayinevi.com.tr\/index.php\/urun\/miranin-aynasi-olumle-randevu\/"},"modified":"2026-04-13T03:36:47","modified_gmt":"2026-04-13T00:36:47","slug":"miranin-aynasi-olumle-randevu","status":"publish","type":"product","link":"https:\/\/roveyayinevi.com.tr\/index.php\/urun\/miranin-aynasi-olumle-randevu\/","title":{"rendered":"Mira&#8217;n\u0131n Aynas\u0131 \u00d6l\u00fcmle Randevu"},"content":{"rendered":"<p>&#8220;Her insan\u0131n bir \u2018\u00e7ifti\u2019 vard\u0131r: G\u00f6r\u00fcnmeyen, ama hissedilen; uykuda konu\u015fan, r\u00fcyada y\u00fcr\u00fcyen bir ba\u015fka benlik\u2026\u201d Ve her ruh, d\u00fcnyaya iki nefesle gelir: Biri ya\u015fam\u0131 s\u00fcrd\u00fcren bedenin nefesi, di\u011feri ise \u201c\u00e7ift\u201din nefesi\u2026 G\u00f6r\u00fcnmeyenin sesiyle hat\u0131rlatan, r\u00fcya yoluyla \u00e7a\u011f\u0131ran i\u00e7sel benlik\u2026 Kitab\u0131n kahraman\u0131; Maye Mira, g\u00f6r\u00fcnmeyenle konu\u015fan, zaman\u0131n d\u0131\u015f\u0131nda nefes alan bir karakterdir. Onun rehberli\u011finde, \u201c\u00e7iftimiz\u201d olarak adland\u0131r\u0131lan r\u00fcya benli\u011fimizden bilgi al\u0131yoruz. Bu \u00e7ift; sadece ge\u00e7mi\u015fin izlerini de\u011fil, ayn\u0131 zamanda gelece\u011fin olas\u0131l\u0131klar\u0131n\u0131 da ta\u015f\u0131r. Ve onunla kurdu\u011fumuz ba\u011f, ya\u015fam\u0131m\u0131z\u0131n derin anlam\u0131na a\u00e7\u0131lan kap\u0131n\u0131n anahtar\u0131d\u0131r. E\u011fer geceleri uyumakta de\u011fil, uyanmakta oldu\u011funu hissediyorsan\u2026 E\u011fer i\u00e7indeki sesi bast\u0131ram\u0131yor, r\u00fcyan\u0131n sana bir \u015fey anlatmaya \u00e7al\u0131\u015ft\u0131\u011f\u0131n\u0131 biliyorsan\u2026 Bu kitap seninle konu\u015facak. Kadim Toltek bilgeli\u011finden ve \u015famanik \u00f6\u011fretilerden s\u00fcz\u00fclen bu bilgiler, okuru i\u00e7sel bir uyan\u0131\u015fa, r\u00fcya ile bilin\u00e7 aras\u0131nda bir k\u00f6pr\u00fc kurmaya davet ediyor. Ve bu kitap; bir hat\u0131rlay\u0131\u015f, bir rit\u00fcel, bir ge\u00e7it oluyor\u2026 E\u011fer r\u00fcyalar\u0131nda bir ba\u015fka sen y\u00fcr\u00fcyorsa, G\u00fcnd\u00fcz d\u00fc\u015flerin seni bir yerlere \u00e7a\u011f\u0131r\u0131yorsa, Ve kalbin, g\u00f6r\u00fcnmeyenle yeniden ba\u011f kurmak istiyorsa; Bu kitap sana &#8220;\u00e7iftin nefesi&#8221;yle e\u015flik edecek. <\/p>\n","protected":false},"excerpt":{"rendered":"<p>&#8220;Her insan\u0131n bir \u2018\u00e7ifti\u2019 vard\u0131r: G\u00f6r\u00fcnmeyen, ama hissedilen; uykuda konu\u015fan, r\u00fcyada y\u00fcr\u00fcyen bir ba\u015fka benlik\u2026\u201d Ve her ruh, d\u00fcnyaya iki nefesle gelir: Biri ya\u015fam\u0131 s\u00fcrd\u00fcren bedenin<span class=\"excerpt-hellip\"> [\u2026]<\/span><\/p>\n","protected":false},"featured_media":0,"template":"","meta":{"_monsterinsights_skip_tracking":false,"_monsterinsights_sitenote_active":false,"_monsterinsights_sitenote_note":"","_monsterinsights_sitenote_category":0},"product_brand":[],"product_cat":[12364,12376],"product_tag":[],"class_list":{"0":"post-774244","1":"product","2":"type-product","3":"status-publish","5":"product_cat-genel-konular","6":"product_cat-kisisel-gelisim","7":"pa_cilt-ciltsiz","8":"pa_tur-kitap","9":"pa_yayinevi-kalyora-yayincilik","10":"pa_yazar-fusun-nesrin-dabaglar","12":"first","13":"instock","14":"sale","15":"shipping-taxable","16":"purchasable","17":"product-type-simple"},"_links":{"self":[{"href":"https:\/\/roveyayinevi.com.tr\/index.php\/wp-json\/wp\/v2\/product\/774244","targetHints":{"allow":["GET"]}}],"collection":[{"href":"https:\/\/roveyayinevi.com.tr\/index.php\/wp-json\/wp\/v2\/product"}],"about":[{"href":"https:\/\/roveyayinevi.com.tr\/index.php\/wp-json\/wp\/v2\/types\/product"}],"wp:attachment":[{"href":"https:\/\/roveyayinevi.com.tr\/index.php\/wp-json\/wp\/v2\/media?parent=774244"}],"wp:term":[{"taxonomy":"product_brand","embeddable":true,"href":"https:\/\/roveyayinevi.com.tr\/index.php\/wp-json\/wp\/v2\/product_brand?post=774244"},{"taxonomy":"product_cat","embeddable":true,"href":"https:\/\/roveyayinevi.com.tr\/index.php\/wp-json\/wp\/v2\/product_cat?post=774244"},{"taxonomy":"product_tag","embeddable":true,"href":"https:\/\/roveyayinevi.com.tr\/index.php\/wp-json\/wp\/v2\/product_tag?post=774244"}],"curies":[{"name":"wp","href":"https:\/\/api.w.org\/{rel}","templated":true}]}}