{"id":774239,"date":"2025-08-28T16:45:08","date_gmt":"2025-08-28T13:45:08","guid":{"rendered":"https:\/\/roveyayinevi.com.tr\/index.php\/urun\/gecmisten-gelecege-borsa\/"},"modified":"2026-04-15T03:41:39","modified_gmt":"2026-04-15T00:41:39","slug":"gecmisten-gelecege-borsa","status":"publish","type":"product","link":"https:\/\/roveyayinevi.com.tr\/index.php\/urun\/gecmisten-gelecege-borsa\/","title":{"rendered":"Ge\u00e7mi\u015ften Gelece\u011fe Borsa"},"content":{"rendered":"<p>Borsa, sadece yat\u0131r\u0131mc\u0131lar\u0131n hisse senetleri al\u0131p satt\u0131\u011f\u0131 bir piyasa de\u011fildir. O, bir ekonominin nabz\u0131n\u0131 tutan, finansal devrimlerin ba\u015flad\u0131\u011f\u0131, f\u0131rsatlar\u0131n ve risklerin \u015fekillendi\u011fi bir arenad\u0131r. &#8220;Ge\u00e7mi\u015ften Gelece\u011fe Borsa&#8221;, bu dinamik d\u00fcnyay\u0131 tarihsel bir perspektiften inceleyerek, borsalar\u0131n evrimini ve gelecekteki olas\u0131l\u0131klar\u0131n\u0131 ke\u015ffetmeye davet ediyor. Bu kitap, borsalar\u0131n sadece finansal ara\u00e7lar ve ticaret alanlar\u0131 olmad\u0131\u011f\u0131n\u0131, ayn\u0131 zamanda toplumsal, ekonomik ve k\u00fclt\u00fcrel yap\u0131lar\u0131 d\u00f6n\u00fc\u015ft\u00fcren g\u00fc\u00e7l\u00fc organizmalar oldu\u011funu g\u00f6zler \u00f6n\u00fcne seriyor. Ge\u00e7mi\u015fteki b\u00fcy\u00fck ekonomik krizlerin, borsalardaki d\u00f6n\u00fc\u015f\u00fcmlerin ve finansal yeniliklerin izini s\u00fcrerken, gelecekteki teknolojik geli\u015fmeler, dijitalle\u015fme ve k\u00fcreselle\u015fmenin borsalar\u0131 nas\u0131l d\u00f6n\u00fc\u015ft\u00fcrece\u011fine dair derinlemesine \u00f6ng\u00f6r\u00fcler sunuluyor. &#8220;Ge\u00e7mi\u015ften Gelece\u011fe Borsa&#8221;, yaln\u0131zca profesyonel yat\u0131r\u0131mc\u0131lar ve finansal uzmanlar i\u00e7in de\u011fil, borsa d\u00fcnyas\u0131na ilgi duyan herkes i\u00e7in yaz\u0131lm\u0131\u015f bir kaynakt\u0131r. Kitap, borsalar\u0131n ge\u00e7mi\u015fte nas\u0131l \u015fekillendi\u011fini anlaman\u0131z\u0131 sa\u011flarken, ayn\u0131 zamanda gelece\u011fin finansal d\u00fcnyas\u0131na dair kapsaml\u0131 bir bak\u0131\u015f a\u00e7\u0131s\u0131 sunuyor. Gelecekteki f\u0131rsatlar\u0131 ve potansiyel riskleri daha iyi analiz edebilmeniz i\u00e7in borsalar\u0131n evrimsel s\u00fcrecini ad\u0131m ad\u0131m takip edeceksiniz. Borsalar\u0131n bilinmeyen y\u00f6nlerini ke\u015ffetmek, ekonomik dinamikleri anlamak ve gelece\u011fe dair stratejik bir bak\u0131\u015f a\u00e7\u0131s\u0131 kazanmak i\u00e7in bu kitab\u0131 okumal\u0131s\u0131n\u0131z. Do\u00e7. Dr. Meltem KESK\u0130N <\/p>\n","protected":false},"excerpt":{"rendered":"<p>Borsa, sadece yat\u0131r\u0131mc\u0131lar\u0131n hisse senetleri al\u0131p satt\u0131\u011f\u0131 bir piyasa de\u011fildir. O, bir ekonominin nabz\u0131n\u0131 tutan, finansal devrimlerin ba\u015flad\u0131\u011f\u0131, f\u0131rsatlar\u0131n ve risklerin \u015fekillendi\u011fi bir arenad\u0131r. &#8220;Ge\u00e7mi\u015ften Gelece\u011fe<span class=\"excerpt-hellip\"> [\u2026]<\/span><\/p>\n","protected":false},"featured_media":0,"template":"","meta":{"_monsterinsights_skip_tracking":false,"_monsterinsights_sitenote_active":false,"_monsterinsights_sitenote_note":"","_monsterinsights_sitenote_category":0},"product_brand":[],"product_cat":[17249,13043],"product_tag":[],"class_list":{"0":"post-774239","1":"product","2":"type-product","3":"status-publish","5":"product_cat-borsa-finans","6":"product_cat-ekonomi","7":"pa_cilt-ciltsiz","8":"pa_tur-kitap","9":"pa_yayinevi-astana-yayinlari","10":"pa_yazar-meltem-keskin","12":"first","13":"instock","14":"sale","15":"shipping-taxable","16":"purchasable","17":"product-type-simple"},"_links":{"self":[{"href":"https:\/\/roveyayinevi.com.tr\/index.php\/wp-json\/wp\/v2\/product\/774239","targetHints":{"allow":["GET"]}}],"collection":[{"href":"https:\/\/roveyayinevi.com.tr\/index.php\/wp-json\/wp\/v2\/product"}],"about":[{"href":"https:\/\/roveyayinevi.com.tr\/index.php\/wp-json\/wp\/v2\/types\/product"}],"wp:attachment":[{"href":"https:\/\/roveyayinevi.com.tr\/index.php\/wp-json\/wp\/v2\/media?parent=774239"}],"wp:term":[{"taxonomy":"product_brand","embeddable":true,"href":"https:\/\/roveyayinevi.com.tr\/index.php\/wp-json\/wp\/v2\/product_brand?post=774239"},{"taxonomy":"product_cat","embeddable":true,"href":"https:\/\/roveyayinevi.com.tr\/index.php\/wp-json\/wp\/v2\/product_cat?post=774239"},{"taxonomy":"product_tag","embeddable":true,"href":"https:\/\/roveyayinevi.com.tr\/index.php\/wp-json\/wp\/v2\/product_tag?post=774239"}],"curies":[{"name":"wp","href":"https:\/\/api.w.org\/{rel}","templated":true}]}}