{"id":774238,"date":"2025-08-28T16:45:07","date_gmt":"2025-08-28T13:45:07","guid":{"rendered":"https:\/\/roveyayinevi.com.tr\/index.php\/urun\/kuantum-ile-mindful-yasam\/"},"modified":"2026-04-12T03:31:51","modified_gmt":"2026-04-12T00:31:51","slug":"kuantum-ile-mindful-yasam","status":"publish","type":"product","link":"https:\/\/roveyayinevi.com.tr\/index.php\/urun\/kuantum-ile-mindful-yasam\/","title":{"rendered":"Kuantum ile MINDFUL Ya\u015fam"},"content":{"rendered":"<p>Daha mutlu ve bilin\u00e7li ya\u015famak, Kendini sevmek, de\u011fer vermek, i\u00e7sel g\u00fcc\u00fcn\u00fcz\u00fc ke\u015ffetmek ves\u00fcrd\u00fcr\u00fclebilir bir d\u00f6n\u00fc\u015f\u00fcm ya\u015famak ister misiniz?Kendinizle, ili\u015fkilerinizle ve hayat\u0131n\u0131z\u0131n kontrol\u00fcn\u00fc ele alarak, daha fark\u0131nda, mutlu, dengeli vehuzurlu bir ya\u015fam i\u00e7in, kendi kararlar\u0131n\u0131z\u0131 bilin\u00e7li bir \u015fekilde al\u0131p, hayat\u0131n\u0131z\u0131 y\u00f6nlendirecek g\u00fcc\u00fchissedeceksiniz.\u201cKuantum ve Mindful Fark\u0131ndal\u0131k\u201d birle\u015fti\u011finde hayata bak\u0131\u015f a\u00e7\u0131n tamamen de\u011fi\u015fiyor.D\u00fc\u015f\u00fcncelerin, duygular\u0131n ve fark\u0131ndal\u0131\u011f\u0131n, ya\u015fad\u0131\u011f\u0131n d\u00fcnyay\u0131 \u015fekillendiriyor.Bu kitap, d\u00fc\u015f\u00fcnce g\u00fcc\u00fcn\u00fcn s\u0131n\u0131rlar\u0131n\u0131 a\u015fman\u0131, i\u00e7indeki mucizeyi ke\u015ffetmeni ve \u201cBilin\u00e7liFark\u0131ndal\u0131k\u201d ile ya\u015fam\u0131n\u0131 yeniden \u015fekillendirmeni sa\u011flayacakt\u0131r. E\u011fer zihninin g\u00fcc\u00fcn\u00fcke\u015ffetmek, fark\u0131ndal\u0131\u011f\u0131n\u0131 derinle\u015ftirmek ve evrenle uyum i\u00e7inde mutlu ya\u015famak istiyorsan\u0131z, bukitap tam da arad\u0131\u011f\u0131n\u0131z rehber olacakt\u0131r. \u201cMindful Kuantum\u201d bak\u0131\u015f a\u00e7\u0131s\u0131 ile AN\u2019\u0131n g\u00fcc\u00fcn\u00fcke\u015ffedecek ve bilin\u00e7li se\u00e7imlerle \u0130\u00e7sel de\u011fi\u015fimi ya\u015fayarak, hayat\u0131n mucizelerini nas\u0131lyaratabilece\u011fini ad\u0131m ad\u0131m \u00f6\u011freneceksiniz. \u00c7\u00fcnk\u00fc \u201cMucize Sensin ve her \u015fey FARKINDALIK\u201dla ba\u015flar! Kalpten Sevgiler. Nilg\u00fcn Kolgar\u2026.<\/p>\n","protected":false},"excerpt":{"rendered":"<p>Daha mutlu ve bilin\u00e7li ya\u015famak, Kendini sevmek, de\u011fer vermek, i\u00e7sel g\u00fcc\u00fcn\u00fcz\u00fc ke\u015ffetmek ves\u00fcrd\u00fcr\u00fclebilir bir d\u00f6n\u00fc\u015f\u00fcm ya\u015famak ister misiniz?Kendinizle, ili\u015fkilerinizle ve hayat\u0131n\u0131z\u0131n kontrol\u00fcn\u00fc ele alarak, daha fark\u0131nda,<span class=\"excerpt-hellip\"> [\u2026]<\/span><\/p>\n","protected":false},"featured_media":0,"template":"","meta":{"_monsterinsights_skip_tracking":false,"_monsterinsights_sitenote_active":false,"_monsterinsights_sitenote_note":"","_monsterinsights_sitenote_category":0},"product_brand":[],"product_cat":[12364,12376],"product_tag":[],"class_list":{"0":"post-774238","1":"product","2":"type-product","3":"status-publish","5":"product_cat-genel-konular","6":"product_cat-kisisel-gelisim","7":"pa_cilt-ciltsiz","8":"pa_tur-kitap","9":"pa_yayinevi-orphelya-yayinlari","10":"pa_yazar-nilgun-kolgar","12":"first","13":"instock","14":"sale","15":"shipping-taxable","16":"purchasable","17":"product-type-simple"},"_links":{"self":[{"href":"https:\/\/roveyayinevi.com.tr\/index.php\/wp-json\/wp\/v2\/product\/774238","targetHints":{"allow":["GET"]}}],"collection":[{"href":"https:\/\/roveyayinevi.com.tr\/index.php\/wp-json\/wp\/v2\/product"}],"about":[{"href":"https:\/\/roveyayinevi.com.tr\/index.php\/wp-json\/wp\/v2\/types\/product"}],"wp:attachment":[{"href":"https:\/\/roveyayinevi.com.tr\/index.php\/wp-json\/wp\/v2\/media?parent=774238"}],"wp:term":[{"taxonomy":"product_brand","embeddable":true,"href":"https:\/\/roveyayinevi.com.tr\/index.php\/wp-json\/wp\/v2\/product_brand?post=774238"},{"taxonomy":"product_cat","embeddable":true,"href":"https:\/\/roveyayinevi.com.tr\/index.php\/wp-json\/wp\/v2\/product_cat?post=774238"},{"taxonomy":"product_tag","embeddable":true,"href":"https:\/\/roveyayinevi.com.tr\/index.php\/wp-json\/wp\/v2\/product_tag?post=774238"}],"curies":[{"name":"wp","href":"https:\/\/api.w.org\/{rel}","templated":true}]}}