{"id":774228,"date":"2025-08-28T16:44:18","date_gmt":"2025-08-28T13:44:18","guid":{"rendered":"https:\/\/roveyayinevi.com.tr\/index.php\/urun\/baristiralim-sizi\/"},"modified":"2026-04-15T03:41:39","modified_gmt":"2026-04-15T00:41:39","slug":"baristiralim-sizi","status":"publish","type":"product","link":"https:\/\/roveyayinevi.com.tr\/index.php\/urun\/baristiralim-sizi\/","title":{"rendered":"Bar\u0131\u015ft\u0131ral\u0131m Sizi"},"content":{"rendered":"<p>\u201cAilemi par\u00e7alayan ki\u015fi olmamak i\u00e7in kendimi par\u00e7al\u0131yorum.\u201d   \u00c7iler \u0130lhan iki roman\u0131n ard\u0131ndan \u00f6yk\u00fcleriyle yeniden okur kar\u015f\u0131s\u0131nda. Bar\u0131\u015ft\u0131ral\u0131m Sizi, bir taraftan yazar\u0131n kalemiyle \u00f6zde\u015fle\u015fen ironik ve k\u0131vrak \u00fcslubunu ta\u015f\u0131yan, di\u011fer taraftan al\u0131\u015f\u0131lm\u0131\u015f \u00e7izgisinden farkl\u0131 yataklarda akan sekiz \u00f6yk\u00fcden olu\u015fuyor. Toplumsal meseleleri ve bireysel \u00e7\u00f6z\u00fclmeleri alternatif kurgular \u00fcreterek bu yeni ger\u00e7ekliklerin i\u00e7inde yorumlayan \u0130lhan, \u00e7a\u011f\u0131n yeni ara\u00e7lar\u0131n\u0131 da kullanarak, hem farkl\u0131 anlat\u0131m y\u00f6ntemlerini deniyor hem de zaman\u0131n ruhuna ayak uyduruyor.   Ru\u0308yamda sanki, bunu bildi\u011fimizden de\u011fil ama, daha da bilmedi\u011fimiz bamba\u015fka bir evrenin i\u00e7ine do\u011fmu\u015ftum. Sonsuz sarmal bi\u00e7iminde tasarlanm\u0131\u015f dikey bir evren. Ru\u0308yamda do\u011fdu\u011fumu g\u00f6rmu\u0308\u015ftu\u0308m, anne. Do\u011fuyorum ve bunun bir ru\u0308ya oldu\u011funun fark\u0131nday\u0131m. Sen yan\u0131mdas\u0131n, el eleyiz. Sonra birden elimi b\u0131rak\u0131veriyorsun ve ben kocaman bir kad\u0131n oluyorum. <\/p>\n","protected":false},"excerpt":{"rendered":"<p>\u201cAilemi par\u00e7alayan ki\u015fi olmamak i\u00e7in kendimi par\u00e7al\u0131yorum.\u201d \u00c7iler \u0130lhan iki roman\u0131n ard\u0131ndan \u00f6yk\u00fcleriyle yeniden okur kar\u015f\u0131s\u0131nda. Bar\u0131\u015ft\u0131ral\u0131m Sizi, bir taraftan yazar\u0131n kalemiyle \u00f6zde\u015fle\u015fen ironik ve k\u0131vrak<span class=\"excerpt-hellip\"> [\u2026]<\/span><\/p>\n","protected":false},"featured_media":0,"template":"","meta":{"_monsterinsights_skip_tracking":false,"_monsterinsights_sitenote_active":false,"_monsterinsights_sitenote_note":"","_monsterinsights_sitenote_category":0},"product_brand":[],"product_cat":[12291,12711],"product_tag":[],"class_list":{"0":"post-774228","1":"product","2":"type-product","3":"status-publish","5":"product_cat-edebiyat","6":"product_cat-roman-oyku","7":"pa_cilt-ciltsiz","8":"pa_tur-kitap","9":"pa_yayinevi-everest-yayinlari","10":"pa_yazar-ciler-ilhan","12":"first","13":"instock","14":"sale","15":"shipping-taxable","16":"purchasable","17":"product-type-simple"},"_links":{"self":[{"href":"https:\/\/roveyayinevi.com.tr\/index.php\/wp-json\/wp\/v2\/product\/774228","targetHints":{"allow":["GET"]}}],"collection":[{"href":"https:\/\/roveyayinevi.com.tr\/index.php\/wp-json\/wp\/v2\/product"}],"about":[{"href":"https:\/\/roveyayinevi.com.tr\/index.php\/wp-json\/wp\/v2\/types\/product"}],"wp:attachment":[{"href":"https:\/\/roveyayinevi.com.tr\/index.php\/wp-json\/wp\/v2\/media?parent=774228"}],"wp:term":[{"taxonomy":"product_brand","embeddable":true,"href":"https:\/\/roveyayinevi.com.tr\/index.php\/wp-json\/wp\/v2\/product_brand?post=774228"},{"taxonomy":"product_cat","embeddable":true,"href":"https:\/\/roveyayinevi.com.tr\/index.php\/wp-json\/wp\/v2\/product_cat?post=774228"},{"taxonomy":"product_tag","embeddable":true,"href":"https:\/\/roveyayinevi.com.tr\/index.php\/wp-json\/wp\/v2\/product_tag?post=774228"}],"curies":[{"name":"wp","href":"https:\/\/api.w.org\/{rel}","templated":true}]}}