{"id":774227,"date":"2025-08-28T16:44:16","date_gmt":"2025-08-28T13:44:16","guid":{"rendered":"https:\/\/roveyayinevi.com.tr\/index.php\/urun\/tenden-gomlek\/"},"modified":"2026-04-15T03:41:39","modified_gmt":"2026-04-15T00:41:39","slug":"tenden-gomlek","status":"publish","type":"product","link":"https:\/\/roveyayinevi.com.tr\/index.php\/urun\/tenden-gomlek\/","title":{"rendered":"Tenden G\u00f6mlek"},"content":{"rendered":"<p>\u00c7ocuklu\u011fumun k\u0131rm\u0131z\u0131 g\u00f6mle\u011fi yitti ninemin \u00f6rd\u00fc\u011f\u00fc \u00e7oraplar pembe miydi, mavi mi? ekin tarlalar\u0131na ya\u011fan ya\u011fmur s\u00f6ylese ilk s\u00f6zc\u00fck neydi yar\u0131m yamalak dudaklar\u0131mda? dilimi e\u011fe b\u00fcke \u00f6\u011frendim de \u015fimdi a\u011fz\u0131ma yabanc\u0131lar yerle\u015fti <\/p>\n","protected":false},"excerpt":{"rendered":"<p>\u00c7ocuklu\u011fumun k\u0131rm\u0131z\u0131 g\u00f6mle\u011fi yitti ninemin \u00f6rd\u00fc\u011f\u00fc \u00e7oraplar pembe miydi, mavi mi? ekin tarlalar\u0131na ya\u011fan ya\u011fmur s\u00f6ylese ilk s\u00f6zc\u00fck neydi yar\u0131m yamalak dudaklar\u0131mda? dilimi e\u011fe b\u00fcke \u00f6\u011frendim<span class=\"excerpt-hellip\"> [\u2026]<\/span><\/p>\n","protected":false},"featured_media":0,"template":"","meta":{"_monsterinsights_skip_tracking":false,"_monsterinsights_sitenote_active":false,"_monsterinsights_sitenote_note":"","_monsterinsights_sitenote_category":0},"product_brand":[],"product_cat":[12291,12509],"product_tag":[],"class_list":{"0":"post-774227","1":"product","2":"type-product","3":"status-publish","5":"product_cat-edebiyat","6":"product_cat-siir","7":"pa_cilt-ciltsiz","8":"pa_tur-kitap","9":"pa_yayinevi-everest-yayinlari","10":"pa_yazar-arife-kalender","12":"first","13":"instock","14":"sale","15":"shipping-taxable","16":"purchasable","17":"product-type-simple"},"_links":{"self":[{"href":"https:\/\/roveyayinevi.com.tr\/index.php\/wp-json\/wp\/v2\/product\/774227","targetHints":{"allow":["GET"]}}],"collection":[{"href":"https:\/\/roveyayinevi.com.tr\/index.php\/wp-json\/wp\/v2\/product"}],"about":[{"href":"https:\/\/roveyayinevi.com.tr\/index.php\/wp-json\/wp\/v2\/types\/product"}],"wp:attachment":[{"href":"https:\/\/roveyayinevi.com.tr\/index.php\/wp-json\/wp\/v2\/media?parent=774227"}],"wp:term":[{"taxonomy":"product_brand","embeddable":true,"href":"https:\/\/roveyayinevi.com.tr\/index.php\/wp-json\/wp\/v2\/product_brand?post=774227"},{"taxonomy":"product_cat","embeddable":true,"href":"https:\/\/roveyayinevi.com.tr\/index.php\/wp-json\/wp\/v2\/product_cat?post=774227"},{"taxonomy":"product_tag","embeddable":true,"href":"https:\/\/roveyayinevi.com.tr\/index.php\/wp-json\/wp\/v2\/product_tag?post=774227"}],"curies":[{"name":"wp","href":"https:\/\/api.w.org\/{rel}","templated":true}]}}