{"id":774225,"date":"2025-08-28T16:44:12","date_gmt":"2025-08-28T13:44:12","guid":{"rendered":"https:\/\/roveyayinevi.com.tr\/index.php\/urun\/coklu-zeka\/"},"modified":"2026-04-15T03:41:39","modified_gmt":"2026-04-15T00:41:39","slug":"coklu-zeka","status":"publish","type":"product","link":"https:\/\/roveyayinevi.com.tr\/index.php\/urun\/coklu-zeka\/","title":{"rendered":"\u00c7oklu  Zeka"},"content":{"rendered":"<p>Bili\u015fsel psikolog Howard Gardner\u2019\u0131n 1980\u2019lerde ortaya att\u0131\u011f\u0131 \u00e7oklu zek\u00e2 kuram\u0131 yayg\u0131n kabul g\u00f6rd\u00fc ve pek \u00e7ok alanda etkili oldu. O g\u00fcnden bu yana ba\u015fka kuramc\u0131lar, ara\u015ft\u0131rmac\u0131lar, uzmanlar, e\u011fitimciler, ebeveynler ve kurumlar \u00e7oklu zek\u00e2 kuram\u0131 ve \u00e7\u0131kar\u0131mlar\u0131 \u00fczerine d\u00fc\u015f\u00fcn\u00fcyor, \u00e7al\u0131\u015f\u0131yor, ondan faydalan\u0131yor. Gardner ilk ortaya konu\u015fundan bu yana hem kuramsal hem pratik sonu\u00e7lar\u0131n\u0131 ve uygulamalar\u0131n\u0131 izleyerek kuram\u0131 geli\u015ftirmeye devam ediyor. Bu kitapta da uzun y\u0131llara dayanan bilimsel \u00e7al\u0131\u015fmalardan ve uygulamalardan gelen yeni kan\u0131tlar ve yeni tart\u0131\u015fmalar sunuyor. Gardner bireysel farkl\u0131l\u0131klar\u0131 hesaba katan \u201c\u00e7o\u011fulcu bir zihin g\u00f6r\u00fc\u015f\u00fc\u201d savunuyor. \u00c7oklu zek\u00e2 kuram\u0131 sekiz t\u00fcr zek\u00e2 tan\u0131ml\u0131yor: mant\u0131ksal-matematiksel zek\u00e2, dilsel zek\u00e2, bedensel-kinestetik zek\u00e2, uzamsal zek\u00e2, m\u00fczik zek\u00e2s\u0131, ki\u015fileraras\u0131 zek\u00e2, kendine d\u00f6n\u00fck zek\u00e2 ve do\u011falc\u0131 zek\u00e2. Gardner i\u00e7in bu yaln\u0131zca bilimsel bir kuram de\u011fil; daha adil ve insanc\u0131l olan bu bak\u0131\u015f\u0131n ger\u00e7ek etkisinin e\u011fitimde ve \u00e7al\u0131\u015fma hayat\u0131nda g\u00f6r\u00fclebilece\u011fini ve g\u00f6r\u00fcld\u00fc\u011f\u00fcn\u00fc vurguluyor. Kuram\u0131n yarat\u0131c\u0131 uygulamalar\u0131n\u0131n e\u011fitimde herkesi kapsayan ger\u00e7ek bir anlamay\u0131 m\u00fcmk\u00fcn k\u0131labilece\u011fini, e\u011fitimin bunu hedeflemesi gerekti\u011fini anlat\u0131yor.<\/p>\n","protected":false},"excerpt":{"rendered":"<p>Bili\u015fsel psikolog Howard Gardner\u2019\u0131n 1980\u2019lerde ortaya att\u0131\u011f\u0131 \u00e7oklu zek\u00e2 kuram\u0131 yayg\u0131n kabul g\u00f6rd\u00fc ve pek \u00e7ok alanda etkili oldu. O g\u00fcnden bu yana ba\u015fka kuramc\u0131lar, ara\u015ft\u0131rmac\u0131lar,<span class=\"excerpt-hellip\"> [\u2026]<\/span><\/p>\n","protected":false},"featured_media":0,"template":"","meta":{"_monsterinsights_skip_tracking":false,"_monsterinsights_sitenote_active":false,"_monsterinsights_sitenote_note":"","_monsterinsights_sitenote_category":0},"product_brand":[],"product_cat":[12566],"product_tag":[],"class_list":{"0":"post-774225","1":"product","2":"type-product","3":"status-publish","5":"product_cat-egitim","6":"pa_cilt-ciltsiz","7":"pa_tur-kitap","8":"pa_yayinevi-alfa-yayinlari","9":"pa_yazar-howard-gardner","11":"first","12":"instock","13":"sale","14":"shipping-taxable","15":"purchasable","16":"product-type-simple"},"_links":{"self":[{"href":"https:\/\/roveyayinevi.com.tr\/index.php\/wp-json\/wp\/v2\/product\/774225","targetHints":{"allow":["GET"]}}],"collection":[{"href":"https:\/\/roveyayinevi.com.tr\/index.php\/wp-json\/wp\/v2\/product"}],"about":[{"href":"https:\/\/roveyayinevi.com.tr\/index.php\/wp-json\/wp\/v2\/types\/product"}],"wp:attachment":[{"href":"https:\/\/roveyayinevi.com.tr\/index.php\/wp-json\/wp\/v2\/media?parent=774225"}],"wp:term":[{"taxonomy":"product_brand","embeddable":true,"href":"https:\/\/roveyayinevi.com.tr\/index.php\/wp-json\/wp\/v2\/product_brand?post=774225"},{"taxonomy":"product_cat","embeddable":true,"href":"https:\/\/roveyayinevi.com.tr\/index.php\/wp-json\/wp\/v2\/product_cat?post=774225"},{"taxonomy":"product_tag","embeddable":true,"href":"https:\/\/roveyayinevi.com.tr\/index.php\/wp-json\/wp\/v2\/product_tag?post=774225"}],"curies":[{"name":"wp","href":"https:\/\/api.w.org\/{rel}","templated":true}]}}