{"id":774224,"date":"2025-08-28T16:44:10","date_gmt":"2025-08-28T13:44:10","guid":{"rendered":"https:\/\/roveyayinevi.com.tr\/index.php\/urun\/agustos-bocegi-ve-karinca\/"},"modified":"2026-04-15T03:41:39","modified_gmt":"2026-04-15T00:41:39","slug":"agustos-bocegi-ve-karinca","status":"publish","type":"product","link":"https:\/\/roveyayinevi.com.tr\/index.php\/urun\/agustos-bocegi-ve-karinca\/","title":{"rendered":"A\u011fustos B\u00f6ce\u011fi ve Kar\u0131nca"},"content":{"rendered":"<p>Hepimizin bildi\u011fi o hik\u00e2ye: A\u011fustos B\u00f6ce\u011fi ve Kar\u0131nca\u2026 Biri tembel, di\u011feri \u00e7al\u0131\u015fkan. Sonlar\u0131ysa yaln\u0131z ve h\u00fcz\u00fcnl\u00fc. Peki ya her \u015fey farkl\u0131 olsayd\u0131? Payla\u015fmay\u0131, dostlu\u011fu se\u00e7selerdi\u2026 Bu hik\u00e2ye bir arkada\u015fl\u0131k masal\u0131na d\u00f6n\u00fc\u015febilir miydi?   <\/p>\n","protected":false},"excerpt":{"rendered":"<p>Hepimizin bildi\u011fi o hik\u00e2ye: A\u011fustos B\u00f6ce\u011fi ve Kar\u0131nca\u2026 Biri tembel, di\u011feri \u00e7al\u0131\u015fkan. Sonlar\u0131ysa yaln\u0131z ve h\u00fcz\u00fcnl\u00fc. Peki ya her \u015fey farkl\u0131 olsayd\u0131? Payla\u015fmay\u0131, dostlu\u011fu se\u00e7selerdi\u2026 Bu<span class=\"excerpt-hellip\"> [\u2026]<\/span><\/p>\n","protected":false},"featured_media":0,"template":"","meta":{"_monsterinsights_skip_tracking":false,"_monsterinsights_sitenote_active":false,"_monsterinsights_sitenote_note":"","_monsterinsights_sitenote_category":0},"product_brand":[],"product_cat":[12274,12284],"product_tag":[],"class_list":{"0":"post-774224","1":"product","2":"type-product","3":"status-publish","5":"product_cat-cocuk-ve-genclik-kitaplari","6":"product_cat-hikayeler","7":"pa_cilt-ciltsiz","8":"pa_tur-kitap","9":"pa_yayinevi-buyulu-fener-yayinlari","10":"pa_yazar-lider-hepgenc","12":"first","13":"instock","14":"sale","15":"shipping-taxable","16":"purchasable","17":"product-type-simple"},"_links":{"self":[{"href":"https:\/\/roveyayinevi.com.tr\/index.php\/wp-json\/wp\/v2\/product\/774224","targetHints":{"allow":["GET"]}}],"collection":[{"href":"https:\/\/roveyayinevi.com.tr\/index.php\/wp-json\/wp\/v2\/product"}],"about":[{"href":"https:\/\/roveyayinevi.com.tr\/index.php\/wp-json\/wp\/v2\/types\/product"}],"wp:attachment":[{"href":"https:\/\/roveyayinevi.com.tr\/index.php\/wp-json\/wp\/v2\/media?parent=774224"}],"wp:term":[{"taxonomy":"product_brand","embeddable":true,"href":"https:\/\/roveyayinevi.com.tr\/index.php\/wp-json\/wp\/v2\/product_brand?post=774224"},{"taxonomy":"product_cat","embeddable":true,"href":"https:\/\/roveyayinevi.com.tr\/index.php\/wp-json\/wp\/v2\/product_cat?post=774224"},{"taxonomy":"product_tag","embeddable":true,"href":"https:\/\/roveyayinevi.com.tr\/index.php\/wp-json\/wp\/v2\/product_tag?post=774224"}],"curies":[{"name":"wp","href":"https:\/\/api.w.org\/{rel}","templated":true}]}}