{"id":774216,"date":"2025-08-28T16:43:57","date_gmt":"2025-08-28T13:43:57","guid":{"rendered":"https:\/\/roveyayinevi.com.tr\/index.php\/urun\/asure-4\/"},"modified":"2026-04-15T03:41:39","modified_gmt":"2026-04-15T00:41:39","slug":"asure-4","status":"publish","type":"product","link":"https:\/\/roveyayinevi.com.tr\/index.php\/urun\/asure-4\/","title":{"rendered":"A\u015fure"},"content":{"rendered":"<p>BA\u011eDA\u015eMA, ANADOLU\u2019NUN D\u00dcNYAYA SUNDUG\u0306U EN DER\u0130N K\u00dcLT\u00dcREL TECR\u00dcBED\u0130R.   Anadolu topraklar\u0131 k\u00fclt\u00fcrlerin ge\u00e7i\u015f yeri de\u011fil, bir ba\u011fda\u015fma zeminidir. Y\u00fczeyde birbirinden farkl\u0131 gibi g\u00f6r\u00fcnen inan\u00e7lar, diller ve gelenekler, burada birbirini yok etmeden bir aradal\u0131k kurmu\u015ftur. Bu birliktelik ne bir sentez ne de kayna\u015fmad\u0131r; her biri kendi kimli\u011fini korurken, \u00f6tekini duymay\u0131 ve birlikte var olmay\u0131 \u00f6\u011frenmi\u015ftir.   A\u015fure tam da bu k\u00fclt\u00fcrel yap\u0131n\u0131n simgesidir. Farkl\u0131 tatlar, renkler ve dokular bir araya gelir; her biri kendi karakterini korur ama hepsi ortak bir lezzette bulu\u015fur. Bu, Anadolu\u2019nun kadim bilgelik anlay\u0131\u015f\u0131nda sakl\u0131 olan hakiki diyalo\u011fun ifadesidir.   Modern d\u00fcnyan\u0131n uygarl\u0131k anlay\u0131\u015f\u0131 yok ederek ilerlemeyi ve ge\u00e7mi\u015fi silmeyi esas al\u0131rken, Anadolu ba\u011fda\u015fma, \u00e7ok k\u00fclt\u00fcrl\u00fcl\u00fck ve onlar\u0131n birbirleri ile hakiki ili\u015fkileri \u00fczerine kurulmu\u015ftur. Bug\u00fcn belki de en \u00e7ok ihtiyac\u0131m\u0131z olan \u015fey budur: Yok ederek de\u011fil, ya\u015fatarak birlikte var olabilmek.   Metin Bobaro\u011flu ve Ay\u015fe Acar, Alevi-Bekta\u015fi deyi\u015fleri rehberli\u011finde kadim bilgeli\u011fin kav\u015fak noktas\u0131 Anadolu \u00fczerine yapt\u0131\u011f\u0131 sohbetlerle, \u00fczeri k\u00fcllerle \u00f6rt\u00fclm\u00fc\u015f o derin s\u00f6ylemin alt\u0131ndaki kor ate\u015fi yeniden uyand\u0131r\u0131yor. <\/p>\n","protected":false},"excerpt":{"rendered":"<p>BA\u011eDA\u015eMA, ANADOLU\u2019NUN D\u00dcNYAYA SUNDUG\u0306U EN DER\u0130N K\u00dcLT\u00dcREL TECR\u00dcBED\u0130R. Anadolu topraklar\u0131 k\u00fclt\u00fcrlerin ge\u00e7i\u015f yeri de\u011fil, bir ba\u011fda\u015fma zeminidir. Y\u00fczeyde birbirinden farkl\u0131 gibi g\u00f6r\u00fcnen inan\u00e7lar, diller ve gelenekler,<span class=\"excerpt-hellip\"> [\u2026]<\/span><\/p>\n","protected":false},"featured_media":0,"template":"","meta":{"_monsterinsights_skip_tracking":false,"_monsterinsights_sitenote_active":false,"_monsterinsights_sitenote_note":"","_monsterinsights_sitenote_category":0},"product_brand":[],"product_cat":[12291,30969],"product_tag":[],"class_list":{"0":"post-774216","1":"product","2":"type-product","3":"status-publish","5":"product_cat-edebiyat","6":"product_cat-soylesi-edebiyat","7":"pa_cilt-ciltsiz","8":"pa_tur-kitap","9":"pa_yayinevi-destek-yayinlari","10":"pa_yazar-metin-bobaroglu","12":"first","13":"instock","14":"sale","15":"shipping-taxable","16":"purchasable","17":"product-type-simple"},"_links":{"self":[{"href":"https:\/\/roveyayinevi.com.tr\/index.php\/wp-json\/wp\/v2\/product\/774216","targetHints":{"allow":["GET"]}}],"collection":[{"href":"https:\/\/roveyayinevi.com.tr\/index.php\/wp-json\/wp\/v2\/product"}],"about":[{"href":"https:\/\/roveyayinevi.com.tr\/index.php\/wp-json\/wp\/v2\/types\/product"}],"wp:attachment":[{"href":"https:\/\/roveyayinevi.com.tr\/index.php\/wp-json\/wp\/v2\/media?parent=774216"}],"wp:term":[{"taxonomy":"product_brand","embeddable":true,"href":"https:\/\/roveyayinevi.com.tr\/index.php\/wp-json\/wp\/v2\/product_brand?post=774216"},{"taxonomy":"product_cat","embeddable":true,"href":"https:\/\/roveyayinevi.com.tr\/index.php\/wp-json\/wp\/v2\/product_cat?post=774216"},{"taxonomy":"product_tag","embeddable":true,"href":"https:\/\/roveyayinevi.com.tr\/index.php\/wp-json\/wp\/v2\/product_tag?post=774216"}],"curies":[{"name":"wp","href":"https:\/\/api.w.org\/{rel}","templated":true}]}}