{"id":774214,"date":"2025-08-28T16:43:52","date_gmt":"2025-08-28T13:43:52","guid":{"rendered":"https:\/\/roveyayinevi.com.tr\/index.php\/urun\/gonul-ruzgari\/"},"modified":"2026-04-15T03:41:39","modified_gmt":"2026-04-15T00:41:39","slug":"gonul-ruzgari","status":"publish","type":"product","link":"https:\/\/roveyayinevi.com.tr\/index.php\/urun\/gonul-ruzgari\/","title":{"rendered":"G\u00f6n\u00fcl R\u00fczgar\u0131"},"content":{"rendered":"<p>KADER Ahu g\u00f6zlerine kurban oldu\u011fum Ak\u0131p derinlere doldu\u011fum Tomurcuk g\u00fcl iken soldu\u011fum G\u00fcl\u00fc bol olan yere gidelim Kirpi\u011fini ok ettin de\u011fdi can\u0131ma \u0130\u015fledin damar\u0131mda b\u00fct\u00fcn kan\u0131ma Huzur-u mah\u015ferde gelir misin yan\u0131ma Mah\u015feri olan yere gidelim Yanmaz ocak duman\u0131m t\u00fcter Bu ayr\u0131l\u0131k bana \u00f6l\u00fcmden beter Kahr\u0131 \u00e7ileyi \u00e7ekti\u011fim yeter \u00c7ilesi olmayan yere gidelim Akl\u0131m ermez \u015fu fele\u011fin i\u015fine Bir kara sevdad\u0131r takt\u0131 pe\u015fime De\u011fmemi\u015ftim hen\u00fcz on be\u015f ya\u015f\u0131ma Sevdas\u0131 bol olan yere gidelim \u015eu gurbetin kahr\u0131 \u00e7ekilmiyor G\u00f6n\u00fcl bah\u00e7em viran ekilmiyor Bu nas\u0131l bir kader e\u011filip b\u00fck\u00fclm\u00fcyor Gurbeti olmayan yere gidelim <\/p>\n","protected":false},"excerpt":{"rendered":"<p>KADER Ahu g\u00f6zlerine kurban oldu\u011fum Ak\u0131p derinlere doldu\u011fum Tomurcuk g\u00fcl iken soldu\u011fum G\u00fcl\u00fc bol olan yere gidelim Kirpi\u011fini ok ettin de\u011fdi can\u0131ma \u0130\u015fledin damar\u0131mda b\u00fct\u00fcn kan\u0131ma<span class=\"excerpt-hellip\"> [\u2026]<\/span><\/p>\n","protected":false},"featured_media":0,"template":"","meta":{"_monsterinsights_skip_tracking":false,"_monsterinsights_sitenote_active":false,"_monsterinsights_sitenote_note":"","_monsterinsights_sitenote_category":0},"product_brand":[],"product_cat":[12291,12509],"product_tag":[],"class_list":{"0":"post-774214","1":"product","2":"type-product","3":"status-publish","5":"product_cat-edebiyat","6":"product_cat-siir","7":"pa_cilt-ciltsiz","8":"pa_tur-kitap","9":"pa_yayinevi-gulnar-yayinlari","10":"pa_yazar-fatma-taban-gunes","12":"first","13":"instock","14":"sale","15":"shipping-taxable","16":"purchasable","17":"product-type-simple"},"_links":{"self":[{"href":"https:\/\/roveyayinevi.com.tr\/index.php\/wp-json\/wp\/v2\/product\/774214","targetHints":{"allow":["GET"]}}],"collection":[{"href":"https:\/\/roveyayinevi.com.tr\/index.php\/wp-json\/wp\/v2\/product"}],"about":[{"href":"https:\/\/roveyayinevi.com.tr\/index.php\/wp-json\/wp\/v2\/types\/product"}],"wp:attachment":[{"href":"https:\/\/roveyayinevi.com.tr\/index.php\/wp-json\/wp\/v2\/media?parent=774214"}],"wp:term":[{"taxonomy":"product_brand","embeddable":true,"href":"https:\/\/roveyayinevi.com.tr\/index.php\/wp-json\/wp\/v2\/product_brand?post=774214"},{"taxonomy":"product_cat","embeddable":true,"href":"https:\/\/roveyayinevi.com.tr\/index.php\/wp-json\/wp\/v2\/product_cat?post=774214"},{"taxonomy":"product_tag","embeddable":true,"href":"https:\/\/roveyayinevi.com.tr\/index.php\/wp-json\/wp\/v2\/product_tag?post=774214"}],"curies":[{"name":"wp","href":"https:\/\/api.w.org\/{rel}","templated":true}]}}