{"id":774212,"date":"2025-08-28T16:43:49","date_gmt":"2025-08-28T13:43:49","guid":{"rendered":"https:\/\/roveyayinevi.com.tr\/index.php\/urun\/istanbulun-tarihsel-topografyasi\/"},"modified":"2026-04-15T03:41:39","modified_gmt":"2026-04-15T00:41:39","slug":"istanbulun-tarihsel-topografyasi","status":"publish","type":"product","link":"https:\/\/roveyayinevi.com.tr\/index.php\/urun\/istanbulun-tarihsel-topografyasi\/","title":{"rendered":"\u0130stanbul\u2019un Tarihsel Topografyas\u0131"},"content":{"rendered":"<p>Roma, Bizans ve Osmanl\u0131\u2026 Bu \u00fc\u00e7 b\u00fcy\u00fck uygarl\u0131k, insanl\u0131k tarihinin en \u00e7arp\u0131c\u0131 \u00f6yk\u00fcs\u00fcn\u00fc \u0130stanbul\u2019da sergiledi. \u0130nsan\u0131 tanr\u0131lar\u0131n g\u00f6lgesinde b\u0131rakan Roma paganizmi, Bizans\u2019\u0131n siyasi kimli\u011fe b\u00fcr\u00fcnm\u00fc\u015f ortodokslu\u011fu ve kendi i\u00e7ine kapanm\u0131\u015f mistisizmi ile Osmanl\u0131, birbirlerinden dev\u015firdikleri k\u00fclt\u00fcr miras\u0131 \u00fczerinde \u0130stanbul\u2019u yaratt\u0131lar. \u0130stanbul, bu uygarl\u0131klar\u0131n i\u00e7 i\u00e7e, yan yana durduklar\u0131, kimi zaman ayn\u0131 hayat ger\u00e7eklerini payla\u015ft\u0131klar\u0131, kimi zaman da farkl\u0131 y\u00f6nlere uzanarak kendi \u00f6zg\u00fcn ki\u015filiklerini tarihe kabul ettirdikleri bir kentin ad\u0131 oldu.   \u0130stanbul\u2019un tarihini do\u011fru okumak, bu d\u00fcnya kentini \u015fekillendiren uygarl\u0131k tabakalar\u0131 \u00fczerinde \u00e7ok bilinmeyenli bir denklemi \u00e7\u00f6zmekle m\u00fcmk\u00fcn. Wolfgang M\u00fcller-Wiener, bu ger\u00e7ekten hareketle kentin \u201cByzantion\u201d, \u201cKonstantinopolis\u201d ve \u201c\u0130stanbul\u201d d\u00f6nemlerini ku\u015fatan yap\u0131 sanat\u0131n\u0131, topografik verilerin \u0131\u015f\u0131\u011f\u0131nda inceliyor.   \u0130stanbul\u2019un Tarihsel Topografyas\u0131, tarih\u00f6ncesinden ba\u015flay\u0131p antik yerle\u015fimlere ve buradan da Bizans\u2019\u0131 b\u00fct\u00fcn\u00fcyle ku\u015fatarak Osmanl\u0131\u2019ya ula\u015fan bir zaman dilimi i\u00e7inde, kentin mimari dokusunu yap\u0131 \u00f6rnekleri \u00fczerinde durarak ara\u015ft\u0131rmakta. Roma tap\u0131nak kal\u0131nt\u0131lar\u0131, Bizans saraylar\u0131, kiliseleri, surlar\u0131, sarn\u0131\u00e7lar\u0131 ve Osmanl\u0131 mimarisinin Klasik D\u00f6nem sonuna kadar ortaya koydu\u011fu b\u00fct\u00fcn yap\u0131 envanteri, tek tek ele al\u0131nmak suretiyle kentin fiziksel de\u011fi\u015fimi g\u00f6zler \u00f6n\u00fcne seriliyor. Metni destekleyen y\u00fczlerce harita, grav\u00fcr ve foto\u011fraf ile ayr\u0131ca ek olarak verilen 1\/10.000 \u00f6l\u00e7ekli topografik plan, \u0130stanbul\u2019u bir d\u00fcnya kenti yapan k\u00fclt\u00fcr miras\u0131n\u0131 t\u00fcm \u00e7arp\u0131c\u0131l\u0131\u011f\u0131yla ortaya koyuyor.   \u0130stanbul\u2019un Tarihsel Topografyas\u0131, bu imparatorluklar ba\u015fkenti i\u00e7in bug\u00fcne kadar yap\u0131lm\u0131\u015f en kapsaml\u0131 \u00e7al\u0131\u015fmad\u0131r\u2026 <\/p>\n","protected":false},"excerpt":{"rendered":"<p>Roma, Bizans ve Osmanl\u0131\u2026 Bu \u00fc\u00e7 b\u00fcy\u00fck uygarl\u0131k, insanl\u0131k tarihinin en \u00e7arp\u0131c\u0131 \u00f6yk\u00fcs\u00fcn\u00fc \u0130stanbul\u2019da sergiledi. \u0130nsan\u0131 tanr\u0131lar\u0131n g\u00f6lgesinde b\u0131rakan Roma paganizmi, Bizans\u2019\u0131n siyasi kimli\u011fe b\u00fcr\u00fcnm\u00fc\u015f ortodokslu\u011fu<span class=\"excerpt-hellip\"> [\u2026]<\/span><\/p>\n","protected":false},"featured_media":0,"template":"","meta":{"_monsterinsights_skip_tracking":false,"_monsterinsights_sitenote_active":false,"_monsterinsights_sitenote_note":"","_monsterinsights_sitenote_category":0},"product_brand":[],"product_cat":[12304],"product_tag":[],"class_list":{"0":"post-774212","1":"product","2":"type-product","3":"status-publish","5":"product_cat-tarih","6":"pa_cilt-ciltsiz","7":"pa_tur-kitap","8":"pa_yayinevi-yapi-kredi-yayinlari","9":"pa_yazar-wolfgang-muller-wiener","11":"first","12":"instock","13":"sale","14":"shipping-taxable","15":"purchasable","16":"product-type-simple"},"_links":{"self":[{"href":"https:\/\/roveyayinevi.com.tr\/index.php\/wp-json\/wp\/v2\/product\/774212","targetHints":{"allow":["GET"]}}],"collection":[{"href":"https:\/\/roveyayinevi.com.tr\/index.php\/wp-json\/wp\/v2\/product"}],"about":[{"href":"https:\/\/roveyayinevi.com.tr\/index.php\/wp-json\/wp\/v2\/types\/product"}],"wp:attachment":[{"href":"https:\/\/roveyayinevi.com.tr\/index.php\/wp-json\/wp\/v2\/media?parent=774212"}],"wp:term":[{"taxonomy":"product_brand","embeddable":true,"href":"https:\/\/roveyayinevi.com.tr\/index.php\/wp-json\/wp\/v2\/product_brand?post=774212"},{"taxonomy":"product_cat","embeddable":true,"href":"https:\/\/roveyayinevi.com.tr\/index.php\/wp-json\/wp\/v2\/product_cat?post=774212"},{"taxonomy":"product_tag","embeddable":true,"href":"https:\/\/roveyayinevi.com.tr\/index.php\/wp-json\/wp\/v2\/product_tag?post=774212"}],"curies":[{"name":"wp","href":"https:\/\/api.w.org\/{rel}","templated":true}]}}