{"id":774211,"date":"2025-08-28T16:43:47","date_gmt":"2025-08-28T13:43:47","guid":{"rendered":"https:\/\/roveyayinevi.com.tr\/index.php\/urun\/tarihin-devami-kadin-sanatcilar-kadin-yaraticilar\/"},"modified":"2026-04-15T03:41:39","modified_gmt":"2026-04-15T00:41:39","slug":"tarihin-devami-kadin-sanatcilar-kadin-yaraticilar","status":"publish","type":"product","link":"https:\/\/roveyayinevi.com.tr\/index.php\/urun\/tarihin-devami-kadin-sanatcilar-kadin-yaraticilar\/","title":{"rendered":"Tarihin Devam\u0131  Kad\u0131n Sanat\u00e7\u0131lar, Kad\u0131n Yarat\u0131c\u0131lar"},"content":{"rendered":"<p>Kad\u0131nlar\u0131n \u00f6zg\u00fcrle\u015fmesi, Frans\u0131z Devrimi\u2019nin ard\u0131ndan iki farkl\u0131 yol izledi: \u0130lki medeni kanuna, yurtta\u015fl\u0131k haklar\u0131na, e\u011fitime, \u00e7al\u0131\u015fma hayat\u0131na, bireysel sorumlulu\u011fa ve toplumsal \u00f6zerkli\u011fe dair yeniliklere kap\u0131 aralarken, ikincisi yaratmaya, d\u00fc\u015f\u00fcnmeye ve yazmaya dair entelekt\u00fcel-sanatsal alanlar\u0131 erkeklerle payla\u015fma \u00f6zg\u00fcrl\u00fc\u011f\u00fcn\u00fcn yolunu a\u00e7t\u0131.   Genevi\u00e8ve Fraisse etkileyici \u00e7al\u0131\u015fmas\u0131 Tarihin Devam\u0131\u2019nda i\u015fte bu ikinci yolun izinden giderek kad\u0131nlar\u0131n var olma m\u00fccadelesine de\u011finiyor. Cinsel kimlik veya toplumsal g\u00f6r\u00fcn\u00fcrl\u00fckle s\u0131n\u0131rl\u0131 kalmadan, yarat\u0131m\u0131 \u00f6nceleyerek yap\u0131yor bunu.   Ve y\u00fcksek sesle hayk\u0131r\u0131yor:     \u201cE\u015fitlik ayn\u0131 zamanda yeni estetik ve entelekt\u00fcel bi\u00e7imler bulma \u00f6zg\u00fcrl\u00fc\u011f\u00fcd\u00fcr.\u201d <\/p>\n","protected":false},"excerpt":{"rendered":"<p>Kad\u0131nlar\u0131n \u00f6zg\u00fcrle\u015fmesi, Frans\u0131z Devrimi\u2019nin ard\u0131ndan iki farkl\u0131 yol izledi: \u0130lki medeni kanuna, yurtta\u015fl\u0131k haklar\u0131na, e\u011fitime, \u00e7al\u0131\u015fma hayat\u0131na, bireysel sorumlulu\u011fa ve toplumsal \u00f6zerkli\u011fe dair yeniliklere kap\u0131 aralarken,<span class=\"excerpt-hellip\"> [\u2026]<\/span><\/p>\n","protected":false},"featured_media":0,"template":"","meta":{"_monsterinsights_skip_tracking":false,"_monsterinsights_sitenote_active":false,"_monsterinsights_sitenote_note":"","_monsterinsights_sitenote_category":0},"product_brand":[],"product_cat":[12408],"product_tag":[],"class_list":{"0":"post-774211","1":"product","2":"type-product","3":"status-publish","5":"product_cat-sanat","6":"pa_cilt-ciltsiz","7":"pa_tur-kitap","8":"pa_yayinevi-yapi-kredi-yayinlari-sanat","9":"pa_yazar-genevieve-fraisse","11":"first","12":"instock","13":"sale","14":"shipping-taxable","15":"purchasable","16":"product-type-simple"},"_links":{"self":[{"href":"https:\/\/roveyayinevi.com.tr\/index.php\/wp-json\/wp\/v2\/product\/774211","targetHints":{"allow":["GET"]}}],"collection":[{"href":"https:\/\/roveyayinevi.com.tr\/index.php\/wp-json\/wp\/v2\/product"}],"about":[{"href":"https:\/\/roveyayinevi.com.tr\/index.php\/wp-json\/wp\/v2\/types\/product"}],"wp:attachment":[{"href":"https:\/\/roveyayinevi.com.tr\/index.php\/wp-json\/wp\/v2\/media?parent=774211"}],"wp:term":[{"taxonomy":"product_brand","embeddable":true,"href":"https:\/\/roveyayinevi.com.tr\/index.php\/wp-json\/wp\/v2\/product_brand?post=774211"},{"taxonomy":"product_cat","embeddable":true,"href":"https:\/\/roveyayinevi.com.tr\/index.php\/wp-json\/wp\/v2\/product_cat?post=774211"},{"taxonomy":"product_tag","embeddable":true,"href":"https:\/\/roveyayinevi.com.tr\/index.php\/wp-json\/wp\/v2\/product_tag?post=774211"}],"curies":[{"name":"wp","href":"https:\/\/api.w.org\/{rel}","templated":true}]}}