{"id":774210,"date":"2025-08-28T16:43:44","date_gmt":"2025-08-28T13:43:44","guid":{"rendered":"https:\/\/roveyayinevi.com.tr\/index.php\/urun\/olu-kizlar\/"},"modified":"2026-04-15T03:41:39","modified_gmt":"2026-04-15T00:41:39","slug":"olu-kizlar","status":"publish","type":"product","link":"https:\/\/roveyayinevi.com.tr\/index.php\/urun\/olu-kizlar\/","title":{"rendered":"\u00d6l\u00fc K\u0131zlar"},"content":{"rendered":"<p>Belki de senin g\u00f6revin budur: K\u0131zlar\u0131n kemiklerini toplamak, bir araya getirmek, onlara ses vermek ve sonra da nereye gitmeleri gerekiyorsa oraya do\u011fru \u00f6zg\u00fcrce ko\u015fmalar\u0131na izin vermek.   Uluslararas\u0131 \u00fcne sahip Bir Nehir De\u011fil kitab\u0131yla \u00f6ne \u00e7\u0131kan Selva Almada hem \u00f6nemli bir feminist aktivist hem de \u00e7a\u011fda\u015f Latin Amerika edebiyat\u0131n\u0131n en \u00f6nemli yazarlar\u0131ndan biri. Carson McCullers, William Faulkner, Flannery O&#8217;Connor gibi isimlerle kar\u015f\u0131la\u015ft\u0131r\u0131lan Almada, Truman Capote&#8217;nin So\u011fukkanl\u0131l\u0131kla ya da John Hersey&#8217;nin Hiroshima isimli kitaplar\u0131n\u0131n gelene\u011fini s\u00fcrd\u00fcren, onlar gibi farkl\u0131 t\u00fcrleri, farkl\u0131 teknikleri birlikte kulland\u0131\u011f\u0131 bu \u00e7arp\u0131c\u0131 eserde g\u00fcn\u00fcm\u00fcz\u00fcn en \u00f6nemli sorununu, cinsel \u015fiddeti ele al\u0131yor.   S\u0131ca\u011f\u0131 ve tozu duman\u0131, s\u0131rlar\u0131 ve \u00e7\u0131kar \u00e7at\u0131\u015fmalar\u0131yla Arjantin&#8217;in ta\u015fra b\u00f6lgelerini yak\u0131ndan tan\u0131yan Almada, \u00d6l\u00fc K\u0131zlar\u2019da 1980&#8217;lerin ba\u015f\u0131nda, \u00fclkece demokrasiye d\u00f6n\u00fc\u015f\u00fcn kutland\u0131\u011f\u0131 g\u00fcnlerde \u00f6ld\u00fcr\u00fclen \u00fc\u00e7 gen\u00e7 kad\u0131n\u0131n hik\u00e2yelerinin pe\u015fine tak\u0131l\u0131yor. Andrea Danne, Mar\u00eda Luisa Quevedo, Sarita Mund\u00edn&#8230; Feci \u015fekilde katledilen bu \u00fc\u00e7 kad\u0131n\u0131n ard\u0131ndan ne cinayet failleri cezaland\u0131r\u0131lm\u0131\u015f ne de adaletin sa\u011flanmas\u0131 i\u00e7in ad\u0131mlar at\u0131lm\u0131\u015f.   Hem ara\u015ft\u0131rmac\u0131 yazar hem de usta bir romanc\u0131 olarak ya\u015fananlar\u0131n izini s\u00fcren Almada, kad\u0131nlar\u0131n g\u00fcnl\u00fck hayatta ya\u015fad\u0131\u011f\u0131 korkular\u0131, deh\u015fet hissini; her an erkek \u015fiddeti tehlikesi alt\u0131nda olman\u0131n, g\u00f6zetlenmenin, kontrol edilmenin yaratt\u0131\u011f\u0131 ruh durumlar\u0131n\u0131 da \u00e7arp\u0131c\u0131 bir a\u00e7\u0131kl\u0131kla g\u00f6zler \u00f6n\u00fcne seriyor.     Flannery O\u2019Connor ve Juan Rulfo gibi Almada\u2019n\u0131n k\u0131sa, \u00f6z ve tekinsiz yaz\u0131n\u0131 da k\u0131rsal hayata y\u00f6nelik kavray\u0131\u015f, yaln\u0131zl\u0131k, ayart\u0131 ve inan\u00e7la dolu. BBC Culture <\/p>\n","protected":false},"excerpt":{"rendered":"<p>Belki de senin g\u00f6revin budur: K\u0131zlar\u0131n kemiklerini toplamak, bir araya getirmek, onlara ses vermek ve sonra da nereye gitmeleri gerekiyorsa oraya do\u011fru \u00f6zg\u00fcrce ko\u015fmalar\u0131na izin vermek.<span class=\"excerpt-hellip\"> [\u2026]<\/span><\/p>\n","protected":false},"featured_media":0,"template":"","meta":{"_monsterinsights_skip_tracking":false,"_monsterinsights_sitenote_active":false,"_monsterinsights_sitenote_note":"","_monsterinsights_sitenote_category":0},"product_brand":[],"product_cat":[18545,12291],"product_tag":[],"class_list":{"0":"post-774210","1":"product","2":"type-product","3":"status-publish","5":"product_cat-anlati","6":"product_cat-edebiyat","7":"pa_cilt-ciltsiz","8":"pa_tur-kitap","9":"pa_yayinevi-yapi-kredi-yayinlari","10":"pa_yazar-selva-almada","12":"first","13":"instock","14":"sale","15":"shipping-taxable","16":"purchasable","17":"product-type-simple"},"_links":{"self":[{"href":"https:\/\/roveyayinevi.com.tr\/index.php\/wp-json\/wp\/v2\/product\/774210","targetHints":{"allow":["GET"]}}],"collection":[{"href":"https:\/\/roveyayinevi.com.tr\/index.php\/wp-json\/wp\/v2\/product"}],"about":[{"href":"https:\/\/roveyayinevi.com.tr\/index.php\/wp-json\/wp\/v2\/types\/product"}],"wp:attachment":[{"href":"https:\/\/roveyayinevi.com.tr\/index.php\/wp-json\/wp\/v2\/media?parent=774210"}],"wp:term":[{"taxonomy":"product_brand","embeddable":true,"href":"https:\/\/roveyayinevi.com.tr\/index.php\/wp-json\/wp\/v2\/product_brand?post=774210"},{"taxonomy":"product_cat","embeddable":true,"href":"https:\/\/roveyayinevi.com.tr\/index.php\/wp-json\/wp\/v2\/product_cat?post=774210"},{"taxonomy":"product_tag","embeddable":true,"href":"https:\/\/roveyayinevi.com.tr\/index.php\/wp-json\/wp\/v2\/product_tag?post=774210"}],"curies":[{"name":"wp","href":"https:\/\/api.w.org\/{rel}","templated":true}]}}