{"id":774197,"date":"2025-08-28T16:43:25","date_gmt":"2025-08-28T13:43:25","guid":{"rendered":"https:\/\/roveyayinevi.com.tr\/index.php\/urun\/hacim-hesabi-uzerine-1-cilt\/"},"modified":"2026-04-15T03:41:38","modified_gmt":"2026-04-15T00:41:38","slug":"hacim-hesabi-uzerine-1-cilt","status":"publish","type":"product","link":"https:\/\/roveyayinevi.com.tr\/index.php\/urun\/hacim-hesabi-uzerine-1-cilt\/","title":{"rendered":"Hacim Hesabi \u00dczerine 1.Cilt"},"content":{"rendered":"<p>Tara Selter gizemli bir \u015fekilde zaman\u0131n d\u0131\u015f\u0131na savruldu&#8230; Art\u0131k her sabah ayn\u0131 g\u00fcne; on sekiz kas\u0131ma uyan\u0131yor. On dokuz kas\u0131ma uyanma umudunu yitirirken on yedi kas\u0131m\u0131 da d\u00fcn gibi hat\u0131rlamaktan gitgide uzakla\u015f\u0131yor. Art\u0131k uyand\u0131\u011f\u0131 g\u00fcn\u00fc avucunun i\u00e7i gibi biliyor: Ya\u011fmur ne zaman bast\u0131racak, g\u00fcne\u015f ne zaman a\u00e7acak, bah\u00e7e \u00e7iti boyunca y\u00fcr\u00fcyen kom\u015fu k\u00f6\u015feyi ne an d\u00f6necek, kocas\u0131 elinde torbalarla kap\u0131dan ne zaman girecek&#8230; Fakat zaman akarken i\u00e7ine d\u00fc\u015ft\u00fc\u011f\u00fc bu u\u00e7urumda yapayaln\u0131z. Etraf\u0131ndaki herkes -\u00e7ok sevdi\u011fi kocas\u0131 dahil- bug\u00fcn\u00fc ilk ve son kez ya\u015f\u0131yor. Kimse ya\u015fad\u0131\u011f\u0131 farkl\u0131 on sekiz kas\u0131mlar\u0131 hat\u0131rlam\u0131yor ve anlatt\u0131\u011f\u0131nda ona inanmakta zorlan\u0131yorlar. Tara 365. on sekiz kas\u0131m\u0131na yakla\u015f\u0131rken \u00e7aresizce, bu hapishaneden kurtulman\u0131n yollar\u0131n\u0131 ar\u0131yor. Solvej Balle, Uluslararas\u0131 Booker \u00d6d\u00fcl\u00fc finalistleri aras\u0131nda yer alan, d\u00fcnyada kaplad\u0131\u011f\u0131m\u0131z yer \u00fczerine felsefi bir soru\u015fturma niteli\u011findeki roman\u0131n\u0131n ilk cildiyle zamana ve onun talihsiz tutsaklar\u0131n\u0131n ba\u015f\u0131na gelenlere dair b\u00fcy\u00fcl\u00fc ve heyecan verici bir hik\u00e2ye dokuyor. \u201cEn iyi romanlar alan a\u00e7anlard\u0131r. Solvej Balle zaman i\u00e7inde bir alan a\u00e7t\u0131 ve bu kesinlikle, kesinlikle muhte\u015fem. Ola\u011fan\u00fcst\u00fc bir kitap.\u201d \u2013Karl Ove Knausgaard \u201cSolvej Balle en incelikli, en etkileyici detaylar\u0131 mucizevi bir bi\u00e7imde tekrarda bulan muazzam bir yazar. Hacim Hesab\u0131 \u00dczerine \u015fimdiye kadar okuduklar\u0131n\u0131za benzemeyen, bamba\u015fka bir kitap.\u201d \u2013Hernan Diaz \u201cDil, insan ili\u015fkileri ve zaman \u00fczerine sorular e\u015fli\u011finde sars\u0131c\u0131 bir ke\u015fif yolculu\u011fu.\u201d \u2013The New Yorker <\/p>\n","protected":false},"excerpt":{"rendered":"<p>Tara Selter gizemli bir \u015fekilde zaman\u0131n d\u0131\u015f\u0131na savruldu&#8230; Art\u0131k her sabah ayn\u0131 g\u00fcne; on sekiz kas\u0131ma uyan\u0131yor. On dokuz kas\u0131ma uyanma umudunu yitirirken on yedi kas\u0131m\u0131<span class=\"excerpt-hellip\"> [\u2026]<\/span><\/p>\n","protected":false},"featured_media":0,"template":"","meta":{"_monsterinsights_skip_tracking":false,"_monsterinsights_sitenote_active":false,"_monsterinsights_sitenote_note":"","_monsterinsights_sitenote_category":0},"product_brand":[],"product_cat":[12291,12711],"product_tag":[],"class_list":{"0":"post-774197","1":"product","2":"type-product","3":"status-publish","5":"product_cat-edebiyat","6":"product_cat-roman-oyku","7":"pa_cilt-ciltsiz","8":"pa_tur-kitap","9":"pa_yayinevi-is-bankasi-kultur-yayinlari","10":"pa_yazar-solvej-balle","12":"first","13":"instock","14":"sale","15":"shipping-taxable","16":"purchasable","17":"product-type-simple"},"_links":{"self":[{"href":"https:\/\/roveyayinevi.com.tr\/index.php\/wp-json\/wp\/v2\/product\/774197","targetHints":{"allow":["GET"]}}],"collection":[{"href":"https:\/\/roveyayinevi.com.tr\/index.php\/wp-json\/wp\/v2\/product"}],"about":[{"href":"https:\/\/roveyayinevi.com.tr\/index.php\/wp-json\/wp\/v2\/types\/product"}],"wp:attachment":[{"href":"https:\/\/roveyayinevi.com.tr\/index.php\/wp-json\/wp\/v2\/media?parent=774197"}],"wp:term":[{"taxonomy":"product_brand","embeddable":true,"href":"https:\/\/roveyayinevi.com.tr\/index.php\/wp-json\/wp\/v2\/product_brand?post=774197"},{"taxonomy":"product_cat","embeddable":true,"href":"https:\/\/roveyayinevi.com.tr\/index.php\/wp-json\/wp\/v2\/product_cat?post=774197"},{"taxonomy":"product_tag","embeddable":true,"href":"https:\/\/roveyayinevi.com.tr\/index.php\/wp-json\/wp\/v2\/product_tag?post=774197"}],"curies":[{"name":"wp","href":"https:\/\/api.w.org\/{rel}","templated":true}]}}