{"id":774193,"date":"2025-08-28T16:43:18","date_gmt":"2025-08-28T13:43:18","guid":{"rendered":"https:\/\/roveyayinevi.com.tr\/index.php\/urun\/yolda-olmak-2\/"},"modified":"2026-04-15T03:41:38","modified_gmt":"2026-04-15T00:41:38","slug":"yolda-olmak-2","status":"publish","type":"product","link":"https:\/\/roveyayinevi.com.tr\/index.php\/urun\/yolda-olmak-2\/","title":{"rendered":"Yolda Olmak"},"content":{"rendered":"<p>Yolda Olmak\u0130\u00e7sel bir uyan\u0131\u015f\u0131n, derin bir y\u00fczle\u015fmenin ve ger\u00e7ek bir d\u00f6n\u00fc\u015f\u00fcm\u00fcn \u00e7a\u011fr\u0131s\u0131\u2026Bu kitap, modern insan\u0131n g\u00f6r\u00fcnmez y\u00fcklerini, ruhsal toksinlerini ve i\u00e7sel yaralar\u0131n\u0131 fark etmesiyle ba\u015fl\u0131yor. Anlams\u0131zl\u0131k, umutsuzluk, yaln\u0131zl\u0131k, doyumsuzluk, kibir, mutsuzluk ve inan\u00e7s\u0131zl\u0131k\u2026 Bunlar\u0131n her biri, ruhun derinliklerine k\u00f6k salan bir \u00e7\u00f6k\u00fc\u015fe i\u015faret ediyor.Yolda \u2018Ol\u2019mak, bu \u00e7\u00f6k\u00fc\u015ften ar\u0131nma ve yeniden do\u011fu\u015f s\u00fcrecine dair bir rehber sunuyor; do\u011fayla, bedenle, zihinle, duygularla ve \u00f6z\u2019le yeniden bulu\u015fmay\u0131 \u00f6neriyor. B\u00fct\u00fcnc\u00fcl bir yakla\u015f\u0131mla hem bireysel hem de evrensel bir ar\u0131nman\u0131n yollar\u0131n\u0131 g\u00f6steriyor.Bu kitap bir bilgi aktar\u0131m\u0131 de\u011fil, bir i\u00e7 yolculuk davetidir. Kendini bulmak, ya\u015fam\u0131 anlamland\u0131rmak ve ger\u00e7ek sa\u011fl\u0131\u011fa ula\u015fmak isteyen herkes i\u00e7in\u2026 Her sat\u0131r\u0131yla okuyucuyu i\u00e7e bakan bir aynan\u0131n kar\u015f\u0131s\u0131na ge\u00e7iriyor ve \u015fu soruyu sorduruyor:Ger\u00e7ekten ya\u015f\u0131yor musun, yoksa sadece zaman m\u0131 ge\u00e7iriyorsun?<\/p>\n","protected":false},"excerpt":{"rendered":"<p>Yolda Olmak\u0130\u00e7sel bir uyan\u0131\u015f\u0131n, derin bir y\u00fczle\u015fmenin ve ger\u00e7ek bir d\u00f6n\u00fc\u015f\u00fcm\u00fcn \u00e7a\u011fr\u0131s\u0131\u2026Bu kitap, modern insan\u0131n g\u00f6r\u00fcnmez y\u00fcklerini, ruhsal toksinlerini ve i\u00e7sel yaralar\u0131n\u0131 fark etmesiyle ba\u015fl\u0131yor. Anlams\u0131zl\u0131k,<span class=\"excerpt-hellip\"> [\u2026]<\/span><\/p>\n","protected":false},"featured_media":0,"template":"","meta":{"_monsterinsights_skip_tracking":false,"_monsterinsights_sitenote_active":false,"_monsterinsights_sitenote_note":"","_monsterinsights_sitenote_category":0},"product_brand":[],"product_cat":[12364,12376],"product_tag":[],"class_list":{"0":"post-774193","1":"product","2":"type-product","3":"status-publish","5":"product_cat-genel-konular","6":"product_cat-kisisel-gelisim","7":"pa_cilt-ciltsiz","8":"pa_tur-kitap","9":"pa_yayinevi-nemesis-kitap","10":"pa_yazar-murat-balanli","12":"first","13":"instock","14":"sale","15":"shipping-taxable","16":"purchasable","17":"product-type-simple"},"_links":{"self":[{"href":"https:\/\/roveyayinevi.com.tr\/index.php\/wp-json\/wp\/v2\/product\/774193","targetHints":{"allow":["GET"]}}],"collection":[{"href":"https:\/\/roveyayinevi.com.tr\/index.php\/wp-json\/wp\/v2\/product"}],"about":[{"href":"https:\/\/roveyayinevi.com.tr\/index.php\/wp-json\/wp\/v2\/types\/product"}],"wp:attachment":[{"href":"https:\/\/roveyayinevi.com.tr\/index.php\/wp-json\/wp\/v2\/media?parent=774193"}],"wp:term":[{"taxonomy":"product_brand","embeddable":true,"href":"https:\/\/roveyayinevi.com.tr\/index.php\/wp-json\/wp\/v2\/product_brand?post=774193"},{"taxonomy":"product_cat","embeddable":true,"href":"https:\/\/roveyayinevi.com.tr\/index.php\/wp-json\/wp\/v2\/product_cat?post=774193"},{"taxonomy":"product_tag","embeddable":true,"href":"https:\/\/roveyayinevi.com.tr\/index.php\/wp-json\/wp\/v2\/product_tag?post=774193"}],"curies":[{"name":"wp","href":"https:\/\/api.w.org\/{rel}","templated":true}]}}