{"id":774191,"date":"2025-08-28T16:43:15","date_gmt":"2025-08-28T13:43:15","guid":{"rendered":"https:\/\/roveyayinevi.com.tr\/index.php\/urun\/golgenin-fisiltisi\/"},"modified":"2026-04-15T03:41:38","modified_gmt":"2026-04-15T00:41:38","slug":"golgenin-fisiltisi","status":"publish","type":"product","link":"https:\/\/roveyayinevi.com.tr\/index.php\/urun\/golgenin-fisiltisi\/","title":{"rendered":"G\u00f6lgenin F\u0131s\u0131lt\u0131s\u0131"},"content":{"rendered":"<p>Belki de ger\u00e7ek \u00f6zg\u00fcrl\u00fck,en karanl\u0131k g\u00fcc\u00fcn\u00fc dizginleyebilmekte yatar.Fortuna Sworn, hayatta kalan son K\u00e2bus. Karde\u015fini buldu, yeralt\u0131 d\u00fcnyas\u0131ndan sa\u011f \u00e7\u0131kt\u0131. Ama huzur h\u00e2l\u00e2 ona yabanc\u0131.Damon\u2019\u0131n iyile\u015fmesi i\u00e7in onunla birlikte d\u00fcnyaya d\u00f6nen Fortuna, eski hayat\u0131n\u0131 yeniden in\u015fa etmeye \u00e7al\u0131\u015f\u0131r. Fakat yaralar\u0131n\u0131 sarmak sand\u0131\u011f\u0131 kadar kolay de\u011fildir. Unseelie Saray\u0131\u2019n\u0131n g\u00f6lgeleri pe\u015fini b\u0131rakmaz.Collith\u2019le kurdu\u011fu tehlikeli ba\u011f daha da karma\u015f\u0131kla\u015f\u0131rken d\u00f6rt bir yandan yakla\u015fan d\u00fc\u015fmanlar sinsice pe\u015findedir. Her ad\u0131mda, saray\u0131n karanl\u0131k s\u0131rlar\u0131, zihnindeki telepatik ba\u011flar ve yeni tehditlerle ba\u015f etmek zorunda kal\u0131r. Son K\u00e2bus kendini ve sevdiklerini korumak i\u00e7in ne kadar ileri gidebilir?Fortuna, kime g\u00fcvenece\u011finden her an \u015f\u00fcphe eder; saraydaki dostlar\u0131na bile\u2026 Karanl\u0131k s\u0131rlarla \u00f6r\u00fcl\u00fc y\u00fczlerini g\u00f6rd\u00fck\u00e7e, g\u00fcven bir ill\u00fczyona d\u00f6n\u00fc\u015f\u00fcr. Bir yanda karde\u015finin dinmek bilmeyen \u00f6fkesi, bir yanda bast\u0131rd\u0131\u011f\u0131 arzular ve zihnini kemiren korkular\u2026 Her g\u00f6lge ve her karanl\u0131k k\u00f6\u015fe, yeni bir tehlikenin \u0131\u015f\u0131\u011f\u0131n\u0131 yans\u0131t\u0131r.Ve \u00f6l\u00fcm\u00fcn kol gezdi\u011fi bir d\u00fcnyada hayatta kalabilmek i\u00e7in neleri feda edece\u011fini bilmen gerekir.<\/p>\n","protected":false},"excerpt":{"rendered":"<p>Belki de ger\u00e7ek \u00f6zg\u00fcrl\u00fck,en karanl\u0131k g\u00fcc\u00fcn\u00fc dizginleyebilmekte yatar.Fortuna Sworn, hayatta kalan son K\u00e2bus. Karde\u015fini buldu, yeralt\u0131 d\u00fcnyas\u0131ndan sa\u011f \u00e7\u0131kt\u0131. Ama huzur h\u00e2l\u00e2 ona yabanc\u0131.Damon\u2019\u0131n iyile\u015fmesi i\u00e7in<span class=\"excerpt-hellip\"> [\u2026]<\/span><\/p>\n","protected":false},"featured_media":0,"template":"","meta":{"_monsterinsights_skip_tracking":false,"_monsterinsights_sitenote_active":false,"_monsterinsights_sitenote_note":"","_monsterinsights_sitenote_category":0},"product_brand":[],"product_cat":[12291,14777],"product_tag":[],"class_list":{"0":"post-774191","1":"product","2":"type-product","3":"status-publish","5":"product_cat-edebiyat","6":"product_cat-fantastik","7":"pa_cilt-ciltsiz","8":"pa_tur-kitap","9":"pa_yayinevi-nemesis-kitap","10":"pa_yazar-k-j-sutton","12":"first","13":"instock","14":"sale","15":"shipping-taxable","16":"purchasable","17":"product-type-simple"},"_links":{"self":[{"href":"https:\/\/roveyayinevi.com.tr\/index.php\/wp-json\/wp\/v2\/product\/774191","targetHints":{"allow":["GET"]}}],"collection":[{"href":"https:\/\/roveyayinevi.com.tr\/index.php\/wp-json\/wp\/v2\/product"}],"about":[{"href":"https:\/\/roveyayinevi.com.tr\/index.php\/wp-json\/wp\/v2\/types\/product"}],"wp:attachment":[{"href":"https:\/\/roveyayinevi.com.tr\/index.php\/wp-json\/wp\/v2\/media?parent=774191"}],"wp:term":[{"taxonomy":"product_brand","embeddable":true,"href":"https:\/\/roveyayinevi.com.tr\/index.php\/wp-json\/wp\/v2\/product_brand?post=774191"},{"taxonomy":"product_cat","embeddable":true,"href":"https:\/\/roveyayinevi.com.tr\/index.php\/wp-json\/wp\/v2\/product_cat?post=774191"},{"taxonomy":"product_tag","embeddable":true,"href":"https:\/\/roveyayinevi.com.tr\/index.php\/wp-json\/wp\/v2\/product_tag?post=774191"}],"curies":[{"name":"wp","href":"https:\/\/api.w.org\/{rel}","templated":true}]}}