{"id":774187,"date":"2025-08-28T16:43:08","date_gmt":"2025-08-28T13:43:08","guid":{"rendered":"https:\/\/roveyayinevi.com.tr\/index.php\/urun\/guc-ve-ihtisam-ciltli\/"},"modified":"2026-04-15T03:41:38","modified_gmt":"2026-04-15T00:41:38","slug":"guc-ve-ihtisam-ciltli","status":"publish","type":"product","link":"https:\/\/roveyayinevi.com.tr\/index.php\/urun\/guc-ve-ihtisam-ciltli\/","title":{"rendered":"G\u00fc\u00e7 ve \u0130hti\u015fam (Ciltli)"},"content":{"rendered":"<p>Graham Greene\u2019in ba\u015fyap\u0131t\u0131d\u0131r G\u00fc\u00e7 ve \u0130hti\u015fam. Y\u0131k\u0131c\u0131 bir huzursuzluk roman\u0131d\u0131r: Bir yanda Meksika\u2019n\u0131n kavurucu s\u0131ca\u011f\u0131, devrimci dalgalanmalarla alt\u00fcst olan toplumsal yap\u0131, yozla\u015fm\u0131\u015f dini kurumlar ve ki\u015filikler, her yanda vuku bulan \u201cinsan avlar\u0131\u201d, di\u011fer yandaysa tabakalar halinde sivrisinekler, duvarlara \u00e7arp\u0131p patlayan karafatmalar, c\u0131yaklayan s\u0131\u00e7anlar, \u00e7amurlara bata \u00e7\u0131ka ad\u0131mlayan kat\u0131rlar&#8230; T\u00fcm bu \u00e7alkant\u0131lar\u0131n orta yerinde ise oradan oraya ka\u00e7\u0131p duran, s\u00fcrekli kendi g\u00fcnahk\u00e2rl\u0131\u011f\u0131yla cebelle\u015fen, lanetlendi\u011fine ikna olmu\u015f, \u201c\u00f6l\u00fcm\u00fc hak etmek\u201d i\u00e7in \u00e7\u0131rp\u0131nan bir deri bir kemik kalm\u0131\u015f bir \u201cviskici\u201d papaz. Anlamlar\u0131n ve de\u011ferlerin \u00e7\u00f6z\u00fcld\u00fc\u011f\u00fc bir d\u00fcnyadaki yeg\u00e2ne hakikatse insan\u0131n bu d\u00fcnyada sadece toplumsal yahut siyasal a\u00e7\u0131lardan de\u011fil, kozmolojik a\u00e7\u0131dan da yaln\u0131z oldu\u011fudur. G\u00fc\u00e7 ve \u0130hti\u015fam iktidar h\u0131rs\u0131na batm\u0131\u015f, otorite sarho\u015flu\u011funa kap\u0131lm\u0131\u015f modern insana hem zay\u0131fl\u0131\u011f\u0131n\u0131 hem de kudretini g\u00f6stermektedir, \u00e7arp\u0131c\u0131 bir zarafetle.        <\/p>\n","protected":false},"excerpt":{"rendered":"<p>Graham Greene\u2019in ba\u015fyap\u0131t\u0131d\u0131r G\u00fc\u00e7 ve \u0130hti\u015fam. Y\u0131k\u0131c\u0131 bir huzursuzluk roman\u0131d\u0131r: Bir yanda Meksika\u2019n\u0131n kavurucu s\u0131ca\u011f\u0131, devrimci dalgalanmalarla alt\u00fcst olan toplumsal yap\u0131, yozla\u015fm\u0131\u015f dini kurumlar ve ki\u015filikler,<span class=\"excerpt-hellip\"> [\u2026]<\/span><\/p>\n","protected":false},"featured_media":0,"template":"","meta":{"_monsterinsights_skip_tracking":false,"_monsterinsights_sitenote_active":false,"_monsterinsights_sitenote_note":"","_monsterinsights_sitenote_category":0},"product_brand":[],"product_cat":[12291,12711],"product_tag":[],"class_list":{"0":"post-774187","1":"product","2":"type-product","3":"status-publish","5":"product_cat-edebiyat","6":"product_cat-roman-oyku","7":"pa_cilt-ciltli","8":"pa_tur-kitap","9":"pa_yayinevi-is-bankasi-kultur-yayinlari","10":"pa_yazar-graham-greene","12":"first","13":"instock","14":"sale","15":"shipping-taxable","16":"purchasable","17":"product-type-simple"},"_links":{"self":[{"href":"https:\/\/roveyayinevi.com.tr\/index.php\/wp-json\/wp\/v2\/product\/774187","targetHints":{"allow":["GET"]}}],"collection":[{"href":"https:\/\/roveyayinevi.com.tr\/index.php\/wp-json\/wp\/v2\/product"}],"about":[{"href":"https:\/\/roveyayinevi.com.tr\/index.php\/wp-json\/wp\/v2\/types\/product"}],"wp:attachment":[{"href":"https:\/\/roveyayinevi.com.tr\/index.php\/wp-json\/wp\/v2\/media?parent=774187"}],"wp:term":[{"taxonomy":"product_brand","embeddable":true,"href":"https:\/\/roveyayinevi.com.tr\/index.php\/wp-json\/wp\/v2\/product_brand?post=774187"},{"taxonomy":"product_cat","embeddable":true,"href":"https:\/\/roveyayinevi.com.tr\/index.php\/wp-json\/wp\/v2\/product_cat?post=774187"},{"taxonomy":"product_tag","embeddable":true,"href":"https:\/\/roveyayinevi.com.tr\/index.php\/wp-json\/wp\/v2\/product_tag?post=774187"}],"curies":[{"name":"wp","href":"https:\/\/api.w.org\/{rel}","templated":true}]}}