{"id":774184,"date":"2025-08-28T16:43:03","date_gmt":"2025-08-28T13:43:03","guid":{"rendered":"https:\/\/roveyayinevi.com.tr\/index.php\/urun\/socrates-dusunen-spor-dergisi-sayi-97\/"},"modified":"2026-04-15T03:41:38","modified_gmt":"2026-04-15T00:41:38","slug":"socrates-dusunen-spor-dergisi-sayi-97","status":"publish","type":"product","link":"https:\/\/roveyayinevi.com.tr\/index.php\/urun\/socrates-dusunen-spor-dergisi-sayi-97\/","title":{"rendered":"Socrates D\u00fc\u015f\u00fcnen Spor Dergisi Say\u0131: 97"},"content":{"rendered":"<p>Biten devirler, gelece\u011fin y\u0131ld\u0131zlar\u0131 ve devir teslimler&#8230; Onuncu ya\u015f\u0131nda ve milenyumun 25. y\u0131l\u0131nda, Socrates Dergi \u2018Devir\u2019 temal\u0131 97. say\u0131s\u0131 ile sporda \u00e7a\u011f\u0131n ve de\u011fi\u015fimin nabz\u0131n\u0131 tutuyor. Kapa\u011f\u0131nda T\u00fcrkiye\u2019nin yeni y\u0131ld\u0131zlar\u0131ndan Alperen \u015eeng\u00fcn, Zeynep S\u00f6nmez ve Kenan Y\u0131ld\u0131z r\u00f6portajlar\u0131n\u0131n yer ald\u0131\u011f\u0131 bu 10. y\u0131l \u00f6zel say\u0131s\u0131nda, Nigel Hayes-Davis, Dusan Alimpijevic, Deniz G\u00f6kta\u015f, Ceza ve Ezhel\u2019le yap\u0131lan s\u00f6yle\u015filerden, spordaki d\u00f6nemlere ve k\u00fclt\u00fcrel d\u00f6n\u00fc\u015f\u00fcmlere de\u011fin uzanan dosyalar, ge\u00e7mi\u015fle gelece\u011fi bulu\u015fturan dopdolu ve heyecan verici bir i\u00e7erik sizi bekliyor!<\/p>\n","protected":false},"excerpt":{"rendered":"<p>Biten devirler, gelece\u011fin y\u0131ld\u0131zlar\u0131 ve devir teslimler&#8230; Onuncu ya\u015f\u0131nda ve milenyumun 25. y\u0131l\u0131nda, Socrates Dergi \u2018Devir\u2019 temal\u0131 97. say\u0131s\u0131 ile sporda \u00e7a\u011f\u0131n ve de\u011fi\u015fimin nabz\u0131n\u0131 tutuyor.<span class=\"excerpt-hellip\"> [\u2026]<\/span><\/p>\n","protected":false},"featured_media":0,"template":"","meta":{"_monsterinsights_skip_tracking":false,"_monsterinsights_sitenote_active":false,"_monsterinsights_sitenote_note":"","_monsterinsights_sitenote_category":0},"product_brand":[],"product_cat":[13527],"product_tag":[],"class_list":{"0":"post-774184","1":"product","2":"type-product","3":"status-publish","5":"product_cat-sureli-yayinlar","6":"pa_cilt-ciltsiz","7":"pa_tur-dergi","8":"pa_yayinevi-can-yayinlari","9":"pa_yazar-kolektif","11":"first","12":"instock","13":"sale","14":"shipping-taxable","15":"purchasable","16":"product-type-simple"},"_links":{"self":[{"href":"https:\/\/roveyayinevi.com.tr\/index.php\/wp-json\/wp\/v2\/product\/774184","targetHints":{"allow":["GET"]}}],"collection":[{"href":"https:\/\/roveyayinevi.com.tr\/index.php\/wp-json\/wp\/v2\/product"}],"about":[{"href":"https:\/\/roveyayinevi.com.tr\/index.php\/wp-json\/wp\/v2\/types\/product"}],"wp:attachment":[{"href":"https:\/\/roveyayinevi.com.tr\/index.php\/wp-json\/wp\/v2\/media?parent=774184"}],"wp:term":[{"taxonomy":"product_brand","embeddable":true,"href":"https:\/\/roveyayinevi.com.tr\/index.php\/wp-json\/wp\/v2\/product_brand?post=774184"},{"taxonomy":"product_cat","embeddable":true,"href":"https:\/\/roveyayinevi.com.tr\/index.php\/wp-json\/wp\/v2\/product_cat?post=774184"},{"taxonomy":"product_tag","embeddable":true,"href":"https:\/\/roveyayinevi.com.tr\/index.php\/wp-json\/wp\/v2\/product_tag?post=774184"}],"curies":[{"name":"wp","href":"https:\/\/api.w.org\/{rel}","templated":true}]}}