{"id":774183,"date":"2025-08-28T16:43:01","date_gmt":"2025-08-28T13:43:01","guid":{"rendered":"https:\/\/roveyayinevi.com.tr\/index.php\/urun\/gauguin-500-gorsel-esliginde-yasami-ve-eserleri-ciltli\/"},"modified":"2026-04-15T03:41:38","modified_gmt":"2026-04-15T00:41:38","slug":"gauguin-500-gorsel-esliginde-yasami-ve-eserleri-ciltli","status":"publish","type":"product","link":"https:\/\/roveyayinevi.com.tr\/index.php\/urun\/gauguin-500-gorsel-esliginde-yasami-ve-eserleri-ciltli\/","title":{"rendered":"Gauguin 500 G\u00f6rsel E\u015fli\u011finde Ya\u015fam\u0131 ve Eserleri (Ciltli)"},"content":{"rendered":"<p>Geleneklere ba\u015fkald\u0131ran, Avrupa uygarl\u0131\u011f\u0131n\u0131 reddederek sanat\u0131n\u0131 G\u00fcney Denizleri\u2019nde arayan Ard \u0130zlenimci Paul Gauguin\u2019e ili\u015fkin kolay anla\u015f\u0131l\u0131r ve detayl\u0131 bir de\u011ferlendirme Peru\u2019daki mutlu \u00e7ocuklu\u011funu, Paris\u2019teki ba\u015far\u0131l\u0131 borsac\u0131l\u0131k kariyerini, zorluklarla dolu sanat ya\u015fam\u0131n\u0131, \u00e7ekti\u011fi yoksullu\u011fu, hastal\u0131\u011f\u0131n\u0131 ve Frans\u0131z Polinezyas\u0131\u2019ndaki Markiz Adalar\u0131\u2019nda \u00f6l\u00fcm\u00fcn\u00fc i\u00e7eren b\u00fcy\u00fcleyici bir biyografi \u00d6nce \u0130zlenimci ressamlar\u0131n, sonra da G\u00fcney Pasifik adalar\u0131ndaki parlak renklerin ve ilkel formlar\u0131n \u00fcslubu \u00fczerindeki etkileri; ard\u0131ndan onun da Matisse ve Picasso gibi b\u00fcy\u00fck ressamlar \u00fczerindeki dikkate de\u011fer etkisi \u0130lk \u0130zlenimci eserlerinden ba\u015flay\u0131p cennet k\u00f6\u015fesi Tahiti\u2019nin canl\u0131 tablolar\u0131na kadar uzanan kapsaml\u0131 bir galeri. <\/p>\n","protected":false},"excerpt":{"rendered":"<p>Geleneklere ba\u015fkald\u0131ran, Avrupa uygarl\u0131\u011f\u0131n\u0131 reddederek sanat\u0131n\u0131 G\u00fcney Denizleri\u2019nde arayan Ard \u0130zlenimci Paul Gauguin\u2019e ili\u015fkin kolay anla\u015f\u0131l\u0131r ve detayl\u0131 bir de\u011ferlendirme Peru\u2019daki mutlu \u00e7ocuklu\u011funu, Paris\u2019teki ba\u015far\u0131l\u0131 borsac\u0131l\u0131k<span class=\"excerpt-hellip\"> [\u2026]<\/span><\/p>\n","protected":false},"featured_media":0,"template":"","meta":{"_monsterinsights_skip_tracking":false,"_monsterinsights_sitenote_active":false,"_monsterinsights_sitenote_note":"","_monsterinsights_sitenote_category":0},"product_brand":[],"product_cat":[14009,12291],"product_tag":[],"class_list":{"0":"post-774183","1":"product","2":"type-product","3":"status-publish","5":"product_cat-biyografi-otobiyografi-edebiyat","6":"product_cat-edebiyat","7":"pa_cilt-ciltli","8":"pa_tur-kitap","9":"pa_yayinevi-is-bankasi-kultur-yayinlari","10":"pa_yazar-susie-hodge","12":"first","13":"instock","14":"sale","15":"shipping-taxable","16":"purchasable","17":"product-type-simple"},"_links":{"self":[{"href":"https:\/\/roveyayinevi.com.tr\/index.php\/wp-json\/wp\/v2\/product\/774183","targetHints":{"allow":["GET"]}}],"collection":[{"href":"https:\/\/roveyayinevi.com.tr\/index.php\/wp-json\/wp\/v2\/product"}],"about":[{"href":"https:\/\/roveyayinevi.com.tr\/index.php\/wp-json\/wp\/v2\/types\/product"}],"wp:attachment":[{"href":"https:\/\/roveyayinevi.com.tr\/index.php\/wp-json\/wp\/v2\/media?parent=774183"}],"wp:term":[{"taxonomy":"product_brand","embeddable":true,"href":"https:\/\/roveyayinevi.com.tr\/index.php\/wp-json\/wp\/v2\/product_brand?post=774183"},{"taxonomy":"product_cat","embeddable":true,"href":"https:\/\/roveyayinevi.com.tr\/index.php\/wp-json\/wp\/v2\/product_cat?post=774183"},{"taxonomy":"product_tag","embeddable":true,"href":"https:\/\/roveyayinevi.com.tr\/index.php\/wp-json\/wp\/v2\/product_tag?post=774183"}],"curies":[{"name":"wp","href":"https:\/\/api.w.org\/{rel}","templated":true}]}}