{"id":774177,"date":"2025-08-28T16:42:50","date_gmt":"2025-08-28T13:42:50","guid":{"rendered":"https:\/\/roveyayinevi.com.tr\/index.php\/urun\/harname-seyhi-divanindan-secmeler-ciltli\/"},"modified":"2026-04-15T03:41:38","modified_gmt":"2026-04-15T00:41:38","slug":"harname-seyhi-divanindan-secmeler-ciltli","status":"publish","type":"product","link":"https:\/\/roveyayinevi.com.tr\/index.php\/urun\/harname-seyhi-divanindan-secmeler-ciltli\/","title":{"rendered":"Harname \u2013 \u015eeyhi Divan\u0131\u2019ndan Se\u00e7meler-(Ciltli)"},"content":{"rendered":"<p>\u015eeyh\u00ee (\u00f6. 1431): Hakk\u0131nda yeterli bilgiye ula\u015f\u0131lamayan \u015fairin I. Murad\u2019\u0131n saltanat d\u00f6neminde, 1371-1376 y\u0131llar\u0131 aras\u0131nda Germiyano\u011fullar\u0131 Beyli\u011fi\u2019nin merkezi K\u00fctahya&#8217;da do\u011fdu\u011fu \u015feyh\u00fclisl\u00e2m ve tarih\u00e7i Hoca S\u00e2deddin\u2019in (1536-1599) T\u00e2c\u00fc\u2019t-tev\u00e2r\u00eeh adl\u0131 eserinde ileri s\u00fcr\u00fclm\u00fc\u015ft\u00fcr. De\u011fi\u015fik kaynaklarda Sinan, Y\u00fbsuf Sinan ve Y\u00fbsuf Sin\u00e2n\u00fcddin ad\u0131yla an\u0131lmaktad\u0131r. Ahmed\u00ee, Ahmed-i D\u00e2\u00ee ve \u015eeyho\u011flu Mustaf\u00e2 gibi \u015fairlerle birlikte D\u00eev\u00e2n edebiyat\u0131n\u0131n kurucular\u0131ndan say\u0131l\u0131r. Ayn\u0131 zamanda g\u00f6z hekimidir, \u00c7elebi Sultan Mehmed\u2019in g\u00f6z\u00fcn\u00fc tedavi etmesinin ard\u0131ndan Osmanl\u0131 Devleti\u2019nin ilk re\u00ees-i et\u0131bb\u00e2s\u0131 olmu\u015ftur. En tan\u0131nm\u0131\u015f eseri Harn\u00e2me zarif, nezih ve ironik yap\u0131s\u0131yla D\u00eev\u00e2n edebiyat\u0131nda hiciv ve mizah\u0131n benzersiz bir ba\u015fyap\u0131t\u0131 olarak kabul edilir. 126 beyitten olu\u015fan eser D\u00eev\u00e2n edebiyat\u0131n\u0131n en k\u0131sa mesnevisidir, buna ra\u011fmen bir mesnevide bulunmas\u0131 gereken tevhid, naat, padi\u015faha \u00f6vg\u00fc, konunun i\u015fleni\u015fi ve dua gibi b\u00fct\u00fcn b\u00f6l\u00fcmleri i\u00e7erir. Di\u011fer eserleri D\u00eev\u00e2n\u2019\u0131 ve tezkireciler taraf\u0131ndan \u00e7ok \u00f6nemli oldu\u011fu belirtilen H\u00fcsrev \u00fc \u015e\u00eer\u00een adl\u0131 mesnevisidir. <\/p>\n","protected":false},"excerpt":{"rendered":"<p>\u015eeyh\u00ee (\u00f6. 1431): Hakk\u0131nda yeterli bilgiye ula\u015f\u0131lamayan \u015fairin I. Murad\u2019\u0131n saltanat d\u00f6neminde, 1371-1376 y\u0131llar\u0131 aras\u0131nda Germiyano\u011fullar\u0131 Beyli\u011fi\u2019nin merkezi K\u00fctahya&#8217;da do\u011fdu\u011fu \u015feyh\u00fclisl\u00e2m ve tarih\u00e7i Hoca S\u00e2deddin\u2019in (1536-1599)<span class=\"excerpt-hellip\"> [\u2026]<\/span><\/p>\n","protected":false},"featured_media":0,"template":"","meta":{"_monsterinsights_skip_tracking":false,"_monsterinsights_sitenote_active":false,"_monsterinsights_sitenote_note":"","_monsterinsights_sitenote_category":0},"product_brand":[],"product_cat":[12291,12509],"product_tag":[],"class_list":{"0":"post-774177","1":"product","2":"type-product","3":"status-publish","5":"product_cat-edebiyat","6":"product_cat-siir","7":"pa_cilt-ciltli","8":"pa_tur-kitap","9":"pa_yayinevi-is-bankasi-kultur-yayinlari","10":"pa_yazar-seyhi","12":"first","13":"instock","14":"sale","15":"shipping-taxable","16":"purchasable","17":"product-type-simple"},"_links":{"self":[{"href":"https:\/\/roveyayinevi.com.tr\/index.php\/wp-json\/wp\/v2\/product\/774177","targetHints":{"allow":["GET"]}}],"collection":[{"href":"https:\/\/roveyayinevi.com.tr\/index.php\/wp-json\/wp\/v2\/product"}],"about":[{"href":"https:\/\/roveyayinevi.com.tr\/index.php\/wp-json\/wp\/v2\/types\/product"}],"wp:attachment":[{"href":"https:\/\/roveyayinevi.com.tr\/index.php\/wp-json\/wp\/v2\/media?parent=774177"}],"wp:term":[{"taxonomy":"product_brand","embeddable":true,"href":"https:\/\/roveyayinevi.com.tr\/index.php\/wp-json\/wp\/v2\/product_brand?post=774177"},{"taxonomy":"product_cat","embeddable":true,"href":"https:\/\/roveyayinevi.com.tr\/index.php\/wp-json\/wp\/v2\/product_cat?post=774177"},{"taxonomy":"product_tag","embeddable":true,"href":"https:\/\/roveyayinevi.com.tr\/index.php\/wp-json\/wp\/v2\/product_tag?post=774177"}],"curies":[{"name":"wp","href":"https:\/\/api.w.org\/{rel}","templated":true}]}}