{"id":774173,"date":"2025-08-28T16:42:44","date_gmt":"2025-08-28T13:42:44","guid":{"rendered":"https:\/\/roveyayinevi.com.tr\/index.php\/urun\/hafif-suvari-alayinin-hucumu\/"},"modified":"2026-04-15T03:41:38","modified_gmt":"2026-04-15T00:41:38","slug":"hafif-suvari-alayinin-hucumu","status":"publish","type":"product","link":"https:\/\/roveyayinevi.com.tr\/index.php\/urun\/hafif-suvari-alayinin-hucumu\/","title":{"rendered":"Hafif S\u00fcvari Alay\u0131\u2019n\u0131n H\u00fccumu"},"content":{"rendered":"<p>25 Ekim 1854 tarihinde, K\u0131r\u0131m Sava\u015f\u0131\u2019n\u0131n en kritik g\u00fcnleri s\u00fcrerken, Sivastopol\u2019u ku\u015fatma alt\u0131na almak isteyen Osmanl\u0131, \u0130ngiliz ve Frans\u0131z kuvvetleri, tarihe Balaklava Muharebesi olarak ge\u00e7en bu \u00e7arp\u0131\u015fmada; bir dizi hesaplama hatas\u0131 sonucu kendilerini zor durumda bulmu\u015ftu. \u0130\u015fler bu noktada daha da k\u00f6t\u00fcye gitmi\u015f; komutadaki problemlerin getirdi\u011fi ileti\u015fimsizlik ve yanl\u0131\u015f anla\u015f\u0131lmalar nedeniyle \u0130ngiliz Hafif S\u00fcvari Alay\u0131\u2019na \u00fc\u00e7 taraf\u0131 a\u011f\u0131r Rus top\u00e7u bataryalar\u0131 ve birlikleriyle \u00e7evrili olan dar bir vadiye girerek d\u00fc\u015fman bataryalar\u0131n\u0131 yok etme emri verilmi\u015fti. Tennyson\u2019un \u00f6l\u00fcm vadisi ve cehennemin a\u011fz\u0131 olarak tasvir etmesinden de anla\u015f\u0131laca\u011f\u0131 gibi bu tam bir intihar g\u00f6reviydi. \u201cHafif S\u00fcvari Alay\u0131\u2019n\u0131n H\u00fccumu\u201dnun yan\u0131 s\u0131ra Tennyson\u2019un di\u011fer b\u00fcy\u00fck yap\u0131tlar\u0131 \u201cShalott\u2019un Han\u0131m\u0131\u201d, \u201cTithonus\u201d, \u201cUlysses\u201d, \u201cS\u00f6r Galahad\u201d ve \u201cG\u00fczel Kad\u0131nlar\u0131n H\u00fclyas\u0131\u201d da bu se\u00e7kide yer al\u0131yor. <\/p>\n","protected":false},"excerpt":{"rendered":"<p>25 Ekim 1854 tarihinde, K\u0131r\u0131m Sava\u015f\u0131\u2019n\u0131n en kritik g\u00fcnleri s\u00fcrerken, Sivastopol\u2019u ku\u015fatma alt\u0131na almak isteyen Osmanl\u0131, \u0130ngiliz ve Frans\u0131z kuvvetleri, tarihe Balaklava Muharebesi olarak ge\u00e7en bu<span class=\"excerpt-hellip\"> [\u2026]<\/span><\/p>\n","protected":false},"featured_media":0,"template":"","meta":{"_monsterinsights_skip_tracking":false,"_monsterinsights_sitenote_active":false,"_monsterinsights_sitenote_note":"","_monsterinsights_sitenote_category":0},"product_brand":[],"product_cat":[12291,12509],"product_tag":[],"class_list":{"0":"post-774173","1":"product","2":"type-product","3":"status-publish","5":"product_cat-edebiyat","6":"product_cat-siir","7":"pa_cilt-ciltsiz","8":"pa_tur-kitap","9":"pa_yayinevi-ronin-kitap","10":"pa_yazar-alfred-lord-tennyson","12":"first","13":"instock","14":"sale","15":"shipping-taxable","16":"purchasable","17":"product-type-simple"},"_links":{"self":[{"href":"https:\/\/roveyayinevi.com.tr\/index.php\/wp-json\/wp\/v2\/product\/774173","targetHints":{"allow":["GET"]}}],"collection":[{"href":"https:\/\/roveyayinevi.com.tr\/index.php\/wp-json\/wp\/v2\/product"}],"about":[{"href":"https:\/\/roveyayinevi.com.tr\/index.php\/wp-json\/wp\/v2\/types\/product"}],"wp:attachment":[{"href":"https:\/\/roveyayinevi.com.tr\/index.php\/wp-json\/wp\/v2\/media?parent=774173"}],"wp:term":[{"taxonomy":"product_brand","embeddable":true,"href":"https:\/\/roveyayinevi.com.tr\/index.php\/wp-json\/wp\/v2\/product_brand?post=774173"},{"taxonomy":"product_cat","embeddable":true,"href":"https:\/\/roveyayinevi.com.tr\/index.php\/wp-json\/wp\/v2\/product_cat?post=774173"},{"taxonomy":"product_tag","embeddable":true,"href":"https:\/\/roveyayinevi.com.tr\/index.php\/wp-json\/wp\/v2\/product_tag?post=774173"}],"curies":[{"name":"wp","href":"https:\/\/api.w.org\/{rel}","templated":true}]}}