{"id":774170,"date":"2025-08-28T16:42:40","date_gmt":"2025-08-28T13:42:40","guid":{"rendered":"https:\/\/roveyayinevi.com.tr\/index.php\/urun\/olba-kazilari-1\/"},"modified":"2026-04-15T03:41:37","modified_gmt":"2026-04-15T00:41:37","slug":"olba-kazilari-1","status":"publish","type":"product","link":"https:\/\/roveyayinevi.com.tr\/index.php\/urun\/olba-kazilari-1\/","title":{"rendered":"Olba Kaz\u0131lar\u0131 1"},"content":{"rendered":"<p>Olba Kazilarinin \u0130lk Band\u0131 &#8220;Olba Kaz\u0131lar\u0131 I&#8221; Bilgin K\u00fclt\u00fcr ve Sanat Yay\u0131nlar\u0131ndan \u00e7\u0131kt\u0131.  Cilicia b\u00f6lgesindeki en \u00f6nemli yerle\u015fim birimlerinden olan Olba&#8217;da uzun y\u0131llard\u0131r y\u00fczey ara\u015ft\u0131rmalar\u0131 ve arkeolojik kaz\u0131 \u00e7al\u0131\u015fmalar\u0131 devam etmektedir. Bu kaz\u0131lar\u0131n bilimsel sonu\u00e7lar\u0131 Seleucia dergisinde peyderpey yayinlanmakta ve bilim insanlar\u0131 ile bulu\u015fmaktadir.  Olba Kaz\u0131lar\u0131 1 Band\u0131 ise Kaz\u0131lara kat\u0131lan \u00e7e\u015fitli alanlarda uzmanl\u0131k alanlar\u0131na sahip bilim insanlar\u0131n\u0131n de\u011ferli \u00e7al\u0131\u015fmalar\u0131na yer vermesi bak\u0131m\u0131ndan farkl\u0131 bir konsept sunmaktad\u0131r. Tamam\u0131 kentte yap\u0131lan kaz\u0131 \u00e7al\u0131\u015fmalar\u0131nda yap\u0131lan tespit ve malzeme -materyal odakl\u0131 \u00e7al\u0131\u015fmalara odaklanan makaleleri i\u00e7eren band\u0131m\u0131z b\u00f6lge arkeolojisi i\u00e7in \u00e7ok yeni sonu\u00e7lar\u0131 ihtiva etmektedir. Bu vesile ile Olba Kaz\u0131lar\u0131na ait yeni band \u00e7al\u0131\u015fmalar\u0131n\u0131n da yolda oldu\u011funu belirtirken; band\u0131m\u0131z\u0131 arkeoloji, k\u00fclt\u00fcr ve sanata ilgi duyanlar\u0131n istifadesine sunman\u0131n gururunu ya\u015famaktay\u0131z.<\/p>\n","protected":false},"excerpt":{"rendered":"<p>Olba Kazilarinin \u0130lk Band\u0131 &#8220;Olba Kaz\u0131lar\u0131 I&#8221; Bilgin K\u00fclt\u00fcr ve Sanat Yay\u0131nlar\u0131ndan \u00e7\u0131kt\u0131. Cilicia b\u00f6lgesindeki en \u00f6nemli yerle\u015fim birimlerinden olan Olba&#8217;da uzun y\u0131llard\u0131r y\u00fczey ara\u015ft\u0131rmalar\u0131 ve<span class=\"excerpt-hellip\"> [\u2026]<\/span><\/p>\n","protected":false},"featured_media":0,"template":"","meta":{"_monsterinsights_skip_tracking":false,"_monsterinsights_sitenote_active":false,"_monsterinsights_sitenote_note":"","_monsterinsights_sitenote_category":0},"product_brand":[],"product_cat":[52477,52478],"product_tag":[],"class_list":{"0":"post-774170","1":"product","2":"type-product","3":"status-publish","5":"product_cat-arastirma","6":"product_cat-arkeoloji","7":"pa_cilt-ciltsiz","8":"pa_tur-kitap","9":"pa_yayinevi-bilgin-kultur-sanat","10":"pa_yazar-yavuz-yegin-murat-ozyildirim","12":"first","13":"instock","14":"sale","15":"shipping-taxable","16":"purchasable","17":"product-type-simple"},"_links":{"self":[{"href":"https:\/\/roveyayinevi.com.tr\/index.php\/wp-json\/wp\/v2\/product\/774170","targetHints":{"allow":["GET"]}}],"collection":[{"href":"https:\/\/roveyayinevi.com.tr\/index.php\/wp-json\/wp\/v2\/product"}],"about":[{"href":"https:\/\/roveyayinevi.com.tr\/index.php\/wp-json\/wp\/v2\/types\/product"}],"wp:attachment":[{"href":"https:\/\/roveyayinevi.com.tr\/index.php\/wp-json\/wp\/v2\/media?parent=774170"}],"wp:term":[{"taxonomy":"product_brand","embeddable":true,"href":"https:\/\/roveyayinevi.com.tr\/index.php\/wp-json\/wp\/v2\/product_brand?post=774170"},{"taxonomy":"product_cat","embeddable":true,"href":"https:\/\/roveyayinevi.com.tr\/index.php\/wp-json\/wp\/v2\/product_cat?post=774170"},{"taxonomy":"product_tag","embeddable":true,"href":"https:\/\/roveyayinevi.com.tr\/index.php\/wp-json\/wp\/v2\/product_tag?post=774170"}],"curies":[{"name":"wp","href":"https:\/\/api.w.org\/{rel}","templated":true}]}}