{"id":774169,"date":"2025-08-28T16:42:38","date_gmt":"2025-08-28T13:42:38","guid":{"rendered":"https:\/\/roveyayinevi.com.tr\/index.php\/urun\/uzun-yasam-paradoksu\/"},"modified":"2026-04-15T03:41:37","modified_gmt":"2026-04-15T00:41:37","slug":"uzun-yasam-paradoksu","status":"publish","type":"product","link":"https:\/\/roveyayinevi.com.tr\/index.php\/urun\/uzun-yasam-paradoksu\/","title":{"rendered":"Uzun Ya\u015fam Paradoksu"},"content":{"rendered":"<p>Do\u011fdu\u011fumuz andan itibaren hu\u0308crelerimiz ya\u015flanmaya ba\u015flar. Ancak ya\u015flanmak, her zaman \u201cdu\u0308\u015fu\u0308\u015fe ge\u00e7mek\u201d demek de\u011fildir. Du\u0308nyaca tan\u0131nan cerrah Dr. Steven R. Gundry, kariyerinin bu\u0308yu\u0308k b\u00f6lu\u0308mu\u0308nde ileri ya\u015ftaki hastalar\u0131 tedavi etti ve neredeyse herkesin sonsuza dek ya\u015famay\u0131 arzulad\u0131\u011f\u0131na tan\u0131k oldu. Peki hem uzun bir \u00f6mu\u0308r su\u0308rme iste\u011fimizi hem de gen\u00e7li\u011fin nimetlerinden yararlanma arzumuzu nas\u0131l birle\u015ftirebiliriz?   Gundry, en \u00e7ok korktu\u011fumuz \u201cya\u015fl\u0131l\u0131k hastal\u0131klar\u0131n\u0131n\u201d yaln\u0131zca ya\u015f\u0131n do\u011fal bir sonucu olmad\u0131\u011f\u0131n\u0131; as\u0131l olarak y\u0131llar boyunca nas\u0131l ya\u015fad\u0131\u011f\u0131m\u0131z\u0131n bir \u00e7\u0131kt\u0131s\u0131 oldu\u011funu ke\u015ffetti. Bu ke\u015ffin sonucunda kaleme ald\u0131\u011f\u0131 Uzun Ya\u015fam Paradoksu\u2019nda ise ya\u015fl\u0131l\u0131\u011f\u0131 sa\u011fl\u0131kl\u0131 kar\u015f\u0131lamak i\u00e7in yeni bir yakla\u015f\u0131m sundu: Bu yakla\u015f\u0131m\u0131n merkezinde, vu\u0308cudumuzda ya\u015fayan ve bizdeki en \u201ceski\u201d par\u00e7alar say\u0131labilecek mikroorganizmalar\u0131n sa\u011fl\u0131\u011f\u0131n\u0131 desteklemek yer al\u0131yor.   Gundry, Uzun Ya\u015fam Paradoksu\u2019nda ba\u011f\u0131rsak sa\u011fl\u0131\u011f\u0131n\u0131 koruyacak ve \u00f6nu\u0308mu\u0308zdeki y\u0131llarda kaliteli bir ya\u015fam su\u0308rmenizi sa\u011flayacak bir beslenme ve ya\u015fam tarz\u0131 plan\u0131 payla\u015f\u0131yor. Ya\u015flanma bilimine dair ilerici bir bak\u0131\u015f a\u00e7\u0131s\u0131yla yaz\u0131lan bu kitap, hastal\u0131klar\u0131 \u00f6nlemek ve tersine \u00e7evirmek i\u00e7in uygulanabilir bir eylem plan\u0131 ile herkesin daha gen\u00e7 ve enerjik hissetmesini sa\u011flayacak basit ama etkili \u00f6neriler sunuyor. <\/p>\n","protected":false},"excerpt":{"rendered":"<p>Do\u011fdu\u011fumuz andan itibaren hu\u0308crelerimiz ya\u015flanmaya ba\u015flar. Ancak ya\u015flanmak, her zaman \u201cdu\u0308\u015fu\u0308\u015fe ge\u00e7mek\u201d demek de\u011fildir. Du\u0308nyaca tan\u0131nan cerrah Dr. Steven R. Gundry, kariyerinin bu\u0308yu\u0308k b\u00f6lu\u0308mu\u0308nde ileri ya\u015ftaki<span class=\"excerpt-hellip\"> [\u2026]<\/span><\/p>\n","protected":false},"featured_media":0,"template":"","meta":{"_monsterinsights_skip_tracking":false,"_monsterinsights_sitenote_active":false,"_monsterinsights_sitenote_note":"","_monsterinsights_sitenote_category":0},"product_brand":[],"product_cat":[20313,13365],"product_tag":[],"class_list":{"0":"post-774169","1":"product","2":"type-product","3":"status-publish","5":"product_cat-basvuru-kitaplari-saglik","6":"product_cat-saglik","7":"pa_cilt-ciltsiz","8":"pa_tur-kitap","9":"pa_yayinevi-nova-kitap","10":"pa_yazar-steven-r-gundry","12":"first","13":"instock","14":"sale","15":"shipping-taxable","16":"purchasable","17":"product-type-simple"},"_links":{"self":[{"href":"https:\/\/roveyayinevi.com.tr\/index.php\/wp-json\/wp\/v2\/product\/774169","targetHints":{"allow":["GET"]}}],"collection":[{"href":"https:\/\/roveyayinevi.com.tr\/index.php\/wp-json\/wp\/v2\/product"}],"about":[{"href":"https:\/\/roveyayinevi.com.tr\/index.php\/wp-json\/wp\/v2\/types\/product"}],"wp:attachment":[{"href":"https:\/\/roveyayinevi.com.tr\/index.php\/wp-json\/wp\/v2\/media?parent=774169"}],"wp:term":[{"taxonomy":"product_brand","embeddable":true,"href":"https:\/\/roveyayinevi.com.tr\/index.php\/wp-json\/wp\/v2\/product_brand?post=774169"},{"taxonomy":"product_cat","embeddable":true,"href":"https:\/\/roveyayinevi.com.tr\/index.php\/wp-json\/wp\/v2\/product_cat?post=774169"},{"taxonomy":"product_tag","embeddable":true,"href":"https:\/\/roveyayinevi.com.tr\/index.php\/wp-json\/wp\/v2\/product_tag?post=774169"}],"curies":[{"name":"wp","href":"https:\/\/api.w.org\/{rel}","templated":true}]}}