{"id":774164,"date":"2025-08-28T16:42:28","date_gmt":"2025-08-28T13:42:28","guid":{"rendered":"https:\/\/roveyayinevi.com.tr\/index.php\/urun\/gunahkar-azizler\/"},"modified":"2026-04-15T03:41:37","modified_gmt":"2026-04-15T00:41:37","slug":"gunahkar-azizler","status":"publish","type":"product","link":"https:\/\/roveyayinevi.com.tr\/index.php\/urun\/gunahkar-azizler\/","title":{"rendered":"G\u00fcnahkar Azizler"},"content":{"rendered":"<p>Tutkulu, destans\u0131 ve asla unutulmayacak bir hik\u00e2ye\u2026 Tanr\u0131lar\u0131n f\u0131s\u0131lt\u0131lar\u0131n\u0131 zihninde duyan bir k\u0131z: Nadya. Hayatta kalmak i\u00e7in sava\u015fan, etraf\u0131 onu \u00f6ld\u00fcrmek isteyenlerle \u00e7evrili bir prens&#8230; Soluk ve keder dolu g\u00f6zlerin ard\u0131nda, b\u0131\u00e7ak gibi keskin bir g\u00fcl\u00fcmsemeyle saklanm\u0131\u015f bir canavar&#8230; G\u00fcnahk\u00e2rlar\u0131n ve azizlerin, b\u00fcy\u00fclerin ve s\u0131rlar\u0131n i\u00e7 i\u00e7e ge\u00e7ti\u011fi bir d\u00fcnyada, bu \u00fc\u00e7 karakterin yollar\u0131 y\u00fczy\u0131llard\u0131r s\u00fcren bir sava\u015f\u0131n ortas\u0131nda kesi\u015fecekti. Y\u0131ld\u0131zlara kar\u015f\u0131 gelen bir a\u015fk, karanl\u0131kla ayd\u0131nl\u0131k aras\u0131ndaki dengeyi sonsuza dek de\u011fi\u015ftirebilir miydi?   \u201cBaz\u0131 hik\u00e2yeler vard\u0131r; hem \u00f6ylesine g\u00fczel hem de \u00f6ylesine ac\u0131mas\u0131zd\u0131r, kalbinize dokunur ve bir daha asla b\u0131rakmaz.\u201d \u201cKarla \u00f6rt\u00fclm\u00fc\u015f, kana bulanm\u0131\u015f bir masal&#8230; Canavarlar\u0131n kalbini \u00e7ald\u0131\u011f\u0131, a\u015fk\u0131n ise k\u00e2busa d\u00f6n\u00fc\u015ft\u00fc\u011f\u00fc bir hik\u00e2ye. Unutulmaz.\u201d \u2014ROSHANI CHOKSHI \u201cBu kitap beni mahvetti ve ben h\u00e2l\u00e2 etkisinden kurtulamad\u0131m. Bay\u0131ld\u0131m!\u201d\u2014STEPHANIE GARBER \u201cSARSICI AMA SON DERECE TATM\u0130N ED\u0130C\u0130 B\u0130R H\u0130K\u00c2YE.Hem ac\u0131mas\u0131z hem b\u00fcy\u00fcleyici; unutulmayacak karakterlerle dolu.\u201d\u2014ROSAMUND HODGE \u201cBu gotik kurgu, demir pen\u00e7elerini kalbine ge\u00e7irip sizi ele ge\u00e7irecek ve son sayfay\u0131 \u00e7evirene kadar da b\u0131rakmayacak!\u201d\u2014ROBIN LaFEVERS \u201cKaranl\u0131k, vah\u015fi ve romantik. Hepimizin yolunu g\u00f6zledi\u011fi o \u2018k\u00f6t\u00fc \u00e7ocuk\u2019 nihayet geldi.\u201d\u2014MARGARET ROGERSON \u201cBa\u015f d\u00f6nd\u00fcr\u00fcc\u00fc derecede karanl\u0131k ve b\u00fcy\u00fcleyici\u2026 Uyanmak istemeyece\u011finiz bir r\u00fcya gibi.\u201d\u2014ADRIENNE YOUNG <\/p>\n","protected":false},"excerpt":{"rendered":"<p>Tutkulu, destans\u0131 ve asla unutulmayacak bir hik\u00e2ye\u2026 Tanr\u0131lar\u0131n f\u0131s\u0131lt\u0131lar\u0131n\u0131 zihninde duyan bir k\u0131z: Nadya. Hayatta kalmak i\u00e7in sava\u015fan, etraf\u0131 onu \u00f6ld\u00fcrmek isteyenlerle \u00e7evrili bir prens&#8230; Soluk<span class=\"excerpt-hellip\"> [\u2026]<\/span><\/p>\n","protected":false},"featured_media":0,"template":"","meta":{"_monsterinsights_skip_tracking":false,"_monsterinsights_sitenote_active":false,"_monsterinsights_sitenote_note":"","_monsterinsights_sitenote_category":0},"product_brand":[],"product_cat":[12291,14777],"product_tag":[],"class_list":{"0":"post-774164","1":"product","2":"type-product","3":"status-publish","5":"product_cat-edebiyat","6":"product_cat-fantastik","7":"pa_cilt-ciltsiz","8":"pa_tur-kitap","9":"pa_yayinevi-yabanci-yayinevi","10":"pa_yazar-emily-a-duncan","12":"first","13":"instock","14":"sale","15":"shipping-taxable","16":"purchasable","17":"product-type-simple"},"_links":{"self":[{"href":"https:\/\/roveyayinevi.com.tr\/index.php\/wp-json\/wp\/v2\/product\/774164","targetHints":{"allow":["GET"]}}],"collection":[{"href":"https:\/\/roveyayinevi.com.tr\/index.php\/wp-json\/wp\/v2\/product"}],"about":[{"href":"https:\/\/roveyayinevi.com.tr\/index.php\/wp-json\/wp\/v2\/types\/product"}],"wp:attachment":[{"href":"https:\/\/roveyayinevi.com.tr\/index.php\/wp-json\/wp\/v2\/media?parent=774164"}],"wp:term":[{"taxonomy":"product_brand","embeddable":true,"href":"https:\/\/roveyayinevi.com.tr\/index.php\/wp-json\/wp\/v2\/product_brand?post=774164"},{"taxonomy":"product_cat","embeddable":true,"href":"https:\/\/roveyayinevi.com.tr\/index.php\/wp-json\/wp\/v2\/product_cat?post=774164"},{"taxonomy":"product_tag","embeddable":true,"href":"https:\/\/roveyayinevi.com.tr\/index.php\/wp-json\/wp\/v2\/product_tag?post=774164"}],"curies":[{"name":"wp","href":"https:\/\/api.w.org\/{rel}","templated":true}]}}