{"id":774159,"date":"2025-08-28T16:42:20","date_gmt":"2025-08-28T13:42:20","guid":{"rendered":"https:\/\/roveyayinevi.com.tr\/index.php\/urun\/balina-dususu\/"},"modified":"2026-04-15T03:41:37","modified_gmt":"2026-04-15T00:41:37","slug":"balina-dususu","status":"publish","type":"product","link":"https:\/\/roveyayinevi.com.tr\/index.php\/urun\/balina-dususu\/","title":{"rendered":"Balina D\u00fc\u015f\u00fc\u015f\u00fc"},"content":{"rendered":"<p>\u201c\u0130nsanlar Mars hakk\u0131nda okyanuslardan daha \u00e7ok \u015fey biliyor. O yu\u0308zden bu derinlerde her \u015fey olabilir. O yu\u0308zden, bu derinliklerde her \u015fey var.\u201d   New York Times \u00e7oksatan yazar\u0131 Daniel Kraus\u2019tan Balina Du\u0308\u015fu\u0308\u015fu\u0308, Marsl\u0131\u2019n\u0131n zek\u00e2 dolu kurgusunu 127 Saat\u2019in hayatta kalma mu\u0308cadelesiyle harmanl\u0131yor.   Jay Gardiner, Manast\u0131r Sahili a\u00e7\u0131klar\u0131ndaki Pasifik Okyanusu\u2019nda \u00f6len babas\u0131n\u0131n cenazesini bulmak gibi imk\u00e2ns\u0131z bir g\u00f6reve kendini adam\u0131\u015ft\u0131. B\u00f6ylesi bir i\u015fin zorlu\u011funu bilse de, ge\u00e7en sene intihar eden babas\u0131n\u0131n \u00f6lu\u0308mu\u0308nden bu yana ta\u015f\u0131d\u0131\u011f\u0131 su\u00e7luluk duygusundan kurtulman\u0131n tek yolunun bu oldu\u011funu du\u0308\u015fu\u0308nu\u0308yordu.   Fakat oksijeninin bitmesine bir saat kala dev bir balina taraf\u0131ndan yutulan Jay\u2019in hayatta kalmak i\u00e7in \u00e7etin bir mu\u0308cadeleye girmesi gerekecekti\u2026 Tabii \u00f6nce kendi i\u00e7inde verdi\u011fi sava\u015f\u0131 kazanabilirse.   \u201cBalina Du\u0308\u015fu\u0308\u015fu\u0308 mu\u0308kemmel bir kitap. Kesinlikle okunmal\u0131.\u201d \u2013Gillian Flynn   \u201cNefes kesici bir roman; ger\u00e7ek anlamda!\u201d \u2013Christopher Golden <\/p>\n","protected":false},"excerpt":{"rendered":"<p>\u201c\u0130nsanlar Mars hakk\u0131nda okyanuslardan daha \u00e7ok \u015fey biliyor. O yu\u0308zden bu derinlerde her \u015fey olabilir. O yu\u0308zden, bu derinliklerde her \u015fey var.\u201d New York Times \u00e7oksatan<span class=\"excerpt-hellip\"> [\u2026]<\/span><\/p>\n","protected":false},"featured_media":0,"template":"","meta":{"_monsterinsights_skip_tracking":false,"_monsterinsights_sitenote_active":false,"_monsterinsights_sitenote_note":"","_monsterinsights_sitenote_category":0},"product_brand":[],"product_cat":[141304],"product_tag":[],"class_list":{"0":"post-774159","1":"product","2":"type-product","3":"status-publish","5":"product_cat-yeni-cikanlar","6":"pa_cilt-ciltsiz","7":"pa_tur-kitap","8":"pa_yayinevi-ithaki-yayinlari","9":"pa_yazar-daniel-kraus","11":"first","12":"instock","13":"sale","14":"shipping-taxable","15":"purchasable","16":"product-type-simple"},"_links":{"self":[{"href":"https:\/\/roveyayinevi.com.tr\/index.php\/wp-json\/wp\/v2\/product\/774159","targetHints":{"allow":["GET"]}}],"collection":[{"href":"https:\/\/roveyayinevi.com.tr\/index.php\/wp-json\/wp\/v2\/product"}],"about":[{"href":"https:\/\/roveyayinevi.com.tr\/index.php\/wp-json\/wp\/v2\/types\/product"}],"wp:attachment":[{"href":"https:\/\/roveyayinevi.com.tr\/index.php\/wp-json\/wp\/v2\/media?parent=774159"}],"wp:term":[{"taxonomy":"product_brand","embeddable":true,"href":"https:\/\/roveyayinevi.com.tr\/index.php\/wp-json\/wp\/v2\/product_brand?post=774159"},{"taxonomy":"product_cat","embeddable":true,"href":"https:\/\/roveyayinevi.com.tr\/index.php\/wp-json\/wp\/v2\/product_cat?post=774159"},{"taxonomy":"product_tag","embeddable":true,"href":"https:\/\/roveyayinevi.com.tr\/index.php\/wp-json\/wp\/v2\/product_tag?post=774159"}],"curies":[{"name":"wp","href":"https:\/\/api.w.org\/{rel}","templated":true}]}}