{"id":774158,"date":"2025-08-28T16:42:17","date_gmt":"2025-08-28T13:42:17","guid":{"rendered":"https:\/\/roveyayinevi.com.tr\/index.php\/urun\/johnny-askere-gitti\/"},"modified":"2026-04-15T03:41:37","modified_gmt":"2026-04-15T00:41:37","slug":"johnny-askere-gitti","status":"publish","type":"product","link":"https:\/\/roveyayinevi.com.tr\/index.php\/urun\/johnny-askere-gitti\/","title":{"rendered":"Johnny Askere Gitti"},"content":{"rendered":"<p>Hollywood\u2019un en parlak senaristlerinden Dalton Trumbo, 1939\u2019da Ulusal Kitap \u00d6du\u0308lu\u0308 verilen, Amerikan edebiyat\u0131n\u0131n en etkileyici sava\u015f kar\u015f\u0131t\u0131 romanlar\u0131ndan biri olan Johnny Askere Gitti\u2019yle e\u015fsiz bir i\u015f\u00e7i s\u0131n\u0131f\u0131 kahramanl\u0131k destan\u0131 ortaya koyar. Yazar\u0131n Hollywood\u2019da ba\u015flayan cad\u0131 av\u0131nda \u00e7al\u0131\u015fmas\u0131 engellenen ilk isimlerden biri olmas\u0131, biraz da okurlar\u0131n bu\u0308yu\u0308k ilgi g\u00f6sterdi\u011fi bu roman nedeniyledir. Her \u015feye ra\u011fmen mu\u0308stear adla \u00e7al\u0131\u015f\u0131rken Akademi \u00d6du\u0308lleri\u2019nde iki kere en iyi senaryo \u00f6du\u0308lu\u0308ne lay\u0131k g\u00f6ru\u0308len Trumbo, 1960\u2019da Spartacus filminde kendi ad\u0131yla yer al\u0131nca, u\u0308lkede cad\u0131 av\u0131n\u0131n bitti\u011fi anla\u015f\u0131lacakt\u0131r. 1971\u2019de y\u00f6netmen koltu\u011funa bizzat kendisi oturarak filme ald\u0131\u011f\u0131 ba\u015fyap\u0131t\u0131, y\u0131llar sonra Metallica\u2019n\u0131n \u201cOne\u201d \u015fark\u0131s\u0131na da ilham olur.   Joe Bonham, herkes gibi arkada\u015flar\u0131yla bu\u0308yu\u0308yen, \u00e2\u015f\u0131k olan, hayal k\u0131r\u0131kl\u0131\u011f\u0131na u\u011frayan, \u00e7al\u0131\u015fan, bu\u0308yu\u0308k kente g\u00f6\u00e7en, ni\u015fanlanan, \u00f6nu\u0308nde bir \u00f6mu\u0308r bulundu\u011funa inanan s\u0131radan bir gen\u00e7 adam. Derken u\u0308lkesi tu\u0308m sava\u015flar\u0131 bitirece\u011fi iddia edilen bu\u0308yu\u0308k sava\u015fa kat\u0131l\u0131nca, askere yaz\u0131l\u0131r ve bamba\u015fka bir kahramanl\u0131k hik\u00e2yesi ba\u015flar: Muharebede kollar\u0131n\u0131, bacaklar\u0131n\u0131, yu\u0308zu\u0308nu\u0308, g\u00f6rme, i\u015fitme, konu\u015fma yetilerini kaybedip hastanede yata\u011fa mahk\u00fbm kalmas\u0131na ra\u011fmen capcanl\u0131 zihninde bize hayat\u0131n\u0131, hayallerini, g\u00f6ru\u0308\u015flerini, hastane personeline de canl\u0131, du\u0308\u015fu\u0308nen bir insan oldu\u011funu anlatacakt\u0131r.   \u00d6zgu\u0308rlu\u0308k u\u011fruna can\u0131m\u0131 ortaya koyacaksam \u00f6zgu\u0308rlu\u0308kle neyin kastedildi\u011fini, kimlerin \u00f6zgu\u0308rlu\u0308\u011fu\u0308nden bahsetti\u011fimizi, o \u00f6zgu\u0308rlu\u0308kten pay\u0131m\u0131za ne kadar\u0131n\u0131n du\u0308\u015fece\u011fini \u00f6nceden bilmem laz\u0131m.   \u201cS\u0131rad\u0131\u015f\u0131 oranda tahrik edici bir kitap, dili tutkulu, duygusal etkisi a\u00e7\u0131s\u0131ndan kuvvetli, sava\u015f\u0131n ne kadar pis bir i\u015f oldu\u011funu, ne kadar ak\u0131ld\u0131\u015f\u0131 ve gereksiz oldu\u011funu mu\u0308danas\u0131z du\u0308ru\u0308st s\u00f6zleriyle anlatan bir roman.\u201d \u2013BOSTON HERALD   \u201cSadece \u00e7ok gu\u0308\u00e7lu\u0308 bir sava\u015f kar\u015f\u0131t\u0131 belge de\u011fil; ayn\u0131 zamanda hayal gu\u0308cu\u0308nu\u0308n etkili ve \u00e7ok parlak bir \u00f6rne\u011fi.\u201d \u2013SATURDAY REVIEW <\/p>\n","protected":false},"excerpt":{"rendered":"<p>Hollywood\u2019un en parlak senaristlerinden Dalton Trumbo, 1939\u2019da Ulusal Kitap \u00d6du\u0308lu\u0308 verilen, Amerikan edebiyat\u0131n\u0131n en etkileyici sava\u015f kar\u015f\u0131t\u0131 romanlar\u0131ndan biri olan Johnny Askere Gitti\u2019yle e\u015fsiz bir i\u015f\u00e7i<span class=\"excerpt-hellip\"> [\u2026]<\/span><\/p>\n","protected":false},"featured_media":0,"template":"","meta":{"_monsterinsights_skip_tracking":false,"_monsterinsights_sitenote_active":false,"_monsterinsights_sitenote_note":"","_monsterinsights_sitenote_category":0},"product_brand":[],"product_cat":[12291,12711],"product_tag":[],"class_list":{"0":"post-774158","1":"product","2":"type-product","3":"status-publish","5":"product_cat-edebiyat","6":"product_cat-roman-oyku","7":"pa_cilt-ciltsiz","8":"pa_tur-kitap","9":"pa_yayinevi-ithaki-yayinlari","10":"pa_yazar-dalton-trumbo","12":"first","13":"instock","14":"sale","15":"shipping-taxable","16":"purchasable","17":"product-type-simple"},"_links":{"self":[{"href":"https:\/\/roveyayinevi.com.tr\/index.php\/wp-json\/wp\/v2\/product\/774158","targetHints":{"allow":["GET"]}}],"collection":[{"href":"https:\/\/roveyayinevi.com.tr\/index.php\/wp-json\/wp\/v2\/product"}],"about":[{"href":"https:\/\/roveyayinevi.com.tr\/index.php\/wp-json\/wp\/v2\/types\/product"}],"wp:attachment":[{"href":"https:\/\/roveyayinevi.com.tr\/index.php\/wp-json\/wp\/v2\/media?parent=774158"}],"wp:term":[{"taxonomy":"product_brand","embeddable":true,"href":"https:\/\/roveyayinevi.com.tr\/index.php\/wp-json\/wp\/v2\/product_brand?post=774158"},{"taxonomy":"product_cat","embeddable":true,"href":"https:\/\/roveyayinevi.com.tr\/index.php\/wp-json\/wp\/v2\/product_cat?post=774158"},{"taxonomy":"product_tag","embeddable":true,"href":"https:\/\/roveyayinevi.com.tr\/index.php\/wp-json\/wp\/v2\/product_tag?post=774158"}],"curies":[{"name":"wp","href":"https:\/\/api.w.org\/{rel}","templated":true}]}}