{"id":774143,"date":"2025-08-28T16:41:52","date_gmt":"2025-08-28T13:41:52","guid":{"rendered":"https:\/\/roveyayinevi.com.tr\/index.php\/urun\/bagdat-guncesi\/"},"modified":"2026-04-15T03:41:37","modified_gmt":"2026-04-15T00:41:37","slug":"bagdat-guncesi","status":"publish","type":"product","link":"https:\/\/roveyayinevi.com.tr\/index.php\/urun\/bagdat-guncesi\/","title":{"rendered":"Ba\u011fdat G\u00fcncesi"},"content":{"rendered":"<p>SARAYIN KAPILARI, CEPHEN\u0130N YANKILARI VE KR\u0130Z\u0130N AYAK SESLER\u0130 \u201cAncak t\u00fcm konular aras\u0131nda en iyi bilgi ve analiz kayna\u011f\u0131 \u015f\u00fcphesiz T\u00fcrkiye B\u00fcy\u00fckel\u00e7ili\u011fi\u2019ydi&#8230; Hayat\u0131m boyunca tan\u0131d\u0131\u011f\u0131m en iyi ve en etkili diplomatlardan baz\u0131lar\u0131 oradayd\u0131. B\u00fcy\u00fckel\u00e7ileri S\u00f6nmez [&#8230;] her toplant\u0131y\u0131, her g\u00f6r\u00fc\u015fmeyi ve her g\u00f6zlemi titizlikle not alan, son derece dikkatli bir insand\u0131. Bir konuyu ele al\u0131p konu\u015fmaya ba\u015flad\u0131\u011f\u0131m\u0131zda mutlaka k\u00fc\u00e7\u00fck ciltli not defterini \u00e7\u0131kar\u0131r, hem payla\u015faca\u011f\u0131 bilgileri kontrol eder hem de bizim s\u00f6ylediklerimizi not al\u0131rd\u0131. Diplomatik an\u0131lar\u0131n\u0131 kaleme ald\u0131\u011f\u0131nda, ilk K\u00f6rfez Sava\u015f\u0131\u2019na giden d\u00f6nemin en yetkin tarih\u00ee kayna\u011f\u0131 olaca\u011f\u0131na inan\u0131yorum.\u201d\u2014 ABD Eski B\u00fcy\u00fckel\u00e7isi Joseph Wilson, The Politics of Truth     1986-1990&#8230; Irak-\u0130ran Sava\u015f\u0131\u2019n\u0131n son y\u0131llar\u0131 ve Birinci K\u00f6rfez Sava\u015f\u0131\u2019na giden s\u00fcrecin en kritik d\u00f6nemi. Saddam H\u00fcseyin rejiminin demir bir perdeyle kapatt\u0131\u011f\u0131 Ba\u011fdat\u2019\u0131n kalbinde, T\u00fcrkiye Cumhuriyeti\u2019ni temsil eden bir isim vard\u0131: B\u00fcy\u00fckel\u00e7i S\u00f6nmez K\u00f6ksal. D\u0131\u015fi\u015fleri Bakanl\u0131\u011f\u0131\u2019ndaki uzun kariyerinin ard\u0131ndan Mill\u00ee \u0130stihbarat Te\u015fkilat\u0131\u2019n\u0131n ilk sivil m\u00fcste\u015far\u0131 olarak da g\u00f6rev yapacak olan K\u00f6ksal, tarihin h\u0131zland\u0131\u011f\u0131 bu y\u0131llara bizzat tan\u0131kl\u0131k etti. G\u00f6rev s\u00fcresi boyunca tuttu\u011fu g\u00fcnl\u00fck notlar ve ki\u015fisel de\u011ferlendirmelerinden olu\u015fan Ba\u011fdat G\u00fcncesi, okuru Saddam ve Tar\u0131k Aziz\u2019le yap\u0131lan g\u00f6r\u00fc\u015fmelerin kapal\u0131 kap\u0131lar\u0131 ard\u0131na, diplomatik yaz\u0131\u015fmalar\u0131n perde arkas\u0131na ve sava\u015f ko\u015fullar\u0131ndaki bir ba\u015fkentte hayat\u0131n ve siyasetin k\u0131lcal damarlar\u0131na ta\u015f\u0131yor. T\u00fcrkiye-Irak ili\u015fkilerinin en \u00e7alkant\u0131l\u0131 d\u00f6nemlerinden birine \u0131\u015f\u0131k tutan Ba\u011fdat G\u00fcncesi; bir sava\u015f\u0131n biti\u015fini, Kuveyt\u2019in i\u015fgaline giden s\u00fcrecin ayak seslerini, bask\u0131c\u0131 bir rejimde do\u011fru bilgiye ula\u015fman\u0131n zorluklar\u0131n\u0131 ve Ankara\u2019ya en isabetli resmi \u00e7izme \u00e7abalar\u0131n\u0131 belgeliyor. Ayr\u0131ca bir b\u00fcy\u00fckel\u00e7ili\u011fin g\u00fcnl\u00fck i\u015fleyi\u015fine dair t\u00fcm ayr\u0131nt\u0131lar da bu sat\u0131rlarda yer buluyor. B\u00fcy\u00fck bir diplomatik tecr\u00fcbenin s\u00fczgecinden ge\u00e7en bu notlar, hem okurlara hem tarih\u00e7ilere paha bi\u00e7ilmez bir kaynak sunuyor. Ba\u011fdat G\u00fcncesi, bir sava\u015f\u0131n son anlar\u0131ndan bir di\u011ferinin do\u011fu\u015funa uzanan s\u00fcreci g\u00f6zler \u00f6n\u00fcne seriyor; yak\u0131n tarihin en \u00f6nemli d\u00f6neme\u00e7lerinden birini, bir diplomat\u0131n g\u00f6z\u00fcnden i\u00e7eriden okuma ve anlama f\u0131rsat\u0131 sa\u011fl\u0131yor.<\/p>\n","protected":false},"excerpt":{"rendered":"<p>SARAYIN KAPILARI, CEPHEN\u0130N YANKILARI VE KR\u0130Z\u0130N AYAK SESLER\u0130 \u201cAncak t\u00fcm konular aras\u0131nda en iyi bilgi ve analiz kayna\u011f\u0131 \u015f\u00fcphesiz T\u00fcrkiye B\u00fcy\u00fckel\u00e7ili\u011fi\u2019ydi&#8230; Hayat\u0131m boyunca tan\u0131d\u0131\u011f\u0131m en iyi<span class=\"excerpt-hellip\"> [\u2026]<\/span><\/p>\n","protected":false},"featured_media":0,"template":"","meta":{"_monsterinsights_skip_tracking":false,"_monsterinsights_sitenote_active":false,"_monsterinsights_sitenote_note":"","_monsterinsights_sitenote_category":0},"product_brand":[],"product_cat":[141304],"product_tag":[],"class_list":{"0":"post-774143","1":"product","2":"type-product","3":"status-publish","5":"product_cat-yeni-cikanlar","6":"pa_cilt-ciltsiz","7":"pa_tur-kitap","8":"pa_yayinevi-kronik-kitap","9":"pa_yazar-sonmez-koksal","11":"first","12":"instock","13":"sale","14":"shipping-taxable","15":"purchasable","16":"product-type-simple"},"_links":{"self":[{"href":"https:\/\/roveyayinevi.com.tr\/index.php\/wp-json\/wp\/v2\/product\/774143","targetHints":{"allow":["GET"]}}],"collection":[{"href":"https:\/\/roveyayinevi.com.tr\/index.php\/wp-json\/wp\/v2\/product"}],"about":[{"href":"https:\/\/roveyayinevi.com.tr\/index.php\/wp-json\/wp\/v2\/types\/product"}],"wp:attachment":[{"href":"https:\/\/roveyayinevi.com.tr\/index.php\/wp-json\/wp\/v2\/media?parent=774143"}],"wp:term":[{"taxonomy":"product_brand","embeddable":true,"href":"https:\/\/roveyayinevi.com.tr\/index.php\/wp-json\/wp\/v2\/product_brand?post=774143"},{"taxonomy":"product_cat","embeddable":true,"href":"https:\/\/roveyayinevi.com.tr\/index.php\/wp-json\/wp\/v2\/product_cat?post=774143"},{"taxonomy":"product_tag","embeddable":true,"href":"https:\/\/roveyayinevi.com.tr\/index.php\/wp-json\/wp\/v2\/product_tag?post=774143"}],"curies":[{"name":"wp","href":"https:\/\/api.w.org\/{rel}","templated":true}]}}