{"id":774140,"date":"2025-08-28T16:41:48","date_gmt":"2025-08-28T13:41:48","guid":{"rendered":"https:\/\/roveyayinevi.com.tr\/index.php\/urun\/borsada-dogru-yatirim\/"},"modified":"2026-04-15T03:41:37","modified_gmt":"2026-04-15T00:41:37","slug":"borsada-dogru-yatirim","status":"publish","type":"product","link":"https:\/\/roveyayinevi.com.tr\/index.php\/urun\/borsada-dogru-yatirim\/","title":{"rendered":"Borsada Do\u011fru Yat\u0131r\u0131m"},"content":{"rendered":"<p>T\u00fcrkiye\u2019de h\u00e2l\u00e2 bir\u00e7ok yat\u0131r\u0131mc\u0131 borsay\u0131 t\u00fcyolarla, dedikodularla ya da k\u0131sa vadeli al-satlarla y\u00f6n bulmaya \u00e7al\u0131\u015f\u0131lan bir alan olarak g\u00f6r\u00fcyor. Oysa s\u00fcrd\u00fcr\u00fclebilir kazan\u00e7 ancak sa\u011flam bilgi, analitik d\u00fc\u015f\u00fcnce ve uzun vadeli bir stratejiyle m\u00fcmk\u00fcnd\u00fcr. \u0130\u015fte bu kitap, tam da bu anlay\u0131\u015f\u0131 kazand\u0131rmak i\u00e7in yaz\u0131ld\u0131. Akademisyen ve uzun vadeli de\u011fer yat\u0131r\u0131mc\u0131s\u0131 Serkan \u00dcnal, 15 y\u0131l\u0131 a\u015fk\u0131n tecr\u00fcbesiyle kaleme ald\u0131\u011f\u0131 Borsada Do\u011fru Yat\u0131r\u0131m\u2019da, yat\u0131r\u0131m d\u00fcnyas\u0131na sa\u011flam ve kal\u0131c\u0131 bir bak\u0131\u015f sunuyor. De\u011fer yat\u0131r\u0131mc\u0131l\u0131\u011f\u0131 yakla\u015f\u0131m\u0131n\u0131 esas alarak; do\u011fru hisse nas\u0131l se\u00e7ilir, hangi finansal g\u00f6stergeler ne anlama gelir, yat\u0131r\u0131mc\u0131 psikolojisi nas\u0131l \u00e7al\u0131\u015f\u0131r ve en \u00e7ok yap\u0131lan hatalar nelerdir gibi sorulara sade ama derinlikli yan\u0131tlar veriyor. Borsa \u0130stanbul\u2019u merkeze alarak yaz\u0131lm\u0131\u015f nadir kitaplardan biri olan bu eser; ister ilk yat\u0131r\u0131m\u0131n\u0131 yapacak biri, isterseniz de portf\u00f6y\u00fcn\u00fcz\u00fc b\u00fcy\u00fctmek isteyen deneyimli biri olun, size net bir yol haritas\u0131 sunuyor. Kazananlar \u015fansa g\u00fcvenmez. Bilin\u00e7li yat\u0131r\u0131mc\u0131 olmak, piyasalar\u0131 anlamaktan ge\u00e7er. Borsada Do\u011fru Yat\u0131r\u0131m ile yaln\u0131zca bilgiye de\u011fil, ayn\u0131 zamanda borsa disiplinine de sahip olacaks\u0131n\u0131z. <\/p>\n","protected":false},"excerpt":{"rendered":"<p>T\u00fcrkiye\u2019de h\u00e2l\u00e2 bir\u00e7ok yat\u0131r\u0131mc\u0131 borsay\u0131 t\u00fcyolarla, dedikodularla ya da k\u0131sa vadeli al-satlarla y\u00f6n bulmaya \u00e7al\u0131\u015f\u0131lan bir alan olarak g\u00f6r\u00fcyor. Oysa s\u00fcrd\u00fcr\u00fclebilir kazan\u00e7 ancak sa\u011flam bilgi, analitik<span class=\"excerpt-hellip\"> [\u2026]<\/span><\/p>\n","protected":false},"featured_media":0,"template":"","meta":{"_monsterinsights_skip_tracking":false,"_monsterinsights_sitenote_active":false,"_monsterinsights_sitenote_note":"","_monsterinsights_sitenote_category":0},"product_brand":[],"product_cat":[13043,17647],"product_tag":[],"class_list":{"0":"post-774140","1":"product","2":"type-product","3":"status-publish","5":"product_cat-ekonomi","6":"product_cat-is-dunyasi","7":"pa_cilt-ciltsiz","8":"pa_tur-kitap","9":"pa_yayinevi-kronik-kitap","10":"pa_yazar-serkan-unal","12":"first","13":"instock","14":"sale","15":"shipping-taxable","16":"purchasable","17":"product-type-simple"},"_links":{"self":[{"href":"https:\/\/roveyayinevi.com.tr\/index.php\/wp-json\/wp\/v2\/product\/774140","targetHints":{"allow":["GET"]}}],"collection":[{"href":"https:\/\/roveyayinevi.com.tr\/index.php\/wp-json\/wp\/v2\/product"}],"about":[{"href":"https:\/\/roveyayinevi.com.tr\/index.php\/wp-json\/wp\/v2\/types\/product"}],"wp:attachment":[{"href":"https:\/\/roveyayinevi.com.tr\/index.php\/wp-json\/wp\/v2\/media?parent=774140"}],"wp:term":[{"taxonomy":"product_brand","embeddable":true,"href":"https:\/\/roveyayinevi.com.tr\/index.php\/wp-json\/wp\/v2\/product_brand?post=774140"},{"taxonomy":"product_cat","embeddable":true,"href":"https:\/\/roveyayinevi.com.tr\/index.php\/wp-json\/wp\/v2\/product_cat?post=774140"},{"taxonomy":"product_tag","embeddable":true,"href":"https:\/\/roveyayinevi.com.tr\/index.php\/wp-json\/wp\/v2\/product_tag?post=774140"}],"curies":[{"name":"wp","href":"https:\/\/api.w.org\/{rel}","templated":true}]}}