{"id":774125,"date":"2025-08-28T16:41:22","date_gmt":"2025-08-28T13:41:22","guid":{"rendered":"https:\/\/roveyayinevi.com.tr\/index.php\/urun\/yayin-emekcisinin-adi-yok\/"},"modified":"2026-04-15T03:41:36","modified_gmt":"2026-04-15T00:41:36","slug":"yayin-emekcisinin-adi-yok","status":"publish","type":"product","link":"https:\/\/roveyayinevi.com.tr\/index.php\/urun\/yayin-emekcisinin-adi-yok\/","title":{"rendered":"Yay\u0131n Emek\u00e7isinin Ad\u0131 Yok"},"content":{"rendered":"<p>Nilg\u00fcn Ongan, bu kitapta k\u00fclt\u00fcr i\u015f\u00e7ileri olarak yay\u0131nevi emek\u00e7ilerinin \u00e7al\u0131\u015fma ve ya\u015fam ko\u015fullar\u0131na dair bir ara\u015ft\u0131rman\u0131n sonu\u00e7lar\u0131n\u0131 payla\u015f\u0131yor okurla. Yay\u0131n emek\u00e7isinin s\u0131n\u0131fsal konumuna dair tart\u0131\u015fmalarla birle\u015fen bu saha ara\u015ft\u0131rmas\u0131n\u0131n sonu\u00e7lar\u0131, Marx\u2019\u0131n emek de\u011fer teorisinin g\u00fcn\u00fcm\u00fczde ge\u00e7erli\u011fini yitirdi\u011fine dair tezlere de do\u011frudan bu alandaki emek\u00e7ilerin a\u011fz\u0131ndan verilmi\u015f bir cevap ayn\u0131 zamanda. Yeni i\u015f ve \u00e7al\u0131\u015fma t\u00fcrlerinin bi\u00e7imlendirdi\u011fi pratiklerle her g\u00fcn daha da atomize edilen, i\u015f\u00e7i s\u0131n\u0131f\u0131ndan kopart\u0131larak bir kimlik bi\u00e7imine sokulan, \u00fcretimdeki pozisyonu ve kapitalist \u00fcretimin ili\u015fki- sel niteli\u011fi g\u00f6z ard\u0131 edilerek s\u0131n\u0131f d\u0131\u015f\u0131 bir noktaya \u00e7ekilen yay\u0131nevi emek\u00e7ilerinin i\u015f\u00e7i s\u0131n\u0131f\u0131n\u0131n di\u011fer kesimleriyle ortakl\u0131klar\u0131na odaklan\u0131yor Ongan. Esnekli\u011fin yaratt\u0131\u011f\u0131 \u00e7al\u0131\u015fma d\u00fczenine ve i\u015f\u00e7iye etkilerinden \u201cg\u00f6n\u00fcll\u00fc \u00e7al\u0131\u015fma\u201d, g\u00fcvencesizlik, idealizm s\u00f6m\u00fcr\u00fcs\u00fc ve ayr\u0131cal\u0131k duygusuyla yarat\u0131lan r\u0131za \u00fcretimine kadar \u00f6ne \u00e7\u0131kan bir dizi meseleyi emek\u00e7ilerin s\u00f6ylediklerinden yola \u00e7\u0131karak tart\u0131\u015fan Ongan, son olarak bu cendereden \u00e7\u0131kman\u0131n yeg\u00e2ne yolu olarak \u00f6rg\u00fctlenmenin \u00f6n\u00fcndeki engellerle birlikte imk\u00e2nlar\u0131na da bak\u0131yor. \u00d6zelde yay\u0131nevi emek\u00e7ilerine odaklanan ama oradan yola \u00e7\u0131karak pek \u00e7ok k\u00fclt\u00fcr i\u015f\u00e7isine de te\u015fmil edilebilecek bu \u00e7al\u0131\u015fma, yay\u0131nc\u0131l\u0131k sekt\u00f6r\u00fcne emek\u00e7ilerden yana bir bak\u0131\u015f a\u00e7\u0131s\u0131n\u0131n h\u00e2kim k\u0131l\u0131nmas\u0131 i\u00e7in bizzat emek\u00e7ilerden gelen bir \u00e7a\u011fr\u0131 olarak da okunabilir.<\/p>\n","protected":false},"excerpt":{"rendered":"<p>Nilg\u00fcn Ongan, bu kitapta k\u00fclt\u00fcr i\u015f\u00e7ileri olarak yay\u0131nevi emek\u00e7ilerinin \u00e7al\u0131\u015fma ve ya\u015fam ko\u015fullar\u0131na dair bir ara\u015ft\u0131rman\u0131n sonu\u00e7lar\u0131n\u0131 payla\u015f\u0131yor okurla. Yay\u0131n emek\u00e7isinin s\u0131n\u0131fsal konumuna dair tart\u0131\u015fmalarla birle\u015fen<span class=\"excerpt-hellip\"> [\u2026]<\/span><\/p>\n","protected":false},"featured_media":0,"template":"","meta":{"_monsterinsights_skip_tracking":false,"_monsterinsights_sitenote_active":false,"_monsterinsights_sitenote_note":"","_monsterinsights_sitenote_category":0},"product_brand":[],"product_cat":[12325,12324],"product_tag":[],"class_list":{"0":"post-774125","1":"product","2":"type-product","3":"status-publish","5":"product_cat-diger-sosyoloji","6":"product_cat-sosyoloji","7":"pa_cilt-ciltsiz","8":"pa_tur-kitap","9":"pa_yayinevi-kor-kitap","10":"pa_yazar-nilgun-ongan","12":"first","13":"instock","14":"sale","15":"shipping-taxable","16":"purchasable","17":"product-type-simple"},"_links":{"self":[{"href":"https:\/\/roveyayinevi.com.tr\/index.php\/wp-json\/wp\/v2\/product\/774125","targetHints":{"allow":["GET"]}}],"collection":[{"href":"https:\/\/roveyayinevi.com.tr\/index.php\/wp-json\/wp\/v2\/product"}],"about":[{"href":"https:\/\/roveyayinevi.com.tr\/index.php\/wp-json\/wp\/v2\/types\/product"}],"wp:attachment":[{"href":"https:\/\/roveyayinevi.com.tr\/index.php\/wp-json\/wp\/v2\/media?parent=774125"}],"wp:term":[{"taxonomy":"product_brand","embeddable":true,"href":"https:\/\/roveyayinevi.com.tr\/index.php\/wp-json\/wp\/v2\/product_brand?post=774125"},{"taxonomy":"product_cat","embeddable":true,"href":"https:\/\/roveyayinevi.com.tr\/index.php\/wp-json\/wp\/v2\/product_cat?post=774125"},{"taxonomy":"product_tag","embeddable":true,"href":"https:\/\/roveyayinevi.com.tr\/index.php\/wp-json\/wp\/v2\/product_tag?post=774125"}],"curies":[{"name":"wp","href":"https:\/\/api.w.org\/{rel}","templated":true}]}}