{"id":774124,"date":"2025-08-28T16:41:20","date_gmt":"2025-08-28T13:41:20","guid":{"rendered":"https:\/\/roveyayinevi.com.tr\/index.php\/urun\/insan-haklari-6\/"},"modified":"2026-04-15T03:41:36","modified_gmt":"2026-04-15T00:41:36","slug":"insan-haklari-6","status":"publish","type":"product","link":"https:\/\/roveyayinevi.com.tr\/index.php\/urun\/insan-haklari-6\/","title":{"rendered":"\u0130nsan Haklar\u0131"},"content":{"rendered":"<p>\u0130nsan haklar\u0131 nedir? Sosyal bilimlerden ayr\u0131 incelenebilir mi? Evrensel bir ilke midir, tarihsel bir s\u00f6ylem mi? Michael Freeman, bu sorular\u0131 cevapland\u0131rarak yaln\u0131zca bir kavram analizi yapman\u0131n \u00f6tesine ge\u00e7iyor ve insan haklar\u0131n\u0131 ger\u00e7ek\u00e7i bir yakla\u015f\u0131mla, tarihten ve g\u00fcn\u00fcm\u00fczden \u00f6rnekler sunarak somutla\u015ft\u0131r\u0131yor. M\u00fcltecilerin\/g\u00f6\u00e7menlerin durumu, \u00e7evre sorunlar\u0131, 21. y\u00fczy\u0131lda h\u00e2l\u00e2 devam eden sava\u015flar, salg\u0131n, cinsel kimlik ve y\u00f6nelime dair ayr\u0131mc\u0131l\u0131klar gibi g\u00fcncel konular\u0131 da es ge\u00e7miyor. \u0130nsan haklar\u0131 s\u00f6yleminin, do\u011fu\u015fundan bu yana hi\u00e7bir zaman tek ba\u015f\u0131na hukuki bir mesele olmad\u0131\u011f\u0131n\u0131; felsefi, siyasal ve k\u00fclt\u00fcrel alandaki yans\u0131mas\u0131n\u0131 g\u00f6zler \u00f6n\u00fcne sererek disiplinleraras\u0131 bir \u00e7al\u0131\u015fma ortaya koyuyor. Ayn\u0131 zamanda, bu s\u00f6ylemin evrensellik iddias\u0131n\u0131 da tart\u0131\u015fmaya a\u00e7\u0131yor. \u0130nsan Haklar\u0131, d\u00fc\u015f\u00fcnsel kaynak niteli\u011finde, konuyla ilgili toplumsal ve hukuki \u00e7al\u0131\u015fmalara \u0131\u015f\u0131k tutan, hukuk\u00e7ular\u0131n oldu\u011fu kadar, konuya ilgi duyanlar\u0131n da yararlanabilece\u011fi, geni\u015f perspektifli bir kitap\u2026<\/p>\n","protected":false},"excerpt":{"rendered":"<p>\u0130nsan haklar\u0131 nedir? Sosyal bilimlerden ayr\u0131 incelenebilir mi? Evrensel bir ilke midir, tarihsel bir s\u00f6ylem mi? Michael Freeman, bu sorular\u0131 cevapland\u0131rarak yaln\u0131zca bir kavram analizi yapman\u0131n<span class=\"excerpt-hellip\"> [\u2026]<\/span><\/p>\n","protected":false},"featured_media":0,"template":"","meta":{"_monsterinsights_skip_tracking":false,"_monsterinsights_sitenote_active":false,"_monsterinsights_sitenote_note":"","_monsterinsights_sitenote_category":0},"product_brand":[],"product_cat":[13059,12337],"product_tag":[],"class_list":{"0":"post-774124","1":"product","2":"type-product","3":"status-publish","5":"product_cat-diger-politika-siyaset","6":"product_cat-politika-siyaset","7":"pa_cilt-ciltsiz","8":"pa_tur-kitap","9":"pa_yayinevi-iletisim-yayinlari","10":"pa_yazar-michael-freeman","12":"first","13":"instock","14":"sale","15":"shipping-taxable","16":"purchasable","17":"product-type-simple"},"_links":{"self":[{"href":"https:\/\/roveyayinevi.com.tr\/index.php\/wp-json\/wp\/v2\/product\/774124","targetHints":{"allow":["GET"]}}],"collection":[{"href":"https:\/\/roveyayinevi.com.tr\/index.php\/wp-json\/wp\/v2\/product"}],"about":[{"href":"https:\/\/roveyayinevi.com.tr\/index.php\/wp-json\/wp\/v2\/types\/product"}],"wp:attachment":[{"href":"https:\/\/roveyayinevi.com.tr\/index.php\/wp-json\/wp\/v2\/media?parent=774124"}],"wp:term":[{"taxonomy":"product_brand","embeddable":true,"href":"https:\/\/roveyayinevi.com.tr\/index.php\/wp-json\/wp\/v2\/product_brand?post=774124"},{"taxonomy":"product_cat","embeddable":true,"href":"https:\/\/roveyayinevi.com.tr\/index.php\/wp-json\/wp\/v2\/product_cat?post=774124"},{"taxonomy":"product_tag","embeddable":true,"href":"https:\/\/roveyayinevi.com.tr\/index.php\/wp-json\/wp\/v2\/product_tag?post=774124"}],"curies":[{"name":"wp","href":"https:\/\/api.w.org\/{rel}","templated":true}]}}