{"id":774120,"date":"2025-08-28T16:41:12","date_gmt":"2025-08-28T13:41:12","guid":{"rendered":"https:\/\/roveyayinevi.com.tr\/index.php\/urun\/lila\/"},"modified":"2026-04-15T03:41:36","modified_gmt":"2026-04-15T00:41:36","slug":"lila","status":"publish","type":"product","link":"https:\/\/roveyayinevi.com.tr\/index.php\/urun\/lila\/","title":{"rendered":"Lila"},"content":{"rendered":"<p>Lila birden duyduklar\u0131 kar\u015f\u0131s\u0131nda ne yapaca\u011f\u0131n\u0131 kime ne s\u00f6yleyece\u011fini bilemeden hem oray\u0131 terk edip gitmek yok olmak istiyordu hem de ger\u00e7ekleri bilmek istiyordu. Tesad\u00fcfen kar\u015f\u0131s\u0131na \u00e7\u0131kan bu adam onu mu b\u00fcy\u00fctt\u00fc, bakt\u0131? Anne babas\u0131n\u0131 \u00f6\u011frenmeye gelmi\u015fken kocas\u0131n\u0131n i\u015fbirlik\u00e7i oldu\u011funu, ge\u00e7mi\u015fine ait ger\u00e7ekleri bildi\u011fini \u00f6\u011frenmi\u015fti. Birden \u00e7\u0131\u011fl\u0131k att\u0131. &#8220;Yeterrrrr yeterrrrr! Susunnn yeterrr!&#8221;<\/p>\n","protected":false},"excerpt":{"rendered":"<p>Lila birden duyduklar\u0131 kar\u015f\u0131s\u0131nda ne yapaca\u011f\u0131n\u0131 kime ne s\u00f6yleyece\u011fini bilemeden hem oray\u0131 terk edip gitmek yok olmak istiyordu hem de ger\u00e7ekleri bilmek istiyordu. Tesad\u00fcfen kar\u015f\u0131s\u0131na \u00e7\u0131kan<span class=\"excerpt-hellip\"> [\u2026]<\/span><\/p>\n","protected":false},"featured_media":0,"template":"","meta":{"_monsterinsights_skip_tracking":false,"_monsterinsights_sitenote_active":false,"_monsterinsights_sitenote_note":"","_monsterinsights_sitenote_category":0},"product_brand":[],"product_cat":[12291,12711],"product_tag":[],"class_list":{"0":"post-774120","1":"product","2":"type-product","3":"status-publish","5":"product_cat-edebiyat","6":"product_cat-roman-oyku","7":"pa_cilt-ciltsiz","8":"pa_tur-kitap","9":"pa_yayinevi-kuytu-yayinlari","10":"pa_yazar-yildiz-uslu","12":"first","13":"instock","14":"sale","15":"shipping-taxable","16":"purchasable","17":"product-type-simple"},"_links":{"self":[{"href":"https:\/\/roveyayinevi.com.tr\/index.php\/wp-json\/wp\/v2\/product\/774120","targetHints":{"allow":["GET"]}}],"collection":[{"href":"https:\/\/roveyayinevi.com.tr\/index.php\/wp-json\/wp\/v2\/product"}],"about":[{"href":"https:\/\/roveyayinevi.com.tr\/index.php\/wp-json\/wp\/v2\/types\/product"}],"wp:attachment":[{"href":"https:\/\/roveyayinevi.com.tr\/index.php\/wp-json\/wp\/v2\/media?parent=774120"}],"wp:term":[{"taxonomy":"product_brand","embeddable":true,"href":"https:\/\/roveyayinevi.com.tr\/index.php\/wp-json\/wp\/v2\/product_brand?post=774120"},{"taxonomy":"product_cat","embeddable":true,"href":"https:\/\/roveyayinevi.com.tr\/index.php\/wp-json\/wp\/v2\/product_cat?post=774120"},{"taxonomy":"product_tag","embeddable":true,"href":"https:\/\/roveyayinevi.com.tr\/index.php\/wp-json\/wp\/v2\/product_tag?post=774120"}],"curies":[{"name":"wp","href":"https:\/\/api.w.org\/{rel}","templated":true}]}}