{"id":774119,"date":"2025-08-28T16:41:09","date_gmt":"2025-08-28T13:41:09","guid":{"rendered":"https:\/\/roveyayinevi.com.tr\/index.php\/urun\/golgeler-mezarligi\/"},"modified":"2026-04-15T03:41:36","modified_gmt":"2026-04-15T00:41:36","slug":"golgeler-mezarligi","status":"publish","type":"product","link":"https:\/\/roveyayinevi.com.tr\/index.php\/urun\/golgeler-mezarligi\/","title":{"rendered":"G\u00f6lgeler Mezarl\u0131\u011f\u0131"},"content":{"rendered":"<p>\u201cO olaydan sonra m\u0131 delirmi\u015f?\u201d \u201cArkada\u015f\u0131n\u0131n \u00f6l\u00fcm\u00fc s\u00fcrekli g\u00f6z\u00fcn\u00fcn \u00f6n\u00fcndeymi\u015f. O yard\u0131m \u00e7\u0131\u011fl\u0131klar\u0131&#8230; Ba\u015fta k\u00e2busunda ya\u015f\u0131yordu bu olay\u0131. Sonras\u0131nda ise yolda y\u00fcr\u00fcd\u00fc\u011f\u00fcnde bile, arkada\u015f\u0131n\u0131n yard\u0131m \u00e7\u0131\u011fl\u0131\u011f\u0131n\u0131 duyup, ona yard\u0131m etmek i\u00e7in rastgele sa\u011f sola ko\u015fuyordu. Giderek ilerledi i\u015fte.\u201d \u201cPeki arkada\u015f\u0131n\u0131n ismi neydi baba?\u201d Babas\u0131, Mustafa\u2019ya do\u011fru bakar \u00fczg\u00fcn halde. Bak\u0131\u015f\u0131n\u0131 \u00e7ekmeden, dudaklar\u0131n\u0131 \u00fcz\u00fcnt\u00fcyle b\u00fckerek yan\u0131tlar; \u201cKenan!\u201d \u201cBizim k\u00f6ye geldi dedi\u011finiz Kenan m\u0131 baba?\u201d \u201cEvet o\u011flum! Bir kez daha gelmi\u015fti k\u00f6y\u00fcm\u00fcze. Yine b\u00f6yle terk etmek zorunda kalm\u0131\u015ft\u0131k k\u00f6y\u00fc. Birka\u00e7 y\u0131l sonra ise geri d\u00f6nd\u00fck.\u201d \u201cYine d\u00f6necek miyiz?\u201d Babas\u0131, k\u00fc\u00e7\u00fck o\u011fluna bakar. Zoraki g\u00fcl\u00fcmsemeyle o\u011flunun ba\u015f\u0131n\u0131 ok\u015far. \u201cBu sefer d\u00f6nmeyece\u011fiz o\u011flum.\u201d<\/p>\n","protected":false},"excerpt":{"rendered":"<p>\u201cO olaydan sonra m\u0131 delirmi\u015f?\u201d \u201cArkada\u015f\u0131n\u0131n \u00f6l\u00fcm\u00fc s\u00fcrekli g\u00f6z\u00fcn\u00fcn \u00f6n\u00fcndeymi\u015f. O yard\u0131m \u00e7\u0131\u011fl\u0131klar\u0131&#8230; Ba\u015fta k\u00e2busunda ya\u015f\u0131yordu bu olay\u0131. Sonras\u0131nda ise yolda y\u00fcr\u00fcd\u00fc\u011f\u00fcnde bile, arkada\u015f\u0131n\u0131n yard\u0131m \u00e7\u0131\u011fl\u0131\u011f\u0131n\u0131<span class=\"excerpt-hellip\"> [\u2026]<\/span><\/p>\n","protected":false},"featured_media":0,"template":"","meta":{"_monsterinsights_skip_tracking":false,"_monsterinsights_sitenote_active":false,"_monsterinsights_sitenote_note":"","_monsterinsights_sitenote_category":0},"product_brand":[],"product_cat":[12291,12711],"product_tag":[],"class_list":{"0":"post-774119","1":"product","2":"type-product","3":"status-publish","5":"product_cat-edebiyat","6":"product_cat-roman-oyku","7":"pa_cilt-ciltsiz","8":"pa_tur-kitap","9":"pa_yayinevi-kuytu-yayinlari","10":"pa_yazar-yildiz-uslu","12":"first","13":"instock","14":"sale","15":"shipping-taxable","16":"purchasable","17":"product-type-simple"},"_links":{"self":[{"href":"https:\/\/roveyayinevi.com.tr\/index.php\/wp-json\/wp\/v2\/product\/774119","targetHints":{"allow":["GET"]}}],"collection":[{"href":"https:\/\/roveyayinevi.com.tr\/index.php\/wp-json\/wp\/v2\/product"}],"about":[{"href":"https:\/\/roveyayinevi.com.tr\/index.php\/wp-json\/wp\/v2\/types\/product"}],"wp:attachment":[{"href":"https:\/\/roveyayinevi.com.tr\/index.php\/wp-json\/wp\/v2\/media?parent=774119"}],"wp:term":[{"taxonomy":"product_brand","embeddable":true,"href":"https:\/\/roveyayinevi.com.tr\/index.php\/wp-json\/wp\/v2\/product_brand?post=774119"},{"taxonomy":"product_cat","embeddable":true,"href":"https:\/\/roveyayinevi.com.tr\/index.php\/wp-json\/wp\/v2\/product_cat?post=774119"},{"taxonomy":"product_tag","embeddable":true,"href":"https:\/\/roveyayinevi.com.tr\/index.php\/wp-json\/wp\/v2\/product_tag?post=774119"}],"curies":[{"name":"wp","href":"https:\/\/api.w.org\/{rel}","templated":true}]}}