{"id":774118,"date":"2025-08-28T16:41:06","date_gmt":"2025-08-28T13:41:06","guid":{"rendered":"https:\/\/roveyayinevi.com.tr\/index.php\/urun\/leylekler-asklar-soylentiler\/"},"modified":"2026-04-08T03:37:09","modified_gmt":"2026-04-08T00:37:09","slug":"leylekler-asklar-soylentiler","status":"publish","type":"product","link":"https:\/\/roveyayinevi.com.tr\/index.php\/urun\/leylekler-asklar-soylentiler\/","title":{"rendered":"Leylekler A\u015fklar S\u00f6ylentiler"},"content":{"rendered":"<p>\u201cLeylekler mi bizi dinler? Evet, biz de onlar\u0131, laklaklar\u0131n\u0131. Laklak! Onlar\u0131n dili. Birlikte ya\u015far\u0131z, sonra bir bakars\u0131n, yoklar. Gitmi\u015fler. Ne zaman, hava so\u011fuyunca m\u0131? Seni bilmi\u015f. Herkesin, her \u015feyin zaman\u0131 var. Zamanlar\u0131 dolunca giderler. Ne demek \u2018zaman\u0131 dolmak\u2019? Buralarda i\u015fin bitince gitmek gibi.\u201d Ku\u015faklar boyu uzanan bir hik\u00e2ye\u2026 Hayat\u0131n payla\u015f\u0131ld\u0131\u011f\u0131 evler, bah\u00e7eler, sokaklar\u2026 Ge\u00e7mi\u015fin izleri, a\u015fklar, ayr\u0131l\u0131klar ve sessizlikler\u2026 Hi\u00e7 kapanmayan eski defterler\u2026 Sedef Betil, ressam kahraman\u0131 Emine\u2019den yola \u00e7\u0131karak bir ailenin 1920\u2019den 2020\u2019ye uzanan hik\u00e2yesini anlat\u0131yor. Bir yandan memlekette olup bitenleri de g\u00f6z ard\u0131 etmeden. Leylekler A\u015fklar S\u00f6ylentiler, hayat\u0131n t\u00fcrl\u00fc t\u00fcrl\u00fc hallerine dair bir roman, ne kadar al\u0131\u015f\u0131k olursak olal\u0131m hep yeniymi\u015f gibi \u015fa\u015f\u0131rtan hallerine\u2026<\/p>\n","protected":false},"excerpt":{"rendered":"<p>\u201cLeylekler mi bizi dinler? Evet, biz de onlar\u0131, laklaklar\u0131n\u0131. Laklak! Onlar\u0131n dili. Birlikte ya\u015far\u0131z, sonra bir bakars\u0131n, yoklar. Gitmi\u015fler. Ne zaman, hava so\u011fuyunca m\u0131? Seni bilmi\u015f.<span class=\"excerpt-hellip\"> [\u2026]<\/span><\/p>\n","protected":false},"featured_media":0,"template":"","meta":{"_monsterinsights_skip_tracking":false,"_monsterinsights_sitenote_active":false,"_monsterinsights_sitenote_note":"","_monsterinsights_sitenote_category":0},"product_brand":[],"product_cat":[12291,12711],"product_tag":[],"class_list":{"0":"post-774118","1":"product","2":"type-product","3":"status-publish","5":"product_cat-edebiyat","6":"product_cat-roman-oyku","7":"pa_cilt-ciltsiz","8":"pa_tur-kitap","9":"pa_yayinevi-iletisim-yayinlari","10":"pa_yazar-sedef-betil","12":"first","13":"instock","14":"sale","15":"shipping-taxable","16":"purchasable","17":"product-type-simple"},"_links":{"self":[{"href":"https:\/\/roveyayinevi.com.tr\/index.php\/wp-json\/wp\/v2\/product\/774118","targetHints":{"allow":["GET"]}}],"collection":[{"href":"https:\/\/roveyayinevi.com.tr\/index.php\/wp-json\/wp\/v2\/product"}],"about":[{"href":"https:\/\/roveyayinevi.com.tr\/index.php\/wp-json\/wp\/v2\/types\/product"}],"wp:attachment":[{"href":"https:\/\/roveyayinevi.com.tr\/index.php\/wp-json\/wp\/v2\/media?parent=774118"}],"wp:term":[{"taxonomy":"product_brand","embeddable":true,"href":"https:\/\/roveyayinevi.com.tr\/index.php\/wp-json\/wp\/v2\/product_brand?post=774118"},{"taxonomy":"product_cat","embeddable":true,"href":"https:\/\/roveyayinevi.com.tr\/index.php\/wp-json\/wp\/v2\/product_cat?post=774118"},{"taxonomy":"product_tag","embeddable":true,"href":"https:\/\/roveyayinevi.com.tr\/index.php\/wp-json\/wp\/v2\/product_tag?post=774118"}],"curies":[{"name":"wp","href":"https:\/\/api.w.org\/{rel}","templated":true}]}}