{"id":774117,"date":"2025-08-28T16:41:04","date_gmt":"2025-08-28T13:41:04","guid":{"rendered":"https:\/\/roveyayinevi.com.tr\/index.php\/urun\/aforizmalar-17\/"},"modified":"2026-04-15T03:41:36","modified_gmt":"2026-04-15T00:41:36","slug":"aforizmalar-17","status":"publish","type":"product","link":"https:\/\/roveyayinevi.com.tr\/index.php\/urun\/aforizmalar-17\/","title":{"rendered":"Aforizmalar"},"content":{"rendered":"<p>K\u0131van\u00e7 Ko\u00e7ak \u00e7evirisi ve \u00f6ns\u00f6z\u00fc, Tan\u0131l Bora&#8217;n\u0131n sons\u00f6z\u00fc, Yazar ve d\u00f6nem kronolojisi, Kitaba dair g\u00f6rsellerle. Aforizmalar, ba\u015ftan a\u015fa\u011f\u0131ya Kafkaesk bir d\u00fcnya i\u00e7eren, okurunun hayal g\u00fcc\u00fcn\u00fc tetikleyen, her okuyu\u015fta farkl\u0131 ke\u015fiflerde bulunman\u0131n m\u00fcmk\u00fcn oldu\u011fu bir t\u00fcr d\u00fc\u015f\u00fcnsel yolculuk\u2026 Kendisine konulan t\u00fcberk\u00fcloz te\u015fhisiyle sars\u0131lan Kafka, dinlenmek ve toparlanmak i\u00e7in Z\u00fcrau\u2019ya gitti. Burada tuttu\u011fu defterlere hayat, inan\u00e7, \u00f6zg\u00fcrl\u00fck, hakikat, g\u00fcnah, iyilik-k\u00f6t\u00fcl\u00fck, manevi d\u00fcnya gibi bir\u00e7ok farkl\u0131 konudaki g\u00f6r\u00fc\u015flerini yazd\u0131. Aforizmalar, Kafka\u2019n\u0131n bu defterlere yazd\u0131\u011f\u0131 ve daha sonra \u00fczerlerinde uzun zaman boyunca \u00e7al\u0131\u015ft\u0131\u011f\u0131 par\u00e7alardan olu\u015fuyor. Kafka\u2019n\u0131n t\u00fcm yazd\u0131klar\u0131 i\u00e7inde en yo\u011fun, en \u00e7arp\u0131c\u0131 ve belki de en anla\u015f\u0131lmaz olanlar\u0131 i\u00e7eren Aforizmalar, okura Kafkaesk d\u00fcnyan\u0131n kap\u0131lar\u0131n\u0131 ard\u0131na kadar a\u00e7\u0131yor. Kesin cevaplar ve bilgece yakla\u015f\u0131mlar i\u00e7eren metinler de\u011fil bunlar; yaln\u0131zca Kafka\u2019n\u0131n zihninin yan\u0131 s\u0131ra, okurun kendi zihnine bakmas\u0131na da imk\u00e2n sunan, \u00fczerilerine d\u00fc\u015f\u00fcnd\u00fck\u00e7e daha da zevk al\u0131nacak sorgulama ayg\u0131tlar\u0131\u2026 Cesaret edebilenler i\u00e7in\u2026 \u201cKafka daima b\u00f6yledir; insan\u0131n davran\u0131\u015flar\u0131ndan al\u0131\u015f\u0131lageldik dayanaklar\u0131 \u00e7ekip al\u0131r ve b\u00f6ylece o davran\u0131\u015flar\u0131 bitimsiz d\u00fc\u015f\u00fcncelerin konusu haline getirir.\u201d WALTER BENJAMIN<\/p>\n","protected":false},"excerpt":{"rendered":"<p>K\u0131van\u00e7 Ko\u00e7ak \u00e7evirisi ve \u00f6ns\u00f6z\u00fc, Tan\u0131l Bora&#8217;n\u0131n sons\u00f6z\u00fc, Yazar ve d\u00f6nem kronolojisi, Kitaba dair g\u00f6rsellerle. Aforizmalar, ba\u015ftan a\u015fa\u011f\u0131ya Kafkaesk bir d\u00fcnya i\u00e7eren, okurunun hayal g\u00fcc\u00fcn\u00fc tetikleyen,<span class=\"excerpt-hellip\"> [\u2026]<\/span><\/p>\n","protected":false},"featured_media":0,"template":"","meta":{"_monsterinsights_skip_tracking":false,"_monsterinsights_sitenote_active":false,"_monsterinsights_sitenote_note":"","_monsterinsights_sitenote_category":0},"product_brand":[],"product_cat":[75065,12291],"product_tag":[],"class_list":{"0":"post-774117","1":"product","2":"type-product","3":"status-publish","5":"product_cat-aforizmalar","6":"product_cat-edebiyat","7":"pa_cilt-ciltsiz","8":"pa_tur-kitap","9":"pa_yayinevi-iletisim-yayinlari","10":"pa_yazar-franz-kafka","12":"first","13":"instock","14":"sale","15":"shipping-taxable","16":"purchasable","17":"product-type-simple"},"_links":{"self":[{"href":"https:\/\/roveyayinevi.com.tr\/index.php\/wp-json\/wp\/v2\/product\/774117","targetHints":{"allow":["GET"]}}],"collection":[{"href":"https:\/\/roveyayinevi.com.tr\/index.php\/wp-json\/wp\/v2\/product"}],"about":[{"href":"https:\/\/roveyayinevi.com.tr\/index.php\/wp-json\/wp\/v2\/types\/product"}],"wp:attachment":[{"href":"https:\/\/roveyayinevi.com.tr\/index.php\/wp-json\/wp\/v2\/media?parent=774117"}],"wp:term":[{"taxonomy":"product_brand","embeddable":true,"href":"https:\/\/roveyayinevi.com.tr\/index.php\/wp-json\/wp\/v2\/product_brand?post=774117"},{"taxonomy":"product_cat","embeddable":true,"href":"https:\/\/roveyayinevi.com.tr\/index.php\/wp-json\/wp\/v2\/product_cat?post=774117"},{"taxonomy":"product_tag","embeddable":true,"href":"https:\/\/roveyayinevi.com.tr\/index.php\/wp-json\/wp\/v2\/product_tag?post=774117"}],"curies":[{"name":"wp","href":"https:\/\/api.w.org\/{rel}","templated":true}]}}