{"id":774114,"date":"2025-08-28T16:40:58","date_gmt":"2025-08-28T13:40:58","guid":{"rendered":"https:\/\/roveyayinevi.com.tr\/index.php\/urun\/annem-okuldan-korkuyor\/"},"modified":"2026-04-15T03:41:36","modified_gmt":"2026-04-15T00:41:36","slug":"annem-okuldan-korkuyor","status":"publish","type":"product","link":"https:\/\/roveyayinevi.com.tr\/index.php\/urun\/annem-okuldan-korkuyor\/","title":{"rendered":"Annem Okuldan Korkuyor"},"content":{"rendered":"<p>Okuldan korkan bir annenin komik ve macera dolu ilk okul g\u00fcn\u00fc   Bir sabah\u2026 K\u00fc\u00e7\u00fck bir \u00e7ocuk okula haz\u0131rlan\u0131r. Ancak bu kez garip bir \u015fey olur: Annesi endi\u015felidir. Kalabal\u0131klar, yabanc\u0131 \u00f6\u011fretmenler, zorlay\u0131c\u0131 g\u00f6revler\u2026 Her \u015fey ona korkutucu gelir. Oysa \u00e7ocu\u011fu okula gitmeye haz\u0131rd\u0131r. Bu rol de\u011fi\u015fimi sayesinde \u00e7ocuk annesini teskin eder, ona okulun ne kadar g\u00fczel bir yer oldu\u011funu anlat\u0131r. Sonunda \u00e7ocuk de\u011fil, anne \u201cikna edilir\u201d ve okul yolculu\u011fu ba\u015flar.      \u201cAnnem okuldan korkuyor. HEM DE \u00c7OK. Okula hi\u00e7 gitmek istemiyor. Ona okulu sevdirmem gerek. Annem okula al\u0131\u015fabilecek mi? Korkular\u0131n\u0131 yenebilecek mi?\u201d    Yeni bir okul y\u0131l\u0131na ad\u0131m atarken \u00e7ocuklar\u0131 de\u011fil, bu kez anneleri okula haz\u0131rlamaya ne dersiniz? \u00c7\u00fcnk\u00fc okulun ilk g\u00fcn\u00fc yaln\u0131zca \u00e7ocuklar i\u00e7in de\u011fil, anne-babalar i\u00e7in de zordur.    Annem Okuldan Korkuyor, klasik rollerin tersine d\u00f6nd\u00fc\u011f\u00fc, mizahla harmanlanm\u0131\u015f i\u00e7ten bir hik\u00e2yeyle hem k\u00fc\u00e7\u00fcklerin hem b\u00fcy\u00fcklerin kalbine dokunuyor.    Okula dair endi\u015feleri bu kez bir \u00e7ocu\u011fun g\u00f6z\u00fcnden, ama annesi \u00fczerinden anlatan bu e\u011flenceli kitap; ayr\u0131l\u0131k kayg\u0131s\u0131n\u0131, g\u00fcvenlik aray\u0131\u015f\u0131n\u0131 ve kontrol ihtiyac\u0131n\u0131 ince bir alegoriyle yans\u0131t\u0131yor. Yeti\u015fkinlerin de i\u00e7 d\u00fcnyalar\u0131nda t\u0131pk\u0131 \u00e7ocuklar gibi korkular ta\u015f\u0131d\u0131\u011f\u0131n\u0131, bu korkular\u0131n da \u00e7o\u011fu zaman \u00e7ocuklar\u0131yla ili\u015fkilerine nas\u0131l s\u0131zd\u0131\u011f\u0131n\u0131 esprili ve sade bir dille g\u00f6zler \u00f6n\u00fcne seriyor.  <\/p>\n","protected":false},"excerpt":{"rendered":"<p>Okuldan korkan bir annenin komik ve macera dolu ilk okul g\u00fcn\u00fc Bir sabah\u2026 K\u00fc\u00e7\u00fck bir \u00e7ocuk okula haz\u0131rlan\u0131r. Ancak bu kez garip bir \u015fey olur: Annesi<span class=\"excerpt-hellip\"> [\u2026]<\/span><\/p>\n","protected":false},"featured_media":0,"template":"","meta":{"_monsterinsights_skip_tracking":false,"_monsterinsights_sitenote_active":false,"_monsterinsights_sitenote_note":"","_monsterinsights_sitenote_category":0},"product_brand":[],"product_cat":[12274,12284],"product_tag":[],"class_list":{"0":"post-774114","1":"product","2":"type-product","3":"status-publish","5":"product_cat-cocuk-ve-genclik-kitaplari","6":"product_cat-hikayeler","7":"pa_cilt-ciltsiz","8":"pa_tur-kitap","9":"pa_yayinevi-okuyan-koala","10":"pa_yazar-sandra-nelson-caroline-ayrault","12":"first","13":"instock","14":"sale","15":"shipping-taxable","16":"purchasable","17":"product-type-simple"},"_links":{"self":[{"href":"https:\/\/roveyayinevi.com.tr\/index.php\/wp-json\/wp\/v2\/product\/774114","targetHints":{"allow":["GET"]}}],"collection":[{"href":"https:\/\/roveyayinevi.com.tr\/index.php\/wp-json\/wp\/v2\/product"}],"about":[{"href":"https:\/\/roveyayinevi.com.tr\/index.php\/wp-json\/wp\/v2\/types\/product"}],"wp:attachment":[{"href":"https:\/\/roveyayinevi.com.tr\/index.php\/wp-json\/wp\/v2\/media?parent=774114"}],"wp:term":[{"taxonomy":"product_brand","embeddable":true,"href":"https:\/\/roveyayinevi.com.tr\/index.php\/wp-json\/wp\/v2\/product_brand?post=774114"},{"taxonomy":"product_cat","embeddable":true,"href":"https:\/\/roveyayinevi.com.tr\/index.php\/wp-json\/wp\/v2\/product_cat?post=774114"},{"taxonomy":"product_tag","embeddable":true,"href":"https:\/\/roveyayinevi.com.tr\/index.php\/wp-json\/wp\/v2\/product_tag?post=774114"}],"curies":[{"name":"wp","href":"https:\/\/api.w.org\/{rel}","templated":true}]}}