{"id":774110,"date":"2025-08-28T16:40:52","date_gmt":"2025-08-28T13:40:52","guid":{"rendered":"https:\/\/roveyayinevi.com.tr\/index.php\/urun\/cocuklarla-yemek-hakkinda-nasil-konusulur\/"},"modified":"2026-04-15T03:41:36","modified_gmt":"2026-04-15T00:41:36","slug":"cocuklarla-yemek-hakkinda-nasil-konusulur","status":"publish","type":"product","link":"https:\/\/roveyayinevi.com.tr\/index.php\/urun\/cocuklarla-yemek-hakkinda-nasil-konusulur\/","title":{"rendered":"\u00c7ocuklarla Yemek Hakk\u0131nda Nas\u0131l Konu\u015fulur?"},"content":{"rendered":"<p>Hi\u00e7 size, \u201cTatl\u0131y\u0131 ancak sebzelerini bitirirsen yiyebilirsin\u201d veya \u201cBunu bulamayan milyonlarca \u00e7ocuk var\u201d dendi mi? Bir \u00e7ocuk neden taba\u011f\u0131ndaki sebzeye burun k\u0131v\u0131r\u0131r? \u0130\u015ftahs\u0131zl\u0131k, a\u015f\u0131r\u0131 yemek, abur cubura d\u00fc\u015fk\u00fcnl\u00fck ya da \u201cSadece makarna yesin ama yesin\u201d \u00e7aresizli\u011fi&#8230; Bunlar ger\u00e7ekten sadece yemek tercihi mi, yoksa \u00e7ocu\u011funuzun size s\u00f6yledi\u011fi bir \u015fey mi var? Fark\u0131nda bile olmadan, her lokmada, her k\u00fc\u00e7\u00fck yorumda onlara sadece yemek de\u011fil, hayatla ilgili bir bak\u0131\u015f a\u00e7\u0131s\u0131 da sunuyoruz. Ve bu s\u00f6zler, zamanla onlar\u0131n kendileriyle ve bedenleriyle kuracaklar\u0131 ili\u015fkiyi \u015fekillendiriyor. \u00c7ocuklarla yemek hakk\u0131nda konu\u015fmak, sadece \u201cne yedin\u201d ya da \u201cyemedin mi\u201d demek de\u011fildir. Sofralar, duygular\u0131n, al\u0131\u015fkanl\u0131klar\u0131n ve ili\u015fkilerin kuruldu\u011fu g\u00f6r\u00fcnmez sahnelerdir. Bu kitap, o sahnede neler olup bitti\u011fini anlaman\u0131za yard\u0131mc\u0131 oluyor. 0\u201316 ya\u015f aras\u0131 \u00e7ocuklar\u0131n geli\u015fimsel d\u00f6nemlerini, duygusal ihtiya\u00e7lar\u0131n\u0131 ve beslenme davran\u0131\u015flar\u0131n\u0131n ard\u0131ndaki nedenleri a\u00e7\u0131kl\u0131kla ortaya koyuyor. \u00c7ocu\u011funuzun taba\u011f\u0131nda asl\u0131nda ne var? Su\u00e7luluk mu, kontrol m\u00fc, sevgi mi, kayg\u0131 m\u0131? Psikolog Dr. Anna Colton, klinik deneyimlerinden yola \u00e7\u0131karak hem g\u00fcnl\u00fck hayatta i\u015fe yarayacak pratik \u00f6neriler sunuyor hem de ebeveyn olarak kendi ge\u00e7mi\u015fimizle y\u00fczle\u015fmeye davet ediyor. Bu kitap yarg\u0131lam\u0131yor, \u00e7\u00f6z\u00fcmler sunuyor. Endi\u015felerinize bilgiyle, \u00e7at\u0131\u015fmalar\u0131n\u0131za anlay\u0131\u015fla, sorular\u0131n\u0131za d\u00fcr\u00fcst yan\u0131tlarla yakla\u015f\u0131yor.<\/p>\n","protected":false},"excerpt":{"rendered":"<p>Hi\u00e7 size, \u201cTatl\u0131y\u0131 ancak sebzelerini bitirirsen yiyebilirsin\u201d veya \u201cBunu bulamayan milyonlarca \u00e7ocuk var\u201d dendi mi? Bir \u00e7ocuk neden taba\u011f\u0131ndaki sebzeye burun k\u0131v\u0131r\u0131r? \u0130\u015ftahs\u0131zl\u0131k, a\u015f\u0131r\u0131 yemek, abur<span class=\"excerpt-hellip\"> [\u2026]<\/span><\/p>\n","protected":false},"featured_media":0,"template":"","meta":{"_monsterinsights_skip_tracking":false,"_monsterinsights_sitenote_active":false,"_monsterinsights_sitenote_note":"","_monsterinsights_sitenote_category":0},"product_brand":[],"product_cat":[24520,13365],"product_tag":[],"class_list":{"0":"post-774110","1":"product","2":"type-product","3":"status-publish","5":"product_cat-aile-sagligi","6":"product_cat-saglik","7":"pa_cilt-ciltsiz","8":"pa_tur-kitap","9":"pa_yayinevi-kuraldisi-yayinevi","10":"pa_yazar-anna-colton","12":"first","13":"instock","14":"sale","15":"shipping-taxable","16":"purchasable","17":"product-type-simple"},"_links":{"self":[{"href":"https:\/\/roveyayinevi.com.tr\/index.php\/wp-json\/wp\/v2\/product\/774110","targetHints":{"allow":["GET"]}}],"collection":[{"href":"https:\/\/roveyayinevi.com.tr\/index.php\/wp-json\/wp\/v2\/product"}],"about":[{"href":"https:\/\/roveyayinevi.com.tr\/index.php\/wp-json\/wp\/v2\/types\/product"}],"wp:attachment":[{"href":"https:\/\/roveyayinevi.com.tr\/index.php\/wp-json\/wp\/v2\/media?parent=774110"}],"wp:term":[{"taxonomy":"product_brand","embeddable":true,"href":"https:\/\/roveyayinevi.com.tr\/index.php\/wp-json\/wp\/v2\/product_brand?post=774110"},{"taxonomy":"product_cat","embeddable":true,"href":"https:\/\/roveyayinevi.com.tr\/index.php\/wp-json\/wp\/v2\/product_cat?post=774110"},{"taxonomy":"product_tag","embeddable":true,"href":"https:\/\/roveyayinevi.com.tr\/index.php\/wp-json\/wp\/v2\/product_tag?post=774110"}],"curies":[{"name":"wp","href":"https:\/\/api.w.org\/{rel}","templated":true}]}}