{"id":774109,"date":"2025-08-28T16:40:50","date_gmt":"2025-08-28T13:40:50","guid":{"rendered":"https:\/\/roveyayinevi.com.tr\/index.php\/urun\/bazen-2\/"},"modified":"2026-04-15T03:41:36","modified_gmt":"2026-04-15T00:41:36","slug":"bazen-2","status":"publish","type":"product","link":"https:\/\/roveyayinevi.com.tr\/index.php\/urun\/bazen-2\/","title":{"rendered":"Bazen"},"content":{"rendered":"<p>\u201cBazen an\u0131n tad\u0131n\u0131 \u00e7\u0131karmak iyi gelir. \u00c7\u00fcnk\u00fc \u2018\u015fimdi\u2019 bir daha hi\u00e7 gelmeyecek. Oysa hayat tam da \u015fu anda ya\u015fan\u0131yor. Ve \u2018\u015fimdi\u2019 senin elinde.\u201d   Kurbito hem k\u00fc\u00e7\u00fcklere hem b\u00fcy\u00fcklere \u201c\u015fimdi\u201dnin k\u0131ymetini hat\u0131rlat\u0131yor. Kimi zaman ne\u015feyle, kimi zaman durup d\u00fc\u015f\u00fcnerek ama hep sevgiyle\u2026 <\/p>\n","protected":false},"excerpt":{"rendered":"<p>\u201cBazen an\u0131n tad\u0131n\u0131 \u00e7\u0131karmak iyi gelir. \u00c7\u00fcnk\u00fc \u2018\u015fimdi\u2019 bir daha hi\u00e7 gelmeyecek. Oysa hayat tam da \u015fu anda ya\u015fan\u0131yor. Ve \u2018\u015fimdi\u2019 senin elinde.\u201d Kurbito hem k\u00fc\u00e7\u00fcklere<span class=\"excerpt-hellip\"> [\u2026]<\/span><\/p>\n","protected":false},"featured_media":0,"template":"","meta":{"_monsterinsights_skip_tracking":false,"_monsterinsights_sitenote_active":false,"_monsterinsights_sitenote_note":"","_monsterinsights_sitenote_category":0},"product_brand":[],"product_cat":[12274],"product_tag":[],"class_list":{"0":"post-774109","1":"product","2":"type-product","3":"status-publish","5":"product_cat-cocuk-ve-genclik-kitaplari","6":"pa_cilt-ciltsiz","7":"pa_tur-kitap","8":"pa_yayinevi-zizi-cocuk","9":"pa_yazar-gonul-ekici","11":"first","12":"instock","13":"sale","14":"shipping-taxable","15":"purchasable","16":"product-type-simple"},"_links":{"self":[{"href":"https:\/\/roveyayinevi.com.tr\/index.php\/wp-json\/wp\/v2\/product\/774109","targetHints":{"allow":["GET"]}}],"collection":[{"href":"https:\/\/roveyayinevi.com.tr\/index.php\/wp-json\/wp\/v2\/product"}],"about":[{"href":"https:\/\/roveyayinevi.com.tr\/index.php\/wp-json\/wp\/v2\/types\/product"}],"wp:attachment":[{"href":"https:\/\/roveyayinevi.com.tr\/index.php\/wp-json\/wp\/v2\/media?parent=774109"}],"wp:term":[{"taxonomy":"product_brand","embeddable":true,"href":"https:\/\/roveyayinevi.com.tr\/index.php\/wp-json\/wp\/v2\/product_brand?post=774109"},{"taxonomy":"product_cat","embeddable":true,"href":"https:\/\/roveyayinevi.com.tr\/index.php\/wp-json\/wp\/v2\/product_cat?post=774109"},{"taxonomy":"product_tag","embeddable":true,"href":"https:\/\/roveyayinevi.com.tr\/index.php\/wp-json\/wp\/v2\/product_tag?post=774109"}],"curies":[{"name":"wp","href":"https:\/\/api.w.org\/{rel}","templated":true}]}}