{"id":774108,"date":"2025-08-28T16:40:49","date_gmt":"2025-08-28T13:40:49","guid":{"rendered":"https:\/\/roveyayinevi.com.tr\/index.php\/urun\/bilinen-dunyanin-sonu\/"},"modified":"2026-04-15T03:41:36","modified_gmt":"2026-04-15T00:41:36","slug":"bilinen-dunyanin-sonu","status":"publish","type":"product","link":"https:\/\/roveyayinevi.com.tr\/index.php\/urun\/bilinen-dunyanin-sonu\/","title":{"rendered":"Bilinen D\u00fcnyan\u0131n Sonu"},"content":{"rendered":"<p>Son on y\u0131lda yaz\u0131lan yaz\u0131lar\u0131n \u201cbilinen d\u00fcnyan\u0131n sonunun\u201d tutulan kay\u0131tlar\u0131 oldu\u011fu s\u00f6ylenebilir. 2005 do\u011fumlu bir gencin, on ya\u015f\u0131ndan itibaren belle\u011finde birikmeye ba\u015flayan \u201cd\u00fcnyan\u0131n\u201d, herhangi bir \u015feyin \u201csonu\u201d olmas\u0131 m\u00fcmk\u00fcn de\u011fil elbette; o \u201cbu d\u00fcnyan\u0131n\u201d i\u00e7ine do\u011fdu, onun \u201cnormali\u201d bug\u00fcnk\u00fc manzaralar\u2026 Fakat hayat-tarih de onun g\u00f6rd\u00fcklerinden ibaret de\u011fil. \u00d6znellik parantezine s\u0131k\u0131\u015ft\u0131r\u0131rsak bizim ku\u015fak, \u00f6ncekiler ve az sonrakiler i\u00e7in \u0130kiz Kulelerin y\u0131k\u0131m\u0131 (ABD-2001), 2008 k\u00fcresel mali krizi, d\u00fcnyan\u0131n t\u00fcm co\u011frafyalar\u0131na yay\u0131lan sonu\u00e7suz(?) isyanlar bir ge\u00e7i\u015f s\u00fcreciyse; Covid-19 pandemisi, Ukrayna sava\u015f\u0131 ve bilhassa Gazze\u2019de halen s\u00fcren soyk\u0131r\u0131mc\u0131 katliam \u201cbildi\u011fimiz d\u00fcnyan\u0131n\u201d tabutunu \u00e7iviledi. Kapitalist uygarl\u0131\u011f\u0131n has evlatlar\u0131 emperyalist sald\u0131rganl\u0131\u011f\u0131n, i\u015fgal ve ilhak sava\u015flar\u0131n\u0131n, fa\u015fizmin, gericili\u011fin kar\u015f\u0131s\u0131nda yery\u00fcz\u00fcn\u00fcn her yerinden \u00f6zg\u00fcrl\u00fck ve isyan hayk\u0131r\u0131\u015flar\u0131 da y\u00fckseliyor. Hen\u00fcz y\u00f6n\u00fcn\u00fc, yordam\u0131n\u0131 netle\u015ftiremese de i\u015f\u00e7iler, emek\u00e7iler, \u201cyery\u00fcz\u00fcn\u00fcn lanetlileri\u201d sanc\u0131lar i\u00e7inde boyunduruklar\u0131ndan kurtulman\u0131n yollar\u0131n\u0131 ar\u0131yor\u2026 <\/p>\n","protected":false},"excerpt":{"rendered":"<p>Son on y\u0131lda yaz\u0131lan yaz\u0131lar\u0131n \u201cbilinen d\u00fcnyan\u0131n sonunun\u201d tutulan kay\u0131tlar\u0131 oldu\u011fu s\u00f6ylenebilir. 2005 do\u011fumlu bir gencin, on ya\u015f\u0131ndan itibaren belle\u011finde birikmeye ba\u015flayan \u201cd\u00fcnyan\u0131n\u201d, herhangi bir \u015feyin<span class=\"excerpt-hellip\"> [\u2026]<\/span><\/p>\n","protected":false},"featured_media":0,"template":"","meta":{"_monsterinsights_skip_tracking":false,"_monsterinsights_sitenote_active":false,"_monsterinsights_sitenote_note":"","_monsterinsights_sitenote_category":0},"product_brand":[],"product_cat":[13835],"product_tag":[],"class_list":{"0":"post-774108","1":"product","2":"type-product","3":"status-publish","5":"product_cat-cok-satanlar","6":"pa_cilt-ciltsiz","7":"pa_tur-kitap","8":"pa_yayinevi-toz-yayinlari","9":"pa_yazar-nabi-kimran","11":"first","12":"instock","13":"sale","14":"shipping-taxable","15":"purchasable","16":"product-type-simple"},"_links":{"self":[{"href":"https:\/\/roveyayinevi.com.tr\/index.php\/wp-json\/wp\/v2\/product\/774108","targetHints":{"allow":["GET"]}}],"collection":[{"href":"https:\/\/roveyayinevi.com.tr\/index.php\/wp-json\/wp\/v2\/product"}],"about":[{"href":"https:\/\/roveyayinevi.com.tr\/index.php\/wp-json\/wp\/v2\/types\/product"}],"wp:attachment":[{"href":"https:\/\/roveyayinevi.com.tr\/index.php\/wp-json\/wp\/v2\/media?parent=774108"}],"wp:term":[{"taxonomy":"product_brand","embeddable":true,"href":"https:\/\/roveyayinevi.com.tr\/index.php\/wp-json\/wp\/v2\/product_brand?post=774108"},{"taxonomy":"product_cat","embeddable":true,"href":"https:\/\/roveyayinevi.com.tr\/index.php\/wp-json\/wp\/v2\/product_cat?post=774108"},{"taxonomy":"product_tag","embeddable":true,"href":"https:\/\/roveyayinevi.com.tr\/index.php\/wp-json\/wp\/v2\/product_tag?post=774108"}],"curies":[{"name":"wp","href":"https:\/\/api.w.org\/{rel}","templated":true}]}}