{"id":774105,"date":"2025-08-28T16:40:41","date_gmt":"2025-08-28T13:40:41","guid":{"rendered":"https:\/\/roveyayinevi.com.tr\/index.php\/urun\/kahraman\/"},"modified":"2026-04-15T03:41:36","modified_gmt":"2026-04-15T00:41:36","slug":"kahraman","status":"publish","type":"product","link":"https:\/\/roveyayinevi.com.tr\/index.php\/urun\/kahraman\/","title":{"rendered":"Kahraman"},"content":{"rendered":"<p>\u201cYapma \u0130lhan, biz insanl\u0131k i\u00e7in sava\u015f\u0131yoruz. Ahmet Mehmet de\u011fil ki bizim derdimiz. \u0130nsan oldu\u011fumuz i\u00e7in ve insan kalabilmek i\u00e7in sava\u015f\u0131yoruz. Uysal koyunlar de\u011filiz. Kendimizi, insanl\u0131\u011f\u0131m\u0131z\u0131 y\u00fcceltiyoruz. Biz \u00f6lsek de bu sava\u015f verilmeli yery\u00fcz\u00fcnde. Yoksa insan denilen mahl\u00fbkat\u0131n kediden k\u00f6pekten ne fark\u0131 kal\u0131r. Ezen ezilen dengesizli\u011finin sava\u015fan\u0131 da olmazsa, yani bir ihtimali bile olmazsa insanl\u0131k ne hale gelir. Sen bu ruhla nas\u0131l sessiz kalabilirsin adaletsizli\u011fe. O zaman mutlu olur musun kar\u0131nla o\u011flunla. Evlad\u0131na k\u0131raca\u011f\u0131n d\u00fcnyada yoksa sorumlulu\u011fun o zaman ya\u015fad\u0131m der misin?     Go\u0308nu\u0308l Dog\u0306an\u2019\u0131n kaleminden ak\u0131c\u0131, s\u00fcr\u00fckleyici ve \u00e7arp\u0131c\u0131 bir roman. Okuyucuyu umudun ve m\u00fccadelenin tam kalbine \u00e7ekiyor. Her sayfas\u0131nda farkl\u0131 bir duygu ya\u015fayaca\u011f\u0131n\u0131z \u201cKahraman\u201d, ger\u00e7ek kahramanl\u0131\u011f\u0131n asl\u0131nda insan\u0131n i\u00e7indeki m\u00fccadeleden do\u011fdu\u011funu g\u00f6zler \u00f6n\u00fcne seriyor. <\/p>\n","protected":false},"excerpt":{"rendered":"<p>\u201cYapma \u0130lhan, biz insanl\u0131k i\u00e7in sava\u015f\u0131yoruz. Ahmet Mehmet de\u011fil ki bizim derdimiz. \u0130nsan oldu\u011fumuz i\u00e7in ve insan kalabilmek i\u00e7in sava\u015f\u0131yoruz. Uysal koyunlar de\u011filiz. Kendimizi, insanl\u0131\u011f\u0131m\u0131z\u0131 y\u00fcceltiyoruz.<span class=\"excerpt-hellip\"> [\u2026]<\/span><\/p>\n","protected":false},"featured_media":0,"template":"","meta":{"_monsterinsights_skip_tracking":false,"_monsterinsights_sitenote_active":false,"_monsterinsights_sitenote_note":"","_monsterinsights_sitenote_category":0},"product_brand":[],"product_cat":[12291,12711],"product_tag":[],"class_list":{"0":"post-774105","1":"product","2":"type-product","3":"status-publish","5":"product_cat-edebiyat","6":"product_cat-roman-oyku","7":"pa_cilt-ciltsiz","8":"pa_tur-kitap","9":"pa_yayinevi-sinirsiz-kitap","10":"pa_yazar-gonul-dogan","12":"first","13":"instock","14":"sale","15":"shipping-taxable","16":"purchasable","17":"product-type-simple"},"_links":{"self":[{"href":"https:\/\/roveyayinevi.com.tr\/index.php\/wp-json\/wp\/v2\/product\/774105","targetHints":{"allow":["GET"]}}],"collection":[{"href":"https:\/\/roveyayinevi.com.tr\/index.php\/wp-json\/wp\/v2\/product"}],"about":[{"href":"https:\/\/roveyayinevi.com.tr\/index.php\/wp-json\/wp\/v2\/types\/product"}],"wp:attachment":[{"href":"https:\/\/roveyayinevi.com.tr\/index.php\/wp-json\/wp\/v2\/media?parent=774105"}],"wp:term":[{"taxonomy":"product_brand","embeddable":true,"href":"https:\/\/roveyayinevi.com.tr\/index.php\/wp-json\/wp\/v2\/product_brand?post=774105"},{"taxonomy":"product_cat","embeddable":true,"href":"https:\/\/roveyayinevi.com.tr\/index.php\/wp-json\/wp\/v2\/product_cat?post=774105"},{"taxonomy":"product_tag","embeddable":true,"href":"https:\/\/roveyayinevi.com.tr\/index.php\/wp-json\/wp\/v2\/product_tag?post=774105"}],"curies":[{"name":"wp","href":"https:\/\/api.w.org\/{rel}","templated":true}]}}