{"id":774104,"date":"2025-08-28T16:40:37","date_gmt":"2025-08-28T13:40:37","guid":{"rendered":"https:\/\/roveyayinevi.com.tr\/index.php\/urun\/ayni-gurbetin-cocuklari\/"},"modified":"2026-04-15T03:41:36","modified_gmt":"2026-04-15T00:41:36","slug":"ayni-gurbetin-cocuklari","status":"publish","type":"product","link":"https:\/\/roveyayinevi.com.tr\/index.php\/urun\/ayni-gurbetin-cocuklari\/","title":{"rendered":"Ayn\u0131 Gurbetin \u00c7ocuklar\u0131"},"content":{"rendered":"<p>Bazen bir an\u0131, bazen bir s\u00f6z, bazen de bir his&#8230; Hepsi i\u00e7imizde bir yerde ya\u015famaya devam eder. Kalp unutmaz, \u00e7\u00fcnk\u00fc ruh unutmay\u0131 reddeder. Ge\u00e7mi\u015f g\u00fcnleri hat\u0131rlamak, ya\u015fad\u0131\u011f\u0131m\u0131z anlar\u0131n de\u011ferini artt\u0131r\u0131r, onlar\u0131 korur ve gelecek nesillere aktar\u0131r. Bu y\u00fczden an\u0131lar\u0131 kaleme almak, \u015fu fani d\u00fcnyada bir iz b\u0131rakman\u0131n, ge\u00e7mi\u015fimizi ve kimli\u011fimizi gelece\u011fe ta\u015f\u0131man\u0131n en \u00f6l\u00fcms\u00fcz yollar\u0131ndan biridir. \u00dc\u00e7 y\u0131l \u00f6nce yay\u0131mlad\u0131\u011f\u0131 ikinci kitab\u0131 &#8216;Ayn\u0131 Bozk\u0131r\u0131n \u00c7ocuklar\u0131&#8217; ile okuyucular\u0131n\u0131 K\u0131r\u015fehir ve \u0130\u00e7 Anadolu&#8217;nun derin k\u00f6klerine, ibretlik hikayelerine ve zengin k\u00fclt\u00fcr\u00fcne do\u011fru e\u015fsiz bir yolculu\u011fa \u00e7\u0131karan yazar bu kitapta sizleri memleket hasreti, gurbette verilen ya\u015fam m\u00fccadelesi, \u00f6tekile\u015ftirilme ve \u0131rk\u00e7\u0131 tav\u0131rlara maruz b\u0131rak\u0131lman\u0131n verdi\u011fi yaln\u0131zl\u0131k ve ait oldu\u011fu topraklardan uzakta olman\u0131n ya\u015fatt\u0131\u011f\u0131 s\u0131la hasretiyle dolu, kimi zaman h\u00fcz\u00fcnl\u00fc kimi zaman ne\u015feli ve e\u011flenceli bir ser\u00fcvenle bulu\u015fturuyor. \u201cGurbet seni anlayanlar\u0131n olmad\u0131\u011f\u0131 yerdir.\u201d diyen Hz. Mevlana, gurbetin belki de en zorlu, en \u00e7ekilmez ve dikenli taraf\u0131n\u0131 bir \u00e7\u0131rp\u0131da s\u00f6ylemi\u015f. Bu y\u00fczden gurbet elde ya\u015faman\u0131n zorlu\u011funu yaln\u0131zca anla\u015f\u0131lmaman\u0131n ac\u0131s\u0131n\u0131 tadanlar bilir. D\u00fcnyadaki hi\u00e7bir dil ise gurbeti anlatacak kadar g\u00fc\u00e7l\u00fc de\u011fildir. Kitapta, \u00e7ok sevdi\u011fi bozk\u0131rdaki k\u00f6y\u00fcnden ailesi ile birlikte Almanya&#8217;n\u0131n so\u011fuk ve kasvetli kuzey \u015fehirlerinden birinde ya\u015famaya ba\u015flamak zorunda kalan k\u00fc\u00e7\u00fck bir \u00e7ocu\u011fun memleketine duydu\u011fu \u00f6zlemin yan\u0131 s\u0131ra \u00f6tekile\u015ftirici \u0131rk\u00e7\u0131 tav\u0131rlara maruz b\u0131rak\u0131lmalar\u0131na ald\u0131r\u0131\u015f etmeden gurbette ayn\u0131 kaderi ya\u015fayan bir avu\u00e7 arkada\u015f\u0131yla verdi\u011fi ayakta kalma m\u00fccadelesi samimi ve ak\u0131c\u0131 bir \u00fcslupla anlat\u0131l\u0131yor. Seksenli y\u0131llarda ailesinin r\u0131zk\u0131 i\u00e7in ba\u015fta Almanya olmak \u00fczere Avrupa\u2019n\u0131n pek \u00e7ok \u00fclkesine \u00e7al\u0131\u015fmak \u00fczere giden T\u00fcrk i\u015f\u00e7ilerinin gittikleri \u00fclkelerin sosyo-ekonomik ve k\u00fclt\u00fcrel yap\u0131s\u0131na ayak uydurma \u00e7abas\u0131yla birlikte verdi\u011fi zorlu ya\u015fam m\u00fccadeleleri, hikayeler ve an\u0131lar \u00fczerinden okuyucular\u0131na aktar\u0131l\u0131yor. Sizleri Almanya\u2019daki gurbet g\u00fcnlerine tekrar g\u00f6t\u00fcrecek olan bu kitapta ayr\u0131ca bozk\u0131r\u0131n ve \u0130\u00e7 Anadolu&#8217;nun en kadim \u015fehirlerinden K\u0131r\u015fehir&#8217;in ge\u00e7mi\u015ften gelen zengin tarihi ve k\u00fclt\u00fcrel miras\u0131 ile insani de\u011ferleri s\u0131kl\u0131kla ele al\u0131n\u0131yor. K\u0131r\u015fehir ve bozk\u0131r k\u00fclt\u00fcr\u00fcne \u00f6zg\u00fc s\u00f6z kal\u0131plar\u0131, deyimler ve atas\u00f6zleriyle zenginle\u015fen anlat\u0131m\u0131yla dikkat \u00e7eken bu kitap, arkada\u015fl\u0131k, karde\u015flik, birlik, beraberlik gibi temel insani duygular\u0131n yer ald\u0131\u011f\u0131 ya\u015fam tecr\u00fcbelerini siz k\u0131ymetli okurlar\u0131n be\u011fenilerine sunmaktad\u0131r. <\/p>\n","protected":false},"excerpt":{"rendered":"<p>Bazen bir an\u0131, bazen bir s\u00f6z, bazen de bir his&#8230; Hepsi i\u00e7imizde bir yerde ya\u015famaya devam eder. Kalp unutmaz, \u00e7\u00fcnk\u00fc ruh unutmay\u0131 reddeder. Ge\u00e7mi\u015f g\u00fcnleri hat\u0131rlamak,<span class=\"excerpt-hellip\"> [\u2026]<\/span><\/p>\n","protected":false},"featured_media":0,"template":"","meta":{"_monsterinsights_skip_tracking":false,"_monsterinsights_sitenote_active":false,"_monsterinsights_sitenote_note":"","_monsterinsights_sitenote_category":0},"product_brand":[],"product_cat":[13701,12291],"product_tag":[],"class_list":{"0":"post-774104","1":"product","2":"type-product","3":"status-publish","5":"product_cat-ani-mektup-gunluk","6":"product_cat-edebiyat","7":"pa_cilt-ciltsiz","8":"pa_tur-kitap","9":"pa_yayinevi-gulnar-yayinlari","10":"pa_yazar-murat-bahadir","12":"first","13":"instock","14":"sale","15":"shipping-taxable","16":"purchasable","17":"product-type-simple"},"_links":{"self":[{"href":"https:\/\/roveyayinevi.com.tr\/index.php\/wp-json\/wp\/v2\/product\/774104","targetHints":{"allow":["GET"]}}],"collection":[{"href":"https:\/\/roveyayinevi.com.tr\/index.php\/wp-json\/wp\/v2\/product"}],"about":[{"href":"https:\/\/roveyayinevi.com.tr\/index.php\/wp-json\/wp\/v2\/types\/product"}],"wp:attachment":[{"href":"https:\/\/roveyayinevi.com.tr\/index.php\/wp-json\/wp\/v2\/media?parent=774104"}],"wp:term":[{"taxonomy":"product_brand","embeddable":true,"href":"https:\/\/roveyayinevi.com.tr\/index.php\/wp-json\/wp\/v2\/product_brand?post=774104"},{"taxonomy":"product_cat","embeddable":true,"href":"https:\/\/roveyayinevi.com.tr\/index.php\/wp-json\/wp\/v2\/product_cat?post=774104"},{"taxonomy":"product_tag","embeddable":true,"href":"https:\/\/roveyayinevi.com.tr\/index.php\/wp-json\/wp\/v2\/product_tag?post=774104"}],"curies":[{"name":"wp","href":"https:\/\/api.w.org\/{rel}","templated":true}]}}