{"id":774103,"date":"2025-08-28T16:40:34","date_gmt":"2025-08-28T13:40:34","guid":{"rendered":"https:\/\/roveyayinevi.com.tr\/index.php\/urun\/don-kisot-olmedi\/"},"modified":"2026-04-11T14:44:29","modified_gmt":"2026-04-11T11:44:29","slug":"don-kisot-olmedi","status":"publish","type":"product","link":"https:\/\/roveyayinevi.com.tr\/index.php\/urun\/don-kisot-olmedi\/","title":{"rendered":"Don Ki\u015fot \u00d6lmedi"},"content":{"rendered":"<p>K\u0131\u015flan\u0131n g\u00f6be\u011finde bir ceset. Su\u00e7lu, t\u00fcm delillerin i\u015faret etti\u011fi gibi Eymen\u2019in yak\u0131n arkada\u015flar\u0131ndan biri mi? Yoksa ger\u00e7ek, karanl\u0131\u011f\u0131n ard\u0131nda m\u0131 saklan\u0131yor? Te\u011fmen Eymen, kendini modern bir Don Ki\u015fot ilan etmi\u015f; kitaplar\u0131n, siyah-beyaz filmlerin ve hayallerin pe\u015finde ko\u015fan postmodern bir \u015f\u00f6valye. Yan\u0131nda, komutan\u0131n\u0131n g\u00f6lgesinde Sancho Panza\u2019ya d\u00f6n\u00fc\u015fen \u00c7orumlu bir haberci. Bir sabah, gen\u00e7 bir bankac\u0131 kad\u0131n\u0131n cans\u0131z bedeni k\u0131\u015flan\u0131n i\u00e7inde bulunur. S\u0131radan bir cinayet gibi g\u00f6r\u00fcnse de, Eymen g\u00f6r\u00fcnenin \u00f6tesine bakmaya kararl\u0131. Tam bu s\u0131rada hayat\u0131na giren Komiser Yard\u0131mc\u0131s\u0131 Nil\u00fcfer, hem kalbine dokunuyor hem de ger\u00e7e\u011fi aray\u0131\u015f\u0131nda ona yol g\u00f6steriyor. Ge\u00e7mi\u015fin hayalleriyle bug\u00fcn\u00fcn karanl\u0131\u011f\u0131 aras\u0131nda s\u0131k\u0131\u015fan Eymen, delili\u011fin k\u0131l\u0131c\u0131yla adaleti kesip bi\u00e7meye haz\u0131r. Peki, vicdan\u0131n\u0131n sesi onu do\u011fruya m\u0131, yoksa u\u00e7uruma m\u0131 s\u00fcr\u00fckleyecek? Cervantes\u2019in Don Ki\u015fot\u2019u, Dumas\u2019n\u0131n \u00dc\u00e7 Silah\u015f\u00f6rleri ve Lee Child\u2019\u0131n Jack Reacher\u2019\u0131ndan ilham alan bu kara mizah y\u00fckl\u00fc cinayet roman\u0131, 2000\u2019lerin T\u00fcrkiye\u2019sinde ge\u00e7en ironik bir destan. Kahkaha, g\u00f6zya\u015f\u0131 ve bolca soru i\u015faretiyle T\u00fcrk polisiye edebiyat\u0131na taze bir soluk getiriyor. &#8220;Modern bir Don Ki\u015fot\u2019un hem g\u00fcld\u00fcren hem d\u00fc\u015f\u00fcnd\u00fcren hik\u00e2yesi.&#8221; &#8220;Kara mizah ve gerilim, vicdan\u0131n portresiyle bulu\u015fuyor.&#8221; <\/p>\n","protected":false},"excerpt":{"rendered":"<p>K\u0131\u015flan\u0131n g\u00f6be\u011finde bir ceset. Su\u00e7lu, t\u00fcm delillerin i\u015faret etti\u011fi gibi Eymen\u2019in yak\u0131n arkada\u015flar\u0131ndan biri mi? Yoksa ger\u00e7ek, karanl\u0131\u011f\u0131n ard\u0131nda m\u0131 saklan\u0131yor? Te\u011fmen Eymen, kendini modern bir<span class=\"excerpt-hellip\"> [\u2026]<\/span><\/p>\n","protected":false},"featured_media":0,"template":"","meta":{"_monsterinsights_skip_tracking":false,"_monsterinsights_sitenote_active":false,"_monsterinsights_sitenote_note":"","_monsterinsights_sitenote_category":0},"product_brand":[],"product_cat":[12291,12711],"product_tag":[],"class_list":{"0":"post-774103","1":"product","2":"type-product","3":"status-publish","5":"product_cat-edebiyat","6":"product_cat-roman-oyku","7":"pa_cilt-ciltsiz","8":"pa_tur-kitap","9":"pa_yayinevi-doksan-dokuz-yayinlari","10":"pa_yazar-ozgur-solak","12":"first","13":"instock","14":"sale","15":"shipping-taxable","16":"purchasable","17":"product-type-simple"},"_links":{"self":[{"href":"https:\/\/roveyayinevi.com.tr\/index.php\/wp-json\/wp\/v2\/product\/774103","targetHints":{"allow":["GET"]}}],"collection":[{"href":"https:\/\/roveyayinevi.com.tr\/index.php\/wp-json\/wp\/v2\/product"}],"about":[{"href":"https:\/\/roveyayinevi.com.tr\/index.php\/wp-json\/wp\/v2\/types\/product"}],"wp:attachment":[{"href":"https:\/\/roveyayinevi.com.tr\/index.php\/wp-json\/wp\/v2\/media?parent=774103"}],"wp:term":[{"taxonomy":"product_brand","embeddable":true,"href":"https:\/\/roveyayinevi.com.tr\/index.php\/wp-json\/wp\/v2\/product_brand?post=774103"},{"taxonomy":"product_cat","embeddable":true,"href":"https:\/\/roveyayinevi.com.tr\/index.php\/wp-json\/wp\/v2\/product_cat?post=774103"},{"taxonomy":"product_tag","embeddable":true,"href":"https:\/\/roveyayinevi.com.tr\/index.php\/wp-json\/wp\/v2\/product_tag?post=774103"}],"curies":[{"name":"wp","href":"https:\/\/api.w.org\/{rel}","templated":true}]}}