{"id":774101,"date":"2025-08-28T16:40:30","date_gmt":"2025-08-28T13:40:30","guid":{"rendered":"https:\/\/roveyayinevi.com.tr\/index.php\/urun\/zekayi-anlamak\/"},"modified":"2026-04-15T03:41:35","modified_gmt":"2026-04-15T00:41:35","slug":"zekayi-anlamak","status":"publish","type":"product","link":"https:\/\/roveyayinevi.com.tr\/index.php\/urun\/zekayi-anlamak\/","title":{"rendered":"Zekay\u0131 Anlamak"},"content":{"rendered":"<p>Zek\u00e2 nedir? Kafam\u0131z\u0131n i\u00e7indeki, aileden miras kalm\u0131\u015f, \u00f6l\u00e7\u00fclebilir bir \u00f6zellik mi? Yoksa mevcut toplumsal d\u00fczeni ayakta tutmak amac\u0131yla in\u015fa edilmi\u015f bir yap\u0131 m\u0131? Yakla\u015f\u0131k y\u00fcz y\u0131ld\u0131r e\u011fitimde ve psikolojide yerle\u015fik hale gelmi\u015f, zek\u00e2ya ili\u015fkin geleneksel teorilerin varl\u0131\u011f\u0131na ra\u011fmen, bilim insanlar\u0131n\u0131n h\u00e2l\u00e2 zek\u00e2n\u0131n ne oldu\u011fu ile ilgili ortak bir fikre sahip olamamas\u0131n\u0131n bir sebebi var. Zek\u00e2n\u0131n genetik temelli bir olgu oldu\u011funu s\u00f6yleyerek i\u015fin i\u00e7inden \u00e7\u0131kabilir miyiz? Bireysel farkl\u0131l\u0131klar kaderin bir oyunu mu? Zek\u00e2y\u0131 Anlamak, hem bilim camias\u0131na hem de toplumsal bak\u0131\u015f\u0131m\u0131za h\u00e2kim olmu\u015f, \u00e7ok da sa\u011flam olmayan temeller \u00fczerine kurulu IQ testlerini, bilimselli\u011fi tart\u0131\u015f\u0131l\u0131r zek\u00e2 ara\u015ft\u0131rmalar\u0131n\u0131 ve genetik determinizm kaynakl\u0131 \u00e7e\u015fitli mitleri ters y\u00fcz ediyor. Bununla beraber zek\u00e2n\u0131n asl\u0131nda biyoloji, \u00e7evre, deneyim ve k\u00fclt\u00fcr aras\u0131ndaki etkile\u015fimlerden ortaya \u00e7\u0131kt\u0131\u011f\u0131 iddias\u0131n\u0131 biyolojik, psikolojik ve sosyolojik bulgularla temellendiriyor. Ken Richardson, ya\u015fam\u0131n ba\u015flang\u0131c\u0131ndaki molek\u00fcl zincirlerinden, tek ve \u00e7ok h\u00fccrelilere, memelilere, insanlara ve insan k\u00fclt\u00fcr\u00fcne kadar devam eden evrimsel yolculukta ortaya \u00e7\u0131kan ak\u0131ll\u0131 sistemlerin ve zek\u00e2 dedi\u011fimiz olgunun izini takip ediyor. Bu yolculukta, ak\u0131ll\u0131 sistemlerin ne kadar esnek oldu\u011funu g\u00f6recek; ya\u015fam\u0131n, her daim kar\u015f\u0131s\u0131na \u00e7\u0131kan \u00e7evresel zorluklara kar\u015f\u0131 onlardan nas\u0131l faydaland\u0131\u011f\u0131na tan\u0131k olacak ve insan evrimindeki son halka olan i\u015fbirli\u011fine dayal\u0131 k\u00fclt\u00fcr\u00fcn, IQ testleriyle \u00f6l\u00e7\u00fcld\u00fc\u011f\u00fc iddia edilen zek\u00e2dan \u00e7ok daha fazlas\u0131n\u0131 gerektirdi\u011finin fark\u0131na varacaks\u0131n\u0131z. Ken Richardson, psikolog ve The Open University eski \u00f6\u011fretim \u00fcyesi.<\/p>\n","protected":false},"excerpt":{"rendered":"<p>Zek\u00e2 nedir? Kafam\u0131z\u0131n i\u00e7indeki, aileden miras kalm\u0131\u015f, \u00f6l\u00e7\u00fclebilir bir \u00f6zellik mi? Yoksa mevcut toplumsal d\u00fczeni ayakta tutmak amac\u0131yla in\u015fa edilmi\u015f bir yap\u0131 m\u0131? Yakla\u015f\u0131k y\u00fcz y\u0131ld\u0131r<span class=\"excerpt-hellip\"> [\u2026]<\/span><\/p>\n","protected":false},"featured_media":0,"template":"","meta":{"_monsterinsights_skip_tracking":false,"_monsterinsights_sitenote_active":false,"_monsterinsights_sitenote_note":"","_monsterinsights_sitenote_category":0},"product_brand":[],"product_cat":[13005,13006],"product_tag":[],"class_list":{"0":"post-774101","1":"product","2":"type-product","3":"status-publish","5":"product_cat-bilim-muhendislik","6":"product_cat-populer-bilim","7":"pa_cilt-ciltsiz","8":"pa_tur-kitap","9":"pa_yayinevi-koc-universitesi-yayinlari","10":"pa_yazar-ken-richardson","12":"first","13":"instock","14":"sale","15":"shipping-taxable","16":"purchasable","17":"product-type-simple"},"_links":{"self":[{"href":"https:\/\/roveyayinevi.com.tr\/index.php\/wp-json\/wp\/v2\/product\/774101","targetHints":{"allow":["GET"]}}],"collection":[{"href":"https:\/\/roveyayinevi.com.tr\/index.php\/wp-json\/wp\/v2\/product"}],"about":[{"href":"https:\/\/roveyayinevi.com.tr\/index.php\/wp-json\/wp\/v2\/types\/product"}],"wp:attachment":[{"href":"https:\/\/roveyayinevi.com.tr\/index.php\/wp-json\/wp\/v2\/media?parent=774101"}],"wp:term":[{"taxonomy":"product_brand","embeddable":true,"href":"https:\/\/roveyayinevi.com.tr\/index.php\/wp-json\/wp\/v2\/product_brand?post=774101"},{"taxonomy":"product_cat","embeddable":true,"href":"https:\/\/roveyayinevi.com.tr\/index.php\/wp-json\/wp\/v2\/product_cat?post=774101"},{"taxonomy":"product_tag","embeddable":true,"href":"https:\/\/roveyayinevi.com.tr\/index.php\/wp-json\/wp\/v2\/product_tag?post=774101"}],"curies":[{"name":"wp","href":"https:\/\/api.w.org\/{rel}","templated":true}]}}