{"id":774100,"date":"2025-08-28T16:40:28","date_gmt":"2025-08-28T13:40:28","guid":{"rendered":"https:\/\/roveyayinevi.com.tr\/index.php\/urun\/insanin-evrimini-anlamak\/"},"modified":"2026-04-15T03:41:35","modified_gmt":"2026-04-15T00:41:35","slug":"insanin-evrimini-anlamak","status":"publish","type":"product","link":"https:\/\/roveyayinevi.com.tr\/index.php\/urun\/insanin-evrimini-anlamak\/","title":{"rendered":"\u0130nsan\u0131n Evrimini Anlamak"},"content":{"rendered":"<p>Kim oldu\u011fumuz, nereden geldi\u011fimiz ve bug\u00fcn oldu\u011fumuz \u015feye nas\u0131l d\u00f6n\u00fc\u015ft\u00fc\u011f\u00fcm\u00fcz, y\u0131llarca, basitten karma\u015f\u0131\u011fa do\u011fru ad\u0131m ad\u0131m ilerleyen bir silsile \u015feklinde canland\u0131 kafam\u0131zda. \u00d6nce aya\u011fa kalkt\u0131k. Sonra serbest kalan ellerimiz ve artan zek\u00e2m\u0131zla aletler yapt\u0131k. M\u0131zraklar, heykeller, barakalar, ve nihayetinde bug\u00fcn\u00fcn g\u00f6rkemli d\u00fcnyas\u0131\u2026 Hepsinin alt\u0131nda yatan s\u0131r, istisnai beynimizden ba\u015fkas\u0131 de\u011fildi. Ian Tattersall, insan\u0131n evrimini anlamak isteyenler i\u00e7in bu ezberi bozuyor. Okuru konfor alan\u0131ndan \u00e7\u0131kar\u0131p \u201cKarma\u015fa \u0130\u00e7inde Karma\u015fa\u201dya davet ediyor. Tattersall\u2019\u0131n anlat\u0131s\u0131nda g\u00fcrb\u00fcz Australopitlerle soyumuz Homo\u2019nun erken temsilcileri bir arada ya\u015f\u0131yor. Alet yapmak, Homo t\u00fcrlerinin tekelinden \u00e7\u0131k\u0131p 3,5 milyon y\u0131l \u00f6ncesinin ikiayakl\u0131 ilkel insans\u0131lar\u0131na kadar uzan\u0131yor. \u0130nsan olman\u0131n hik\u00e2yesi yongalanm\u0131\u015f ta\u015flarla ya da beyin hacmiyle de\u011fil; 7 milyon y\u0131l \u00f6nce bir g\u00fcn iki ayak \u00fczerinde dikilmekle ba\u015fl\u0131yor asl\u0131nda. \u0130nsan\u0131n Evrimini Anlamak\u2019\u0131n sayfalar\u0131nda ilerledik\u00e7e kuyruksuz maymunlarla ortak bir atay\u0131 payla\u015ft\u0131\u011f\u0131m\u0131z d\u00fc\u015f\u00fcncesinin etraf\u0131n\u0131 saran ku\u015fku, \u00f6nyarg\u0131 ve korku bulutlar\u0131 bir bir da\u011f\u0131l\u0131yor. \u00c7\u00fcnk\u00fc DNA ve kemiklerin yalan s\u00f6ylemedi\u011fi bu yolculukta ger\u00e7ek, orada bir yerde, g\u00f6m\u00fcl\u00fc oldu\u011fu yerden \u00e7\u0131kar\u0131lmay\u0131 bekliyor. Ian Tattersall, paleoantropolog ve New York City\u2019deki Amerikan Do\u011fa Tarihi M\u00fczesi\u2019nde k\u00fcrat\u00f6r. Kapak g\u00f6rseli: Charles Darwin\u2019in \u00e7al\u0131\u015fma defterinde yer alan, 1837 tarihli \u201cYa\u015fam A\u011fac\u0131\u201d diyagram\u0131.<\/p>\n","protected":false},"excerpt":{"rendered":"<p>Kim oldu\u011fumuz, nereden geldi\u011fimiz ve bug\u00fcn oldu\u011fumuz \u015feye nas\u0131l d\u00f6n\u00fc\u015ft\u00fc\u011f\u00fcm\u00fcz, y\u0131llarca, basitten karma\u015f\u0131\u011fa do\u011fru ad\u0131m ad\u0131m ilerleyen bir silsile \u015feklinde canland\u0131 kafam\u0131zda. \u00d6nce aya\u011fa kalkt\u0131k. Sonra<span class=\"excerpt-hellip\"> [\u2026]<\/span><\/p>\n","protected":false},"featured_media":0,"template":"","meta":{"_monsterinsights_skip_tracking":false,"_monsterinsights_sitenote_active":false,"_monsterinsights_sitenote_note":"","_monsterinsights_sitenote_category":0},"product_brand":[],"product_cat":[13005,37328],"product_tag":[],"class_list":{"0":"post-774100","1":"product","2":"type-product","3":"status-publish","5":"product_cat-bilim-muhendislik","6":"product_cat-diger-bilim-muhendislik","7":"pa_cilt-ciltsiz","8":"pa_tur-kitap","9":"pa_yayinevi-koc-universitesi-yayinlari","10":"pa_yazar-ian-tattersall","12":"first","13":"instock","14":"sale","15":"shipping-taxable","16":"purchasable","17":"product-type-simple"},"_links":{"self":[{"href":"https:\/\/roveyayinevi.com.tr\/index.php\/wp-json\/wp\/v2\/product\/774100","targetHints":{"allow":["GET"]}}],"collection":[{"href":"https:\/\/roveyayinevi.com.tr\/index.php\/wp-json\/wp\/v2\/product"}],"about":[{"href":"https:\/\/roveyayinevi.com.tr\/index.php\/wp-json\/wp\/v2\/types\/product"}],"wp:attachment":[{"href":"https:\/\/roveyayinevi.com.tr\/index.php\/wp-json\/wp\/v2\/media?parent=774100"}],"wp:term":[{"taxonomy":"product_brand","embeddable":true,"href":"https:\/\/roveyayinevi.com.tr\/index.php\/wp-json\/wp\/v2\/product_brand?post=774100"},{"taxonomy":"product_cat","embeddable":true,"href":"https:\/\/roveyayinevi.com.tr\/index.php\/wp-json\/wp\/v2\/product_cat?post=774100"},{"taxonomy":"product_tag","embeddable":true,"href":"https:\/\/roveyayinevi.com.tr\/index.php\/wp-json\/wp\/v2\/product_tag?post=774100"}],"curies":[{"name":"wp","href":"https:\/\/api.w.org\/{rel}","templated":true}]}}