{"id":774099,"date":"2025-08-28T16:40:26","date_gmt":"2025-08-28T13:40:26","guid":{"rendered":"https:\/\/roveyayinevi.com.tr\/index.php\/urun\/mitik-grafik-medusanin-laneti-cizgilerle-yunan-mitolojisi\/"},"modified":"2026-04-15T03:41:35","modified_gmt":"2026-04-15T00:41:35","slug":"mitik-grafik-medusanin-laneti-cizgilerle-yunan-mitolojisi","status":"publish","type":"product","link":"https:\/\/roveyayinevi.com.tr\/index.php\/urun\/mitik-grafik-medusanin-laneti-cizgilerle-yunan-mitolojisi\/","title":{"rendered":"Mitik Grafik \u2013 Medusa\u2019n\u0131n Laneti (\u00c7izgilerle Yunan Mitolojisi)"},"content":{"rendered":"<p>Hayat bazen hi\u00e7 kolay de\u011fil, \u00f6zellikle de lanetlendiyseniz, bu lanet sa\u00e7lar\u0131n\u0131z\u0131 y\u0131lana \u00e7evirdiyse ve size bakan ki\u015fi ta\u015fa d\u00f6n\u00fc\u015f\u00fcyorsa. Medusa\u2019n\u0131n ba\u015f\u0131na tam da bu geldi i\u015fte. O her zaman canavar de\u011fildi, g\u00fczeller g\u00fczeli bir gen\u00e7 k\u0131zken lanetlendi. Peki ama bunu ona kim, neden yapt\u0131 ve bu efsanenin as\u0131l kahraman\u0131 kim?   M\u0130T\u0130K GRAF\u0130K serisi hakk\u0131nda Tanr\u0131lar, tanr\u0131\u00e7alar, yi\u011fit kahramanlar, g\u00f6z\u00fc pek sava\u015f\u00e7\u0131lar, g\u00f6kte ayr\u0131 yer alt\u0131nda ayr\u0131 ya\u015fanan olaylar, tehlikeli maceralar, reng\u00e2renk karakterler\u2026 Mitik Grafik serisi g\u00f6z al\u0131c\u0131 \u00e7izimleri ve k\u0131k\u0131rdatan \u00fcslubuyla mitolojiyi yeniden ele al\u0131yor, antik efsaneleri g\u00fcn\u00fcm\u00fcz \u00e7ocuklar\u0131 i\u00e7in \u00e7izgi roman format\u0131nda modern bir anlat\u0131ya d\u00f6n\u00fc\u015ft\u00fcr\u00fcyor. Yunan mitolojisine ho\u015f geldiniz, bu mitoloji bir ba\u015fka! <\/p>\n","protected":false},"excerpt":{"rendered":"<p>Hayat bazen hi\u00e7 kolay de\u011fil, \u00f6zellikle de lanetlendiyseniz, bu lanet sa\u00e7lar\u0131n\u0131z\u0131 y\u0131lana \u00e7evirdiyse ve size bakan ki\u015fi ta\u015fa d\u00f6n\u00fc\u015f\u00fcyorsa. Medusa\u2019n\u0131n ba\u015f\u0131na tam da bu geldi i\u015fte.<span class=\"excerpt-hellip\"> [\u2026]<\/span><\/p>\n","protected":false},"featured_media":0,"template":"","meta":{"_monsterinsights_skip_tracking":false,"_monsterinsights_sitenote_active":false,"_monsterinsights_sitenote_note":"","_monsterinsights_sitenote_category":0},"product_brand":[],"product_cat":[12689,12274],"product_tag":[],"class_list":{"0":"post-774099","1":"product","2":"type-product","3":"status-publish","5":"product_cat-cizgi-roman-cocuk-ve-genclik-kitaplari","6":"product_cat-cocuk-ve-genclik-kitaplari","7":"pa_cilt-ciltsiz","8":"pa_tur-kitap","9":"pa_yayinevi-domingo-yayinevi","10":"pa_yazar-jessica-gunderson","12":"first","13":"instock","14":"sale","15":"shipping-taxable","16":"purchasable","17":"product-type-simple"},"_links":{"self":[{"href":"https:\/\/roveyayinevi.com.tr\/index.php\/wp-json\/wp\/v2\/product\/774099","targetHints":{"allow":["GET"]}}],"collection":[{"href":"https:\/\/roveyayinevi.com.tr\/index.php\/wp-json\/wp\/v2\/product"}],"about":[{"href":"https:\/\/roveyayinevi.com.tr\/index.php\/wp-json\/wp\/v2\/types\/product"}],"wp:attachment":[{"href":"https:\/\/roveyayinevi.com.tr\/index.php\/wp-json\/wp\/v2\/media?parent=774099"}],"wp:term":[{"taxonomy":"product_brand","embeddable":true,"href":"https:\/\/roveyayinevi.com.tr\/index.php\/wp-json\/wp\/v2\/product_brand?post=774099"},{"taxonomy":"product_cat","embeddable":true,"href":"https:\/\/roveyayinevi.com.tr\/index.php\/wp-json\/wp\/v2\/product_cat?post=774099"},{"taxonomy":"product_tag","embeddable":true,"href":"https:\/\/roveyayinevi.com.tr\/index.php\/wp-json\/wp\/v2\/product_tag?post=774099"}],"curies":[{"name":"wp","href":"https:\/\/api.w.org\/{rel}","templated":true}]}}