{"id":774098,"date":"2025-08-28T16:40:24","date_gmt":"2025-08-28T13:40:24","guid":{"rendered":"https:\/\/roveyayinevi.com.tr\/index.php\/urun\/mitik-grafik-titanlarin-savasi-cizgilerle-yunan-mitolojisi\/"},"modified":"2026-04-15T03:41:35","modified_gmt":"2026-04-15T00:41:35","slug":"mitik-grafik-titanlarin-savasi-cizgilerle-yunan-mitolojisi","status":"publish","type":"product","link":"https:\/\/roveyayinevi.com.tr\/index.php\/urun\/mitik-grafik-titanlarin-savasi-cizgilerle-yunan-mitolojisi\/","title":{"rendered":"Mitik Grafik &#8211; Titanlar\u0131n Sava\u015f\u0131 (\u00c7izgilerle Yunan Mitolojisi)"},"content":{"rendered":"<p>Kaos denince \u2013\u00f6zellikle aile i\u00e7i kaos\u2013 kimse Titanlar\u0131n eline su d\u00f6kemez. Aile facias\u0131 dallan\u0131p budaklan\u0131yor, Titanlarla Olimposlular aras\u0131nda on y\u0131l s\u00fcrecek bir sava\u015fa d\u00f6n\u00fc\u015f\u00fcyor! Bu sava\u015fta yok yok\u2026 Bol k\u0131skan\u00e7l\u0131k ve rekabet, kurnazl\u0131k ve sinsilik, sihirli t\u0131rpan ve y\u0131ld\u0131r\u0131m silah\u0131 ve \u00e7ok daha fazlas\u0131\u2026 Peki evrene h\u00fckmetmek u\u011fruna verilen bu destans\u0131 sava\u015ftan kim galip \u00e7\u0131kacak?   M\u0130T\u0130K GRAF\u0130K serisi hakk\u0131nda Tanr\u0131lar, tanr\u0131\u00e7alar, yi\u011fit kahramanlar, g\u00f6z\u00fc pek sava\u015f\u00e7\u0131lar, g\u00f6kte ayr\u0131 yer alt\u0131nda ayr\u0131 ya\u015fanan olaylar, tehlikeli maceralar, reng\u00e2renk karakterler\u2026 Mitik Grafik serisi g\u00f6z al\u0131c\u0131 \u00e7izimleri ve k\u0131k\u0131rdatan \u00fcslubuyla mitolojiyi yeniden ele al\u0131yor, antik efsaneleri g\u00fcn\u00fcm\u00fcz \u00e7ocuklar\u0131 i\u00e7in \u00e7izgi roman format\u0131nda modern bir anlat\u0131ya d\u00f6n\u00fc\u015ft\u00fcr\u00fcyor. Yunan mitolojisine ho\u015f geldiniz, bu mitoloji bir ba\u015fka! <\/p>\n","protected":false},"excerpt":{"rendered":"<p>Kaos denince \u2013\u00f6zellikle aile i\u00e7i kaos\u2013 kimse Titanlar\u0131n eline su d\u00f6kemez. Aile facias\u0131 dallan\u0131p budaklan\u0131yor, Titanlarla Olimposlular aras\u0131nda on y\u0131l s\u00fcrecek bir sava\u015fa d\u00f6n\u00fc\u015f\u00fcyor! Bu sava\u015fta<span class=\"excerpt-hellip\"> [\u2026]<\/span><\/p>\n","protected":false},"featured_media":0,"template":"","meta":{"_monsterinsights_skip_tracking":false,"_monsterinsights_sitenote_active":false,"_monsterinsights_sitenote_note":"","_monsterinsights_sitenote_category":0},"product_brand":[],"product_cat":[12689,12274],"product_tag":[],"class_list":{"0":"post-774098","1":"product","2":"type-product","3":"status-publish","5":"product_cat-cizgi-roman-cocuk-ve-genclik-kitaplari","6":"product_cat-cocuk-ve-genclik-kitaplari","7":"pa_cilt-ciltsiz","8":"pa_tur-kitap","9":"pa_yayinevi-domingo-yayinevi","10":"pa_yazar-stephanie-peters","12":"first","13":"instock","14":"sale","15":"shipping-taxable","16":"purchasable","17":"product-type-simple"},"_links":{"self":[{"href":"https:\/\/roveyayinevi.com.tr\/index.php\/wp-json\/wp\/v2\/product\/774098","targetHints":{"allow":["GET"]}}],"collection":[{"href":"https:\/\/roveyayinevi.com.tr\/index.php\/wp-json\/wp\/v2\/product"}],"about":[{"href":"https:\/\/roveyayinevi.com.tr\/index.php\/wp-json\/wp\/v2\/types\/product"}],"wp:attachment":[{"href":"https:\/\/roveyayinevi.com.tr\/index.php\/wp-json\/wp\/v2\/media?parent=774098"}],"wp:term":[{"taxonomy":"product_brand","embeddable":true,"href":"https:\/\/roveyayinevi.com.tr\/index.php\/wp-json\/wp\/v2\/product_brand?post=774098"},{"taxonomy":"product_cat","embeddable":true,"href":"https:\/\/roveyayinevi.com.tr\/index.php\/wp-json\/wp\/v2\/product_cat?post=774098"},{"taxonomy":"product_tag","embeddable":true,"href":"https:\/\/roveyayinevi.com.tr\/index.php\/wp-json\/wp\/v2\/product_tag?post=774098"}],"curies":[{"name":"wp","href":"https:\/\/api.w.org\/{rel}","templated":true}]}}