{"id":774097,"date":"2025-08-28T16:40:23","date_gmt":"2025-08-28T13:40:23","guid":{"rendered":"https:\/\/roveyayinevi.com.tr\/index.php\/urun\/konstantinopolis-istanbul-ciltli\/"},"modified":"2026-04-15T03:41:35","modified_gmt":"2026-04-15T00:41:35","slug":"konstantinopolis-istanbul-ciltli","status":"publish","type":"product","link":"https:\/\/roveyayinevi.com.tr\/index.php\/urun\/konstantinopolis-istanbul-ciltli\/","title":{"rendered":"Konstantinopolis \/ \u0130stanbul (Ciltli)"},"content":{"rendered":"<p>Y\u00fczlerce y\u0131l boyunca Do\u011fu Akdeniz\u2019in ba\u015fl\u0131ca siyasi, k\u00fclt\u00fcrel ve ekonomik merkezi olan Konstantinopolis\/\u0130stanbul, bir\u00e7ok defa b\u00fcy\u00fck \u00f6l\u00e7ekli kentsel m\u00fcdahalelere, iddial\u0131 mimari giri\u015fimlere sahne oldu. Bu kitap, \u0130stanbul\u2019un bug\u00fcnk\u00fc \u015feklini almas\u0131nda \u00f6nemli rol oynam\u0131\u015f b\u00f6yle bir de\u011fi\u015fim ve yeniden in\u015fa d\u00f6nemine odaklan\u0131yor: \u015eehrin 1453\u2019te Osmanl\u0131 h\u00e2kimiyetine girmesinin ard\u0131ndan ba\u015flayan, Do\u011fu Roma\u2019n\u0131n bin y\u0131ll\u0131k ba\u015fkentini Osmanl\u0131 \u0130mparatorlu\u011fu\u2019nun payitaht\u0131na d\u00f6n\u00fc\u015ft\u00fcrme projesini konu al\u0131yor. \u015eehrin Osmanl\u0131 egemenli\u011fini simgeleyen an\u0131tlarla donat\u0131lmas\u0131, II. Mehmed\u2019in emperyal vizyonu do\u011frultusunda ve yeni \u015fekillenen y\u00f6netici se\u00e7kinler tabakas\u0131n\u0131n kat\u0131l\u0131m\u0131yla ger\u00e7ekle\u015fmi\u015f; Bizans miras\u0131n\u0131n se\u00e7meci bir tav\u0131rla sahiplenildi\u011fi, R\u00f6nesans mimarl\u0131\u011f\u0131na \u00f6zg\u00fc yeni fikirlerin hayata ge\u00e7irildi\u011fi bu s\u00fcre\u00e7te, \u015fehrin in\u015fas\u0131 imparatorlu\u011fun in\u015fas\u0131yla i\u00e7 i\u00e7e ge\u00e7mi\u015fti. Konstantinopolis\/\u0130stanbul, yaln\u0131zca \u015fehrin saraylar\u0131n\u0131n, cami k\u00fclliyelerinin, an\u0131tsal hamamlar\u0131n\u0131n, konutlar\u0131n\u0131n mimarisini, ticari dokusunun kurulu\u015funu anlatmakla kalm\u0131yor, idari ve toplumsal bir birim olarak mahalle kurumuna dair kabullerimizi de sorgulayarak \u015fehrin bu d\u00f6nemdeki yerle\u015fim \u00f6r\u00fcnt\u00fclerini yeniden g\u00f6zden ge\u00e7iriyor. Ayn\u0131 d\u00f6nemde Avrupa\u2019da \u00fcretilen ve \u015fehri bir b\u00fct\u00fcn olarak g\u00f6steren tasvirler ile Osmanl\u0131 edebiyat\u0131ndaki \u0130stanbul temsilleri \u00fczerinden Kostantiniyye imgesinin in\u015fas\u0131n\u0131, i\u00e7erdi\u011fi \u00e7okanlaml\u0131l\u0131k ve mu\u011flakl\u0131klarla birlikte mercek alt\u0131na al\u0131yor. B\u00f6ylece Osmanl\u0131 d\u00f6nemi \u0130stanbul\u2019unun ilk y\u0131llar\u0131na dair, hem fiziki mek\u00e2nlar\u0131 hem de imge ve tahayy\u00fclleri kapsayan b\u00fct\u00fcnc\u00fcl bir bak\u0131\u015f a\u00e7\u0131s\u0131 sunuyor. \u00c7i\u011fdem Kafescio\u011flu\u2019nun bu \u00e7al\u0131\u015fmas\u0131, Bizans d\u00f6nemi Konstantinopolis\u2019inin k\u0131smen sahiplenilip k\u0131smen yeniden yorumlanarak erken modern d\u00f6nem \u0130stanbul\u2019una d\u00f6n\u00fc\u015fme s\u00fcrecini olanca karma\u015f\u0131kl\u0131\u011f\u0131, \u00e7eli\u015fkileri ve yol a\u00e7t\u0131\u011f\u0131 siyasi \u00e7at\u0131\u015fmalarla birlikte inceliyor. Osmanl\u0131, Bizans ve Avrupa d\u00fcnyalar\u0131 aras\u0131ndaki k\u00fclt\u00fcrel temaslarla \u015fekillenen bu ge\u00e7i\u015f d\u00f6neminde yeni ba\u015fkentin \u00e7o\u011ful kimliklerini dikkate alan bir portresini \u00e7iziyor. \u00c7i\u011fdem Kafescio\u011flu, Bo\u011fazi\u00e7i \u00dcniversitesi Tarih B\u00f6l\u00fcm\u00fc\u2019nde \u00f6\u011fretim \u00fcyesidir. Ara\u015ft\u0131rmalar\u0131 erken modern d\u00f6nem Osmanl\u0131 d\u00fcnyas\u0131nda \u015fehir, mimarl\u0131k ve g\u00f6rsel k\u00fclt\u00fcr alanlar\u0131n\u0131 kapsamaktad\u0131r. Konstantinopolis\/ \u0130stanbul adl\u0131 \u00e7al\u0131\u015fmas\u0131n\u0131n Constantinopolis\/Istanbul: Cultural Encounter, Imperial Vision, and the Construction of the Ottoman Capital (Penn State University Press, 2009) ba\u015fl\u0131kl\u0131 \u0130ngilizce asl\u0131, 2011 y\u0131l\u0131nda Mimarl\u0131k Tarih\u00e7ileri Derne\u011fi (SAH) taraf\u0131ndan Spiro Kostof Kitap \u00d6d\u00fcl\u00fc\u2019ne lay\u0131k g\u00f6r\u00fclm\u00fc\u015ft\u00fcr.<\/p>\n","protected":false},"excerpt":{"rendered":"<p>Y\u00fczlerce y\u0131l boyunca Do\u011fu Akdeniz\u2019in ba\u015fl\u0131ca siyasi, k\u00fclt\u00fcrel ve ekonomik merkezi olan Konstantinopolis\/\u0130stanbul, bir\u00e7ok defa b\u00fcy\u00fck \u00f6l\u00e7ekli kentsel m\u00fcdahalelere, iddial\u0131 mimari giri\u015fimlere sahne oldu. Bu kitap,<span class=\"excerpt-hellip\"> [\u2026]<\/span><\/p>\n","protected":false},"featured_media":0,"template":"","meta":{"_monsterinsights_skip_tracking":false,"_monsterinsights_sitenote_active":false,"_monsterinsights_sitenote_note":"","_monsterinsights_sitenote_category":0},"product_brand":[],"product_cat":[13517,12304],"product_tag":[],"class_list":{"0":"post-774097","1":"product","2":"type-product","3":"status-publish","5":"product_cat-osmanli-tarihi","6":"product_cat-tarih","7":"pa_cilt-ciltli","8":"pa_tur-kitap","9":"pa_yayinevi-koc-universitesi-yayinlari","10":"pa_yazar-cigdem-kafescioglu","12":"first","13":"instock","14":"sale","15":"shipping-taxable","16":"purchasable","17":"product-type-simple"},"_links":{"self":[{"href":"https:\/\/roveyayinevi.com.tr\/index.php\/wp-json\/wp\/v2\/product\/774097","targetHints":{"allow":["GET"]}}],"collection":[{"href":"https:\/\/roveyayinevi.com.tr\/index.php\/wp-json\/wp\/v2\/product"}],"about":[{"href":"https:\/\/roveyayinevi.com.tr\/index.php\/wp-json\/wp\/v2\/types\/product"}],"wp:attachment":[{"href":"https:\/\/roveyayinevi.com.tr\/index.php\/wp-json\/wp\/v2\/media?parent=774097"}],"wp:term":[{"taxonomy":"product_brand","embeddable":true,"href":"https:\/\/roveyayinevi.com.tr\/index.php\/wp-json\/wp\/v2\/product_brand?post=774097"},{"taxonomy":"product_cat","embeddable":true,"href":"https:\/\/roveyayinevi.com.tr\/index.php\/wp-json\/wp\/v2\/product_cat?post=774097"},{"taxonomy":"product_tag","embeddable":true,"href":"https:\/\/roveyayinevi.com.tr\/index.php\/wp-json\/wp\/v2\/product_tag?post=774097"}],"curies":[{"name":"wp","href":"https:\/\/api.w.org\/{rel}","templated":true}]}}