{"id":774092,"date":"2025-08-28T16:40:11","date_gmt":"2025-08-28T13:40:11","guid":{"rendered":"https:\/\/roveyayinevi.com.tr\/index.php\/urun\/mahser-8-kitabindaki-anlamli-veriler\/"},"modified":"2026-04-15T03:41:35","modified_gmt":"2026-04-15T00:41:35","slug":"mahser-8-kitabindaki-anlamli-veriler","status":"publish","type":"product","link":"https:\/\/roveyayinevi.com.tr\/index.php\/urun\/mahser-8-kitabindaki-anlamli-veriler\/","title":{"rendered":"Mah\u015fer 8 Kitab\u0131ndaki Anlaml\u0131 Veriler"},"content":{"rendered":"<p>Mah\u015fer 8 isimli \u00e7al\u0131\u015fma, modern hayat\u0131n, teknolojik geli\u015fmelerle kendini yapay forma d\u00f6n\u00fc\u015ft\u00fcrmesinin sonu\u00e7lar\u0131n\u0131 din ekseninde ele almay\u0131 ama\u00e7lamaktad\u0131r. Her \u00f6zg\u00fcn \u00e7al\u0131\u015fmada oldu\u011fu gibi Mah\u015fer 8 projesi de kendi yorum g\u00fcc\u00fcn\u00fc \u00e7al\u0131\u015fmada kullanm\u0131\u015ft\u0131r. Tarih boyu insanl\u0131\u011f\u0131n hangi inan\u00e7 silsilesinden ge\u00e7ti\u011fi ve g\u00fcn\u00fcm\u00fcz d\u00fcnyas\u0131nda din kavram\u0131n\u0131n nas\u0131l ele al\u0131nd\u0131\u011f\u0131, kitapta i\u015flenen di\u011fer \u00f6nemli hususlardand\u0131r. Mah\u015fer 8, James Joyce\u2019un \u201cUlysses\u201d eseri gibi farkl\u0131 bir okuma gerektiren \u00e7ok katmanl\u0131 bir yap\u0131tt\u0131r. Okuyucu kitab\u0131 her okudu\u011funda, bir ba\u015fka ger\u00e7e\u011fin daha fark\u0131na var\u0131r. Bu \u00e7ok katmanl\u0131 ve derinlikli anlat\u0131m, Mah\u015fer 8 \u00e7al\u0131\u015fmas\u0131n\u0131n en \u00f6zg\u00fcn y\u00f6n\u00fcd\u00fcr.<\/p>\n","protected":false},"excerpt":{"rendered":"<p>Mah\u015fer 8 isimli \u00e7al\u0131\u015fma, modern hayat\u0131n, teknolojik geli\u015fmelerle kendini yapay forma d\u00f6n\u00fc\u015ft\u00fcrmesinin sonu\u00e7lar\u0131n\u0131 din ekseninde ele almay\u0131 ama\u00e7lamaktad\u0131r. Her \u00f6zg\u00fcn \u00e7al\u0131\u015fmada oldu\u011fu gibi Mah\u015fer 8 projesi<span class=\"excerpt-hellip\"> [\u2026]<\/span><\/p>\n","protected":false},"featured_media":0,"template":"","meta":{"_monsterinsights_skip_tracking":false,"_monsterinsights_sitenote_active":false,"_monsterinsights_sitenote_note":"","_monsterinsights_sitenote_category":0},"product_brand":[],"product_cat":[12540,12291],"product_tag":[],"class_list":{"0":"post-774092","1":"product","2":"type-product","3":"status-publish","5":"product_cat-bilim-kurgu","6":"product_cat-edebiyat","7":"pa_cilt-ciltsiz","8":"pa_tur-kitap","9":"pa_yayinevi-luna-yayinlari","10":"pa_yazar-sinan-tastan","12":"first","13":"instock","14":"sale","15":"shipping-taxable","16":"purchasable","17":"product-type-simple"},"_links":{"self":[{"href":"https:\/\/roveyayinevi.com.tr\/index.php\/wp-json\/wp\/v2\/product\/774092","targetHints":{"allow":["GET"]}}],"collection":[{"href":"https:\/\/roveyayinevi.com.tr\/index.php\/wp-json\/wp\/v2\/product"}],"about":[{"href":"https:\/\/roveyayinevi.com.tr\/index.php\/wp-json\/wp\/v2\/types\/product"}],"wp:attachment":[{"href":"https:\/\/roveyayinevi.com.tr\/index.php\/wp-json\/wp\/v2\/media?parent=774092"}],"wp:term":[{"taxonomy":"product_brand","embeddable":true,"href":"https:\/\/roveyayinevi.com.tr\/index.php\/wp-json\/wp\/v2\/product_brand?post=774092"},{"taxonomy":"product_cat","embeddable":true,"href":"https:\/\/roveyayinevi.com.tr\/index.php\/wp-json\/wp\/v2\/product_cat?post=774092"},{"taxonomy":"product_tag","embeddable":true,"href":"https:\/\/roveyayinevi.com.tr\/index.php\/wp-json\/wp\/v2\/product_tag?post=774092"}],"curies":[{"name":"wp","href":"https:\/\/api.w.org\/{rel}","templated":true}]}}