{"id":774090,"date":"2025-08-28T16:40:08","date_gmt":"2025-08-28T13:40:08","guid":{"rendered":"https:\/\/roveyayinevi.com.tr\/index.php\/urun\/hurufu-mukattaa-kesik-heceler-serhi\/"},"modified":"2026-04-15T03:41:35","modified_gmt":"2026-04-15T00:41:35","slug":"hurufu-mukattaa-kesik-heceler-serhi","status":"publish","type":"product","link":"https:\/\/roveyayinevi.com.tr\/index.php\/urun\/hurufu-mukattaa-kesik-heceler-serhi\/","title":{"rendered":"Hurufu Mukattaa Kesik Heceler \u015eerhi"},"content":{"rendered":"<p>D\u00fcnyada i\u00e7eri\u011fi en \u00e7ok ara\u015ft\u0131r\u0131lan kitap olan Kur\u2019an-\u0131 Kerim\u2019in insanl\u0131\u011fa tebli\u011finin \u00fczerinden 1415 y\u0131l ge\u00e7mi\u015ftir. Kur\u2019an-\u0131 Kerim\u2019deki en b\u00fcy\u00fck ve en \u00f6nemli s\u0131r olarak kalan konu ise surelerin ba\u015f\u0131nda yer alan \u201cHurufu Mukattaa Heceleri\u201dnin ne anlama geldi\u011fidir. \u201cElif, Lam, Mim, Ra, Nun, Ha, Ayn, Sin, Kaf, Ya, Ta, Sad\u201d kesik hecelerinin ger\u00e7ek anlam\u0131 ve amac\u0131n\u0131n ne oldu\u011fu tespit edilememi\u015ftir. \u201cS\u0131rd\u0131r, \u015fifredir; Allah\u2019tan, Cebrail\u2019den, Peygamber\u2019den ba\u015fka kimse bilemez, anla\u015f\u0131lmaz ve anla\u015f\u0131lmas\u0131 da asla m\u00fcmk\u00fcn k\u0131l\u0131nmam\u0131\u015ft\u0131r\u2026\u201d gibi yorumlardan ba\u015fka bir \u015fey elimizde bulunmamaktad\u0131r. Bug\u00fcne dek s\u0131r kalm\u0131\u015f bu konu d\u00fcnyada ilk defa t\u00fcm ayr\u0131nt\u0131lar\u0131yla birlikte bu eserde okuyucuya sunulmu\u015ftur. \u201cHurufu Mukattaa\u201d mutlak de\u011fere sahip bir ruh m\u00fchendisli\u011finin ispat\u0131d\u0131r. En yukar\u0131 mutlak \u00e2lemden en a\u015fa\u011f\u0131 derecedeki madde \u00e2lemine kadar Allah ve varl\u0131k ili\u015fkisinin ilmi led\u00fcn alan\u0131ndaki hakikat yaz\u0131l\u0131m\u0131d\u0131r. \u0130ddial\u0131 gibi g\u00f6r\u00fcnse de art\u0131k \u015fu kesindir: \u201cHurufu Mukattaa \u015eerhi\u201d okunup \u00f6\u011frenildikten sonra Kur\u2019an-\u0131 Kerim\u2019e bak\u0131\u015f ve anlama iste\u011fi art\u0131k kesin olarak de\u011fi\u015fecektir. \u201cHurufu Mukattaa \u015eerhi\u201dnden sonra t\u00fcm tasavvuf ekollerinin, manevi ya da din eksenli anlam arayanlar\u0131n, her t\u00fcrden bilimsel inceleyicilerin bak\u0131\u015f a\u00e7\u0131lar\u0131 daha da geli\u015fecektir. \u201cHurufu Mukattaa\u201d konusuyla birlikte d\u00fcnyada ilk defa ke\u015ffedilmi\u015f \u015fu \u00fc\u00e7 ayr\u0131 devrimsel ke\u015fif de eserde yer almaktad\u0131r: \u2022 Kur\u2019an-\u0131 Kerim\u2019de 28\u2019li ilahi bir tertiplenme sisteminin mevcudiyeti, \u2022 Kur\u2019an-\u0131 Kerim\u2019deki ayetlerin beyindeki i\u015fitsel ve g\u00f6rsel zek\u00e2 sonu\u00e7lar\u0131, ruhun olgunla\u015fma seyrindeyken hareketlendi\u011fi manevi y\u00fckseli\u015flerin, ini\u015flerin, seyir ve tan\u0131kl\u0131klar\u0131n \u00e7izimleri, \u2022 Kur\u2019an-\u0131 Kerim\u2019deki \u201cd\u00f6rtl\u00fc gruplanma\u201d dereceleri ve buna ait \u00e7izelge. \u201cBu Kitap\u2019\u0131 da sana; her \u015fey i\u00e7in bir a\u00e7\u0131klama, bir hidayet ve rahmet kayna\u011f\u0131 ve M\u00fcsl\u00fcmanlar i\u00e7in bir m\u00fcjde olarak indirdik\u2026\u201d (Nahl\/89) Andolsun, bu Kur\u2019an\u2019da insanlar i\u00e7in biz her \u00f6rnekten \u00e7e\u015fitli a\u00e7\u0131klamalarda bulunduk\u2026 (Kehf\/54)<\/p>\n","protected":false},"excerpt":{"rendered":"<p>D\u00fcnyada i\u00e7eri\u011fi en \u00e7ok ara\u015ft\u0131r\u0131lan kitap olan Kur\u2019an-\u0131 Kerim\u2019in insanl\u0131\u011fa tebli\u011finin \u00fczerinden 1415 y\u0131l ge\u00e7mi\u015ftir. Kur\u2019an-\u0131 Kerim\u2019deki en b\u00fcy\u00fck ve en \u00f6nemli s\u0131r olarak kalan konu<span class=\"excerpt-hellip\"> [\u2026]<\/span><\/p>\n","protected":false},"featured_media":0,"template":"","meta":{"_monsterinsights_skip_tracking":false,"_monsterinsights_sitenote_active":false,"_monsterinsights_sitenote_note":"","_monsterinsights_sitenote_category":0},"product_brand":[],"product_cat":[12718,12719],"product_tag":[],"class_list":{"0":"post-774090","1":"product","2":"type-product","3":"status-publish","5":"product_cat-din","6":"product_cat-islam","7":"pa_cilt-ciltsiz","8":"pa_tur-kitap","9":"pa_yayinevi-la-kitap-yayinlari","10":"pa_yazar-ismail-metin","12":"first","13":"instock","14":"sale","15":"shipping-taxable","16":"purchasable","17":"product-type-simple"},"_links":{"self":[{"href":"https:\/\/roveyayinevi.com.tr\/index.php\/wp-json\/wp\/v2\/product\/774090","targetHints":{"allow":["GET"]}}],"collection":[{"href":"https:\/\/roveyayinevi.com.tr\/index.php\/wp-json\/wp\/v2\/product"}],"about":[{"href":"https:\/\/roveyayinevi.com.tr\/index.php\/wp-json\/wp\/v2\/types\/product"}],"wp:attachment":[{"href":"https:\/\/roveyayinevi.com.tr\/index.php\/wp-json\/wp\/v2\/media?parent=774090"}],"wp:term":[{"taxonomy":"product_brand","embeddable":true,"href":"https:\/\/roveyayinevi.com.tr\/index.php\/wp-json\/wp\/v2\/product_brand?post=774090"},{"taxonomy":"product_cat","embeddable":true,"href":"https:\/\/roveyayinevi.com.tr\/index.php\/wp-json\/wp\/v2\/product_cat?post=774090"},{"taxonomy":"product_tag","embeddable":true,"href":"https:\/\/roveyayinevi.com.tr\/index.php\/wp-json\/wp\/v2\/product_tag?post=774090"}],"curies":[{"name":"wp","href":"https:\/\/api.w.org\/{rel}","templated":true}]}}